{"id":2565,"date":"2020-01-28T16:13:14","date_gmt":"2020-01-28T15:13:14","guid":{"rendered":"http:\/\/www.kanopee-village.com\/suedburgund-und-beaujolais\/"},"modified":"2025-06-11T10:11:03","modified_gmt":"2025-06-11T08:11:03","slug":"suedburgund-und-beaujolais","status":"publish","type":"page","link":"https:\/\/www.kanopee-village.com\/de\/suedburgund-und-beaujolais\/","title":{"rendered":"S\u00fcdburgund und Beaujolais"},"content":{"rendered":"","protected":false},"excerpt":{"rendered":"","protected":false},"author":1,"featured_media":1062,"parent":0,"menu_order":0,"comment_status":"closed","ping_status":"closed","template":"","meta":{"_acf_changed":false,"footnotes":""},"class_list":["post-2565","page","type-page","status-publish","has-post-thumbnail","hentry"],"acf":[],"yoast_head":"<!-- This site is optimized with the Yoast SEO plugin v25.3 - https:\/\/yoast.com\/wordpress\/plugins\/seo\/ -->\n<title>Camping-Pl\u00e4tze in S\u00fcdburgund Aktivit\u00e4ten und Besuch von S\u00fcdburgund<\/title>\n<meta name=\"robots\" content=\"index, follow, max-snippet:-1, max-image-preview:large, max-video-preview:-1\" \/>\n<link rel=\"canonical\" href=\"https:\/\/www.kanopee-village.com\/de\/suedburgund-und-beaujolais\/\" \/>\n<meta property=\"og:locale\" content=\"de_DE\" \/>\n<meta property=\"og:type\" content=\"article\" \/>\n<meta property=\"og:title\" content=\"Camping-Pl\u00e4tze in S\u00fcdburgund Aktivit\u00e4ten und Besuch von S\u00fcdburgund\" \/>\n<meta property=\"og:url\" content=\"https:\/\/www.kanopee-village.com\/de\/suedburgund-und-beaujolais\/\" \/>\n<meta property=\"og:site_name\" content=\"Kanopee Village\" \/>\n<meta property=\"article:modified_time\" content=\"2025-06-11T08:11:03+00:00\" \/>\n<meta property=\"og:image\" content=\"https:\/\/www.kanopee-village.com\/wp-content\/uploads\/2019\/11\/camping-bourgogne.jpg\" \/>\n\t<meta property=\"og:image:width\" content=\"1600\" \/>\n\t<meta property=\"og:image:height\" content=\"400\" \/>\n\t<meta property=\"og:image:type\" content=\"image\/jpeg\" \/>\n<meta name=\"twitter:card\" content=\"summary_large_image\" \/>\n<meta name=\"twitter:label1\" content=\"Gesch\u00e4tzte Lesezeit\" \/>\n\t<meta name=\"twitter:data1\" content=\"1\u00a0Minute\" \/>\n<script type=\"application\/ld+json\" class=\"yoast-schema-graph\">{\"@context\":\"https:\/\/schema.org\",\"@graph\":[{\"@type\":\"WebPage\",\"@id\":\"https:\/\/www.kanopee-village.com\/de\/suedburgund-und-beaujolais\/\",\"url\":\"https:\/\/www.kanopee-village.com\/de\/suedburgund-und-beaujolais\/\",\"name\":\"Camping-Pl\u00e4tze in S\u00fcdburgund Aktivit\u00e4ten und Besuch von S\u00fcdburgund\",\"isPartOf\":{\"@id\":\"https:\/\/www.kanopee-village.com\/de\/#website\"},\"primaryImageOfPage\":{\"@id\":\"https:\/\/www.kanopee-village.com\/de\/suedburgund-und-beaujolais\/#primaryimage\"},\"image\":{\"@id\":\"https:\/\/www.kanopee-village.com\/de\/suedburgund-und-beaujolais\/#primaryimage\"},\"thumbnailUrl\":\"https:\/\/www.kanopee-village.com\/wp-content\/uploads\/2019\/11\/camping-bourgogne.jpg\",\"datePublished\":\"2020-01-28T15:13:14+00:00\",\"dateModified\":\"2025-06-11T08:11:03+00:00\",\"breadcrumb\":{\"@id\":\"https:\/\/www.kanopee-village.com\/de\/suedburgund-und-beaujolais\/#breadcrumb\"},\"inLanguage\":\"de\",\"potentialAction\":[{\"@type\":\"ReadAction\",\"target\":[\"https:\/\/www.kanopee-village.com\/de\/suedburgund-und-beaujolais\/\"]}]},{\"@type\":\"ImageObject\",\"inLanguage\":\"de\",\"@id\":\"https:\/\/www.kanopee-village.com\/de\/suedburgund-und-beaujolais\/#primaryimage\",\"url\":\"https:\/\/www.kanopee-village.com\/wp-content\/uploads\/2019\/11\/camping-bourgogne.jpg\",\"contentUrl\":\"https:\/\/www.kanopee-village.com\/wp-content\/uploads\/2019\/11\/camping-bourgogne.jpg\",\"width\":1600,\"height\":400,\"caption\":\"Burgund Camping\"},{\"@type\":\"BreadcrumbList\",\"@id\":\"https:\/\/www.kanopee-village.com\/de\/suedburgund-und-beaujolais\/#breadcrumb\",\"itemListElement\":[{\"@type\":\"ListItem\",\"position\":1,\"name\":\"Camping \u00e0 Tr\u00e9voux Ain\",\"item\":\"https:\/\/www.kanopee-village.com\/de\/\"},{\"@type\":\"ListItem\",\"position\":2,\"name\":\"Camping Burgund S\u00fcd\"}]},{\"@type\":\"WebSite\",\"@id\":\"https:\/\/www.kanopee-village.com\/de\/#website\",\"url\":\"https:\/\/www.kanopee-village.com\/de\/\",\"name\":\"Kanopee Village\",\"description\":\"\",\"inLanguage\":\"de\"}]}<\/script>\n<!-- \/ Yoast SEO plugin. -->","yoast_head_json":{"title":"Camping-Pl\u00e4tze in S\u00fcdburgund Aktivit\u00e4ten und Besuch von S\u00fcdburgund","robots":{"index":"index","follow":"follow","max-snippet":"max-snippet:-1","max-image-preview":"max-image-preview:large","max-video-preview":"max-video-preview:-1"},"canonical":"https:\/\/www.kanopee-village.com\/de\/suedburgund-und-beaujolais\/","og_locale":"de_DE","og_type":"article","og_title":"Camping-Pl\u00e4tze in S\u00fcdburgund Aktivit\u00e4ten und Besuch von S\u00fcdburgund","og_url":"https:\/\/www.kanopee-village.com\/de\/suedburgund-und-beaujolais\/","og_site_name":"Kanopee Village","article_modified_time":"2025-06-11T08:11:03+00:00","og_image":[{"width":1600,"height":400,"url":"https:\/\/www.kanopee-village.com\/wp-content\/uploads\/2019\/11\/camping-bourgogne.jpg","type":"image\/jpeg"}],"twitter_card":"summary_large_image","twitter_misc":{"Gesch\u00e4tzte Lesezeit":"1\u00a0Minute"},"schema":{"@context":"https:\/\/schema.org","@graph":[{"@type":"WebPage","@id":"https:\/\/www.kanopee-village.com\/de\/suedburgund-und-beaujolais\/","url":"https:\/\/www.kanopee-village.com\/de\/suedburgund-und-beaujolais\/","name":"Camping-Pl\u00e4tze in S\u00fcdburgund Aktivit\u00e4ten und Besuch von S\u00fcdburgund","isPartOf":{"@id":"https:\/\/www.kanopee-village.com\/de\/#website"},"primaryImageOfPage":{"@id":"https:\/\/www.kanopee-village.com\/de\/suedburgund-und-beaujolais\/#primaryimage"},"image":{"@id":"https:\/\/www.kanopee-village.com\/de\/suedburgund-und-beaujolais\/#primaryimage"},"thumbnailUrl":"https:\/\/www.kanopee-village.com\/wp-content\/uploads\/2019\/11\/camping-bourgogne.jpg","datePublished":"2020-01-28T15:13:14+00:00","dateModified":"2025-06-11T08:11:03+00:00","breadcrumb":{"@id":"https:\/\/www.kanopee-village.com\/de\/suedburgund-und-beaujolais\/#breadcrumb"},"inLanguage":"de","potentialAction":[{"@type":"ReadAction","target":["https:\/\/www.kanopee-village.com\/de\/suedburgund-und-beaujolais\/"]}]},{"@type":"ImageObject","inLanguage":"de","@id":"https:\/\/www.kanopee-village.com\/de\/suedburgund-und-beaujolais\/#primaryimage","url":"https:\/\/www.kanopee-village.com\/wp-content\/uploads\/2019\/11\/camping-bourgogne.jpg","contentUrl":"https:\/\/www.kanopee-village.com\/wp-content\/uploads\/2019\/11\/camping-bourgogne.jpg","width":1600,"height":400,"caption":"Burgund Camping"},{"@type":"BreadcrumbList","@id":"https:\/\/www.kanopee-village.com\/de\/suedburgund-und-beaujolais\/#breadcrumb","itemListElement":[{"@type":"ListItem","position":1,"name":"Camping \u00e0 Tr\u00e9voux Ain","item":"https:\/\/www.kanopee-village.com\/de\/"},{"@type":"ListItem","position":2,"name":"Camping Burgund S\u00fcd"}]},{"@type":"WebSite","@id":"https:\/\/www.kanopee-village.com\/de\/#website","url":"https:\/\/www.kanopee-village.com\/de\/","name":"Kanopee Village","description":"","inLanguage":"de"}]}},"_links":{"self":[{"href":"https:\/\/www.kanopee-village.com\/de\/wp-json\/wp\/v2\/pages\/2565"}],"collection":[{"href":"https:\/\/www.kanopee-village.com\/de\/wp-json\/wp\/v2\/pages"}],"about":[{"href":"https:\/\/www.kanopee-village.com\/de\/wp-json\/wp\/v2\/types\/page"}],"author":[{"embeddable":true,"href":"https:\/\/www.kanopee-village.com\/de\/wp-json\/wp\/v2\/users\/1"}],"replies":[{"embeddable":true,"href":"https:\/\/www.kanopee-village.com\/de\/wp-json\/wp\/v2\/comments?post=2565"}],"version-history":[{"count":12,"href":"https:\/\/www.kanopee-village.com\/de\/wp-json\/wp\/v2\/pages\/2565\/revisions"}],"predecessor-version":[{"id":7102,"href":"https:\/\/www.kanopee-village.com\/de\/wp-json\/wp\/v2\/pages\/2565\/revisions\/7102"}],"wp:featuredmedia":[{"embeddable":true,"href":"https:\/\/www.kanopee-village.com\/de\/wp-json\/wp\/v2\/media\/1062"}],"wp:attachment":[{"href":"https:\/\/www.kanopee-village.com\/de\/wp-json\/wp\/v2\/media?parent=2565"}],"curies":[{"name":"wp","href":"https:\/\/api.w.org\/{rel}","templated":true}]}}