{"id":4825,"date":"2019-11-26T16:50:48","date_gmt":"2019-11-26T15:50:48","guid":{"rendered":"https:\/\/www.kanopee-village.com\/location-mobil-home-ain\/"},"modified":"2023-05-01T16:47:17","modified_gmt":"2023-05-01T14:47:17","slug":"mobilheime","status":"publish","type":"page","link":"https:\/\/www.kanopee-village.com\/de\/startseite-lyon\/mobilheime\/","title":{"rendered":"Mobilheime"},"content":{"rendered":"","protected":false},"excerpt":{"rendered":"","protected":false},"author":1,"featured_media":3104,"parent":6351,"menu_order":0,"comment_status":"closed","ping_status":"closed","template":"","meta":{"_acf_changed":false,"footnotes":""},"class_list":["post-4825","page","type-page","status-publish","has-post-thumbnail","hentry"],"acf":[],"yoast_head":"<!-- This site is optimized with the Yoast SEO plugin v25.3 - https:\/\/yoast.com\/wordpress\/plugins\/seo\/ -->\n<title>Mobilheim vermietung Lyon | Buchen Sie einen Aufenthalt in einem Mobilheim in der N\u00e4he<\/title>\n<meta name=\"description\" content=\"Entdecken Sie alle von Kan\u00f4p\u00e9e angebotenen Ferienunterk\u00fcnfte und w\u00e4hlen Sie die Unterkunft, die zu Ihnen passt! Hochsitzh\u00fctte f\u00fcr einen ungew\u00f6hnlichen Aufenthalt oder Luxus-Mobilheim f\u00fcr einen komfortablen Urlaub?\" \/>\n<meta name=\"robots\" content=\"index, follow, max-snippet:-1, max-image-preview:large, max-video-preview:-1\" \/>\n<link rel=\"canonical\" href=\"https:\/\/www.kanopee-village.com\/de\/startseite-lyon\/mobilheime\/\" \/>\n<meta property=\"og:locale\" content=\"de_DE\" \/>\n<meta property=\"og:type\" content=\"article\" \/>\n<meta property=\"og:title\" content=\"Mobilheim vermietung Lyon | Buchen Sie einen Aufenthalt in einem Mobilheim in der N\u00e4he\" \/>\n<meta property=\"og:description\" content=\"Entdecken Sie alle von Kan\u00f4p\u00e9e angebotenen Ferienunterk\u00fcnfte und w\u00e4hlen Sie die Unterkunft, die zu Ihnen passt! Hochsitzh\u00fctte f\u00fcr einen ungew\u00f6hnlichen Aufenthalt oder Luxus-Mobilheim f\u00fcr einen komfortablen Urlaub?\" \/>\n<meta property=\"og:url\" content=\"https:\/\/www.kanopee-village.com\/de\/startseite-lyon\/mobilheime\/\" \/>\n<meta property=\"og:site_name\" content=\"Kanopee Village\" \/>\n<meta property=\"article:modified_time\" content=\"2023-05-01T14:47:17+00:00\" \/>\n<meta property=\"og:image\" content=\"https:\/\/www.kanopee-village.com\/wp-content\/uploads\/2020\/02\/location-taos-lyon.jpg\" \/>\n\t<meta property=\"og:image:width\" content=\"1920\" \/>\n\t<meta property=\"og:image:height\" content=\"888\" \/>\n\t<meta property=\"og:image:type\" content=\"image\/jpeg\" \/>\n<meta name=\"twitter:card\" content=\"summary_large_image\" \/>\n<script type=\"application\/ld+json\" class=\"yoast-schema-graph\">{\"@context\":\"https:\/\/schema.org\",\"@graph\":[{\"@type\":\"WebPage\",\"@id\":\"https:\/\/www.kanopee-village.com\/de\/startseite-lyon\/mobilheime\/\",\"url\":\"https:\/\/www.kanopee-village.com\/de\/startseite-lyon\/mobilheime\/\",\"name\":\"Mobilheim vermietung Lyon | Buchen Sie einen Aufenthalt in einem Mobilheim in der N\u00e4he\",\"isPartOf\":{\"@id\":\"https:\/\/www.kanopee-village.com\/de\/#website\"},\"primaryImageOfPage\":{\"@id\":\"https:\/\/www.kanopee-village.com\/de\/startseite-lyon\/mobilheime\/#primaryimage\"},\"image\":{\"@id\":\"https:\/\/www.kanopee-village.com\/de\/startseite-lyon\/mobilheime\/#primaryimage\"},\"thumbnailUrl\":\"https:\/\/www.kanopee-village.com\/wp-content\/uploads\/2020\/02\/location-taos-lyon.jpg\",\"datePublished\":\"2019-11-26T15:50:48+00:00\",\"dateModified\":\"2023-05-01T14:47:17+00:00\",\"description\":\"Entdecken Sie alle von Kan\u00f4p\u00e9e angebotenen Ferienunterk\u00fcnfte und w\u00e4hlen Sie die Unterkunft, die zu Ihnen passt! Hochsitzh\u00fctte f\u00fcr einen ungew\u00f6hnlichen Aufenthalt oder Luxus-Mobilheim f\u00fcr einen komfortablen Urlaub?\",\"breadcrumb\":{\"@id\":\"https:\/\/www.kanopee-village.com\/de\/startseite-lyon\/mobilheime\/#breadcrumb\"},\"inLanguage\":\"de\",\"potentialAction\":[{\"@type\":\"ReadAction\",\"target\":[\"https:\/\/www.kanopee-village.com\/de\/startseite-lyon\/mobilheime\/\"]}]},{\"@type\":\"ImageObject\",\"inLanguage\":\"de\",\"@id\":\"https:\/\/www.kanopee-village.com\/de\/startseite-lyon\/mobilheime\/#primaryimage\",\"url\":\"https:\/\/www.kanopee-village.com\/wp-content\/uploads\/2020\/02\/location-taos-lyon.jpg\",\"contentUrl\":\"https:\/\/www.kanopee-village.com\/wp-content\/uploads\/2020\/02\/location-taos-lyon.jpg\",\"width\":1920,\"height\":888,\"caption\":\"location taos lyon\"},{\"@type\":\"BreadcrumbList\",\"@id\":\"https:\/\/www.kanopee-village.com\/de\/startseite-lyon\/mobilheime\/#breadcrumb\",\"itemListElement\":[{\"@type\":\"ListItem\",\"position\":1,\"name\":\"Camping \u00e0 Tr\u00e9voux Ain\",\"item\":\"https:\/\/www.kanopee-village.com\/de\/\"},{\"@type\":\"ListItem\",\"position\":2,\"name\":\"Startseite lyon\",\"item\":\"https:\/\/www.kanopee-village.com\/de\/startseite-lyon\/\"},{\"@type\":\"ListItem\",\"position\":3,\"name\":\"Mobilheim in der N\u00e4he von Lyon mieten\"}]},{\"@type\":\"WebSite\",\"@id\":\"https:\/\/www.kanopee-village.com\/de\/#website\",\"url\":\"https:\/\/www.kanopee-village.com\/de\/\",\"name\":\"Kanopee Village\",\"description\":\"\",\"inLanguage\":\"de\"}]}<\/script>\n<!-- \/ Yoast SEO plugin. -->","yoast_head_json":{"title":"Mobilheim vermietung Lyon | Buchen Sie einen Aufenthalt in einem Mobilheim in der N\u00e4he","description":"Entdecken Sie alle von Kan\u00f4p\u00e9e angebotenen Ferienunterk\u00fcnfte und w\u00e4hlen Sie die Unterkunft, die zu Ihnen passt! Hochsitzh\u00fctte f\u00fcr einen ungew\u00f6hnlichen Aufenthalt oder Luxus-Mobilheim f\u00fcr einen komfortablen Urlaub?","robots":{"index":"index","follow":"follow","max-snippet":"max-snippet:-1","max-image-preview":"max-image-preview:large","max-video-preview":"max-video-preview:-1"},"canonical":"https:\/\/www.kanopee-village.com\/de\/startseite-lyon\/mobilheime\/","og_locale":"de_DE","og_type":"article","og_title":"Mobilheim vermietung Lyon | Buchen Sie einen Aufenthalt in einem Mobilheim in der N\u00e4he","og_description":"Entdecken Sie alle von Kan\u00f4p\u00e9e angebotenen Ferienunterk\u00fcnfte und w\u00e4hlen Sie die Unterkunft, die zu Ihnen passt! Hochsitzh\u00fctte f\u00fcr einen ungew\u00f6hnlichen Aufenthalt oder Luxus-Mobilheim f\u00fcr einen komfortablen Urlaub?","og_url":"https:\/\/www.kanopee-village.com\/de\/startseite-lyon\/mobilheime\/","og_site_name":"Kanopee Village","article_modified_time":"2023-05-01T14:47:17+00:00","og_image":[{"width":1920,"height":888,"url":"https:\/\/www.kanopee-village.com\/wp-content\/uploads\/2020\/02\/location-taos-lyon.jpg","type":"image\/jpeg"}],"twitter_card":"summary_large_image","schema":{"@context":"https:\/\/schema.org","@graph":[{"@type":"WebPage","@id":"https:\/\/www.kanopee-village.com\/de\/startseite-lyon\/mobilheime\/","url":"https:\/\/www.kanopee-village.com\/de\/startseite-lyon\/mobilheime\/","name":"Mobilheim vermietung Lyon | Buchen Sie einen Aufenthalt in einem Mobilheim in der N\u00e4he","isPartOf":{"@id":"https:\/\/www.kanopee-village.com\/de\/#website"},"primaryImageOfPage":{"@id":"https:\/\/www.kanopee-village.com\/de\/startseite-lyon\/mobilheime\/#primaryimage"},"image":{"@id":"https:\/\/www.kanopee-village.com\/de\/startseite-lyon\/mobilheime\/#primaryimage"},"thumbnailUrl":"https:\/\/www.kanopee-village.com\/wp-content\/uploads\/2020\/02\/location-taos-lyon.jpg","datePublished":"2019-11-26T15:50:48+00:00","dateModified":"2023-05-01T14:47:17+00:00","description":"Entdecken Sie alle von Kan\u00f4p\u00e9e angebotenen Ferienunterk\u00fcnfte und w\u00e4hlen Sie die Unterkunft, die zu Ihnen passt! Hochsitzh\u00fctte f\u00fcr einen ungew\u00f6hnlichen Aufenthalt oder Luxus-Mobilheim f\u00fcr einen komfortablen Urlaub?","breadcrumb":{"@id":"https:\/\/www.kanopee-village.com\/de\/startseite-lyon\/mobilheime\/#breadcrumb"},"inLanguage":"de","potentialAction":[{"@type":"ReadAction","target":["https:\/\/www.kanopee-village.com\/de\/startseite-lyon\/mobilheime\/"]}]},{"@type":"ImageObject","inLanguage":"de","@id":"https:\/\/www.kanopee-village.com\/de\/startseite-lyon\/mobilheime\/#primaryimage","url":"https:\/\/www.kanopee-village.com\/wp-content\/uploads\/2020\/02\/location-taos-lyon.jpg","contentUrl":"https:\/\/www.kanopee-village.com\/wp-content\/uploads\/2020\/02\/location-taos-lyon.jpg","width":1920,"height":888,"caption":"location taos lyon"},{"@type":"BreadcrumbList","@id":"https:\/\/www.kanopee-village.com\/de\/startseite-lyon\/mobilheime\/#breadcrumb","itemListElement":[{"@type":"ListItem","position":1,"name":"Camping \u00e0 Tr\u00e9voux Ain","item":"https:\/\/www.kanopee-village.com\/de\/"},{"@type":"ListItem","position":2,"name":"Startseite lyon","item":"https:\/\/www.kanopee-village.com\/de\/startseite-lyon\/"},{"@type":"ListItem","position":3,"name":"Mobilheim in der N\u00e4he von Lyon mieten"}]},{"@type":"WebSite","@id":"https:\/\/www.kanopee-village.com\/de\/#website","url":"https:\/\/www.kanopee-village.com\/de\/","name":"Kanopee Village","description":"","inLanguage":"de"}]}},"_links":{"self":[{"href":"https:\/\/www.kanopee-village.com\/de\/wp-json\/wp\/v2\/pages\/4825"}],"collection":[{"href":"https:\/\/www.kanopee-village.com\/de\/wp-json\/wp\/v2\/pages"}],"about":[{"href":"https:\/\/www.kanopee-village.com\/de\/wp-json\/wp\/v2\/types\/page"}],"author":[{"embeddable":true,"href":"https:\/\/www.kanopee-village.com\/de\/wp-json\/wp\/v2\/users\/1"}],"replies":[{"embeddable":true,"href":"https:\/\/www.kanopee-village.com\/de\/wp-json\/wp\/v2\/comments?post=4825"}],"version-history":[{"count":11,"href":"https:\/\/www.kanopee-village.com\/de\/wp-json\/wp\/v2\/pages\/4825\/revisions"}],"predecessor-version":[{"id":5894,"href":"https:\/\/www.kanopee-village.com\/de\/wp-json\/wp\/v2\/pages\/4825\/revisions\/5894"}],"up":[{"embeddable":true,"href":"https:\/\/www.kanopee-village.com\/de\/wp-json\/wp\/v2\/pages\/6351"}],"wp:featuredmedia":[{"embeddable":true,"href":"https:\/\/www.kanopee-village.com\/de\/wp-json\/wp\/v2\/media\/3104"}],"wp:attachment":[{"href":"https:\/\/www.kanopee-village.com\/de\/wp-json\/wp\/v2\/media?parent=4825"}],"curies":[{"name":"wp","href":"https:\/\/api.w.org\/{rel}","templated":true}]}}