{"id":4896,"date":"2019-11-26T16:52:36","date_gmt":"2019-11-26T15:52:36","guid":{"rendered":"https:\/\/www.kanopee-village.com\/location-chalet-ain\/"},"modified":"2023-05-01T15:40:31","modified_gmt":"2023-05-01T13:40:31","slug":"cottage","status":"publish","type":"page","link":"https:\/\/www.kanopee-village.com\/de\/startseite-lyon\/cottage\/","title":{"rendered":"Chalets"},"content":{"rendered":"","protected":false},"excerpt":{"rendered":"","protected":false},"author":1,"featured_media":3084,"parent":6351,"menu_order":0,"comment_status":"closed","ping_status":"closed","template":"","meta":{"_acf_changed":false,"footnotes":""},"class_list":["post-4896","page","type-page","status-publish","has-post-thumbnail","hentry"],"acf":[],"yoast_head":"<!-- This site is optimized with the Yoast SEO plugin v25.3 - https:\/\/yoast.com\/wordpress\/plugins\/seo\/ -->\n<title>Chaletvermietung Lyon | Chaletvermietung bei Lyon<\/title>\n<meta name=\"description\" content=\"Kommen Sie und leben Sie entlang der Sa\u00f4ne \u00f4 camping Kan\u00f4p\u00e9e und genie\u00dfen Sie einen naturverbundenen Aufenthalt in einer au\u00dfergew\u00f6hnlichen Unterkunft und erleben Sie einen au\u00dfergew\u00f6hnlichen und unvergesslichen Urlaub .\" \/>\n<meta name=\"robots\" content=\"index, follow, max-snippet:-1, max-image-preview:large, max-video-preview:-1\" \/>\n<link rel=\"canonical\" href=\"https:\/\/www.kanopee-village.com\/de\/startseite-lyon\/cottage\/\" \/>\n<meta property=\"og:locale\" content=\"de_DE\" \/>\n<meta property=\"og:type\" content=\"article\" \/>\n<meta property=\"og:title\" content=\"Chaletvermietung Lyon | Chaletvermietung bei Lyon\" \/>\n<meta property=\"og:description\" content=\"Kommen Sie und leben Sie entlang der Sa\u00f4ne \u00f4 camping Kan\u00f4p\u00e9e und genie\u00dfen Sie einen naturverbundenen Aufenthalt in einer au\u00dfergew\u00f6hnlichen Unterkunft und erleben Sie einen au\u00dfergew\u00f6hnlichen und unvergesslichen Urlaub .\" \/>\n<meta property=\"og:url\" content=\"https:\/\/www.kanopee-village.com\/de\/startseite-lyon\/cottage\/\" \/>\n<meta property=\"og:site_name\" content=\"Kanopee Village\" \/>\n<meta property=\"article:modified_time\" content=\"2023-05-01T13:40:31+00:00\" \/>\n<meta property=\"og:image\" content=\"https:\/\/www.kanopee-village.com\/wp-content\/uploads\/2020\/02\/location-chalet-lyon.jpg\" \/>\n\t<meta property=\"og:image:width\" content=\"1903\" \/>\n\t<meta property=\"og:image:height\" content=\"500\" \/>\n\t<meta property=\"og:image:type\" content=\"image\/jpeg\" \/>\n<meta name=\"twitter:card\" content=\"summary_large_image\" \/>\n<script type=\"application\/ld+json\" class=\"yoast-schema-graph\">{\"@context\":\"https:\/\/schema.org\",\"@graph\":[{\"@type\":\"WebPage\",\"@id\":\"https:\/\/www.kanopee-village.com\/de\/startseite-lyon\/cottage\/\",\"url\":\"https:\/\/www.kanopee-village.com\/de\/startseite-lyon\/cottage\/\",\"name\":\"Chaletvermietung Lyon | Chaletvermietung bei Lyon\",\"isPartOf\":{\"@id\":\"https:\/\/www.kanopee-village.com\/de\/#website\"},\"primaryImageOfPage\":{\"@id\":\"https:\/\/www.kanopee-village.com\/de\/startseite-lyon\/cottage\/#primaryimage\"},\"image\":{\"@id\":\"https:\/\/www.kanopee-village.com\/de\/startseite-lyon\/cottage\/#primaryimage\"},\"thumbnailUrl\":\"https:\/\/www.kanopee-village.com\/wp-content\/uploads\/2020\/02\/location-chalet-lyon.jpg\",\"datePublished\":\"2019-11-26T15:52:36+00:00\",\"dateModified\":\"2023-05-01T13:40:31+00:00\",\"description\":\"Kommen Sie und leben Sie entlang der Sa\u00f4ne \u00f4 camping Kan\u00f4p\u00e9e und genie\u00dfen Sie einen naturverbundenen Aufenthalt in einer au\u00dfergew\u00f6hnlichen Unterkunft und erleben Sie einen au\u00dfergew\u00f6hnlichen und unvergesslichen Urlaub .\",\"breadcrumb\":{\"@id\":\"https:\/\/www.kanopee-village.com\/de\/startseite-lyon\/cottage\/#breadcrumb\"},\"inLanguage\":\"de\",\"potentialAction\":[{\"@type\":\"ReadAction\",\"target\":[\"https:\/\/www.kanopee-village.com\/de\/startseite-lyon\/cottage\/\"]}]},{\"@type\":\"ImageObject\",\"inLanguage\":\"de\",\"@id\":\"https:\/\/www.kanopee-village.com\/de\/startseite-lyon\/cottage\/#primaryimage\",\"url\":\"https:\/\/www.kanopee-village.com\/wp-content\/uploads\/2020\/02\/location-chalet-lyon.jpg\",\"contentUrl\":\"https:\/\/www.kanopee-village.com\/wp-content\/uploads\/2020\/02\/location-chalet-lyon.jpg\",\"width\":1903,\"height\":500,\"caption\":\"location chalet lyon\"},{\"@type\":\"BreadcrumbList\",\"@id\":\"https:\/\/www.kanopee-village.com\/de\/startseite-lyon\/cottage\/#breadcrumb\",\"itemListElement\":[{\"@type\":\"ListItem\",\"position\":1,\"name\":\"Camping \u00e0 Tr\u00e9voux Ain\",\"item\":\"https:\/\/www.kanopee-village.com\/de\/\"},{\"@type\":\"ListItem\",\"position\":2,\"name\":\"Startseite lyon\",\"item\":\"https:\/\/www.kanopee-village.com\/de\/startseite-lyon\/\"},{\"@type\":\"ListItem\",\"position\":3,\"name\":\"Chalet mieten in Lyon\"}]},{\"@type\":\"WebSite\",\"@id\":\"https:\/\/www.kanopee-village.com\/de\/#website\",\"url\":\"https:\/\/www.kanopee-village.com\/de\/\",\"name\":\"Kanopee Village\",\"description\":\"\",\"inLanguage\":\"de\"}]}<\/script>\n<!-- \/ Yoast SEO plugin. -->","yoast_head_json":{"title":"Chaletvermietung Lyon | Chaletvermietung bei Lyon","description":"Kommen Sie und leben Sie entlang der Sa\u00f4ne \u00f4 camping Kan\u00f4p\u00e9e und genie\u00dfen Sie einen naturverbundenen Aufenthalt in einer au\u00dfergew\u00f6hnlichen Unterkunft und erleben Sie einen au\u00dfergew\u00f6hnlichen und unvergesslichen Urlaub .","robots":{"index":"index","follow":"follow","max-snippet":"max-snippet:-1","max-image-preview":"max-image-preview:large","max-video-preview":"max-video-preview:-1"},"canonical":"https:\/\/www.kanopee-village.com\/de\/startseite-lyon\/cottage\/","og_locale":"de_DE","og_type":"article","og_title":"Chaletvermietung Lyon | Chaletvermietung bei Lyon","og_description":"Kommen Sie und leben Sie entlang der Sa\u00f4ne \u00f4 camping Kan\u00f4p\u00e9e und genie\u00dfen Sie einen naturverbundenen Aufenthalt in einer au\u00dfergew\u00f6hnlichen Unterkunft und erleben Sie einen au\u00dfergew\u00f6hnlichen und unvergesslichen Urlaub .","og_url":"https:\/\/www.kanopee-village.com\/de\/startseite-lyon\/cottage\/","og_site_name":"Kanopee Village","article_modified_time":"2023-05-01T13:40:31+00:00","og_image":[{"width":1903,"height":500,"url":"https:\/\/www.kanopee-village.com\/wp-content\/uploads\/2020\/02\/location-chalet-lyon.jpg","type":"image\/jpeg"}],"twitter_card":"summary_large_image","schema":{"@context":"https:\/\/schema.org","@graph":[{"@type":"WebPage","@id":"https:\/\/www.kanopee-village.com\/de\/startseite-lyon\/cottage\/","url":"https:\/\/www.kanopee-village.com\/de\/startseite-lyon\/cottage\/","name":"Chaletvermietung Lyon | Chaletvermietung bei Lyon","isPartOf":{"@id":"https:\/\/www.kanopee-village.com\/de\/#website"},"primaryImageOfPage":{"@id":"https:\/\/www.kanopee-village.com\/de\/startseite-lyon\/cottage\/#primaryimage"},"image":{"@id":"https:\/\/www.kanopee-village.com\/de\/startseite-lyon\/cottage\/#primaryimage"},"thumbnailUrl":"https:\/\/www.kanopee-village.com\/wp-content\/uploads\/2020\/02\/location-chalet-lyon.jpg","datePublished":"2019-11-26T15:52:36+00:00","dateModified":"2023-05-01T13:40:31+00:00","description":"Kommen Sie und leben Sie entlang der Sa\u00f4ne \u00f4 camping Kan\u00f4p\u00e9e und genie\u00dfen Sie einen naturverbundenen Aufenthalt in einer au\u00dfergew\u00f6hnlichen Unterkunft und erleben Sie einen au\u00dfergew\u00f6hnlichen und unvergesslichen Urlaub .","breadcrumb":{"@id":"https:\/\/www.kanopee-village.com\/de\/startseite-lyon\/cottage\/#breadcrumb"},"inLanguage":"de","potentialAction":[{"@type":"ReadAction","target":["https:\/\/www.kanopee-village.com\/de\/startseite-lyon\/cottage\/"]}]},{"@type":"ImageObject","inLanguage":"de","@id":"https:\/\/www.kanopee-village.com\/de\/startseite-lyon\/cottage\/#primaryimage","url":"https:\/\/www.kanopee-village.com\/wp-content\/uploads\/2020\/02\/location-chalet-lyon.jpg","contentUrl":"https:\/\/www.kanopee-village.com\/wp-content\/uploads\/2020\/02\/location-chalet-lyon.jpg","width":1903,"height":500,"caption":"location chalet lyon"},{"@type":"BreadcrumbList","@id":"https:\/\/www.kanopee-village.com\/de\/startseite-lyon\/cottage\/#breadcrumb","itemListElement":[{"@type":"ListItem","position":1,"name":"Camping \u00e0 Tr\u00e9voux Ain","item":"https:\/\/www.kanopee-village.com\/de\/"},{"@type":"ListItem","position":2,"name":"Startseite lyon","item":"https:\/\/www.kanopee-village.com\/de\/startseite-lyon\/"},{"@type":"ListItem","position":3,"name":"Chalet mieten in Lyon"}]},{"@type":"WebSite","@id":"https:\/\/www.kanopee-village.com\/de\/#website","url":"https:\/\/www.kanopee-village.com\/de\/","name":"Kanopee Village","description":"","inLanguage":"de"}]}},"_links":{"self":[{"href":"https:\/\/www.kanopee-village.com\/de\/wp-json\/wp\/v2\/pages\/4896"}],"collection":[{"href":"https:\/\/www.kanopee-village.com\/de\/wp-json\/wp\/v2\/pages"}],"about":[{"href":"https:\/\/www.kanopee-village.com\/de\/wp-json\/wp\/v2\/types\/page"}],"author":[{"embeddable":true,"href":"https:\/\/www.kanopee-village.com\/de\/wp-json\/wp\/v2\/users\/1"}],"replies":[{"embeddable":true,"href":"https:\/\/www.kanopee-village.com\/de\/wp-json\/wp\/v2\/comments?post=4896"}],"version-history":[{"count":7,"href":"https:\/\/www.kanopee-village.com\/de\/wp-json\/wp\/v2\/pages\/4896\/revisions"}],"predecessor-version":[{"id":5889,"href":"https:\/\/www.kanopee-village.com\/de\/wp-json\/wp\/v2\/pages\/4896\/revisions\/5889"}],"up":[{"embeddable":true,"href":"https:\/\/www.kanopee-village.com\/de\/wp-json\/wp\/v2\/pages\/6351"}],"wp:featuredmedia":[{"embeddable":true,"href":"https:\/\/www.kanopee-village.com\/de\/wp-json\/wp\/v2\/media\/3084"}],"wp:attachment":[{"href":"https:\/\/www.kanopee-village.com\/de\/wp-json\/wp\/v2\/media?parent=4896"}],"curies":[{"name":"wp","href":"https:\/\/api.w.org\/{rel}","templated":true}]}}