{"id":4956,"date":"2019-11-29T17:38:35","date_gmt":"2019-11-29T16:38:35","guid":{"rendered":"https:\/\/www.kanopee-village.com\/home\/"},"modified":"2025-10-22T11:15:13","modified_gmt":"2025-10-22T09:15:13","slug":"accueil","status":"publish","type":"page","link":"https:\/\/www.kanopee-village.com\/de\/","title":{"rendered":"Accueil"},"content":{"rendered":"<p><br data-mce-bogus=\"1\"><\/p>\n","protected":false},"excerpt":{"rendered":"","protected":false},"author":1,"featured_media":0,"parent":0,"menu_order":0,"comment_status":"closed","ping_status":"closed","template":"","meta":{"_acf_changed":false,"footnotes":""},"class_list":["post-4956","page","type-page","status-publish","hentry"],"acf":[],"yoast_head":"<!-- This site is optimized with the Yoast SEO plugin v25.3 - https:\/\/yoast.com\/wordpress\/plugins\/seo\/ -->\n<title>Camping Ain : vacances en camping 3 \u00e9toiles \u00e0 Tr\u00e9voux<\/title>\n<meta name=\"description\" content=\"Ontdek onze camping in Tr\u00e9voux, in het departement Ain, voor een gezinsvakantie met ruime staanplaatsen en activiteiten in de natuur. Profiteer van de nabijheid van Lyon en de Alpen voor een onvergetelijk verblijf!\" \/>\n<meta name=\"robots\" content=\"index, follow, max-snippet:-1, max-image-preview:large, max-video-preview:-1\" \/>\n<link rel=\"canonical\" href=\"https:\/\/www.kanopee-village.com\/de\/\" \/>\n<meta property=\"og:locale\" content=\"de_DE\" \/>\n<meta property=\"og:type\" content=\"article\" \/>\n<meta property=\"og:title\" content=\"Camping Ain : vacances en camping 3 \u00e9toiles \u00e0 Tr\u00e9voux\" \/>\n<meta property=\"og:description\" content=\"Ontdek onze camping in Tr\u00e9voux, in het departement Ain, voor een gezinsvakantie met ruime staanplaatsen en activiteiten in de natuur. Profiteer van de nabijheid van Lyon en de Alpen voor een onvergetelijk verblijf!\" \/>\n<meta property=\"og:url\" content=\"https:\/\/www.kanopee-village.com\/de\/\" \/>\n<meta property=\"og:site_name\" content=\"Kanopee Village\" \/>\n<meta property=\"article:modified_time\" content=\"2025-10-22T09:15:13+00:00\" \/>\n<meta name=\"twitter:card\" content=\"summary_large_image\" \/>\n<script type=\"application\/ld+json\" class=\"yoast-schema-graph\">{\"@context\":\"https:\/\/schema.org\",\"@graph\":[{\"@type\":\"WebPage\",\"@id\":\"https:\/\/www.kanopee-village.com\/de\/\",\"url\":\"https:\/\/www.kanopee-village.com\/de\/\",\"name\":\"Camping Ain : vacances en camping 3 \u00e9toiles \u00e0 Tr\u00e9voux\",\"isPartOf\":{\"@id\":\"https:\/\/www.kanopee-village.com\/de\/#website\"},\"datePublished\":\"2019-11-29T16:38:35+00:00\",\"dateModified\":\"2025-10-22T09:15:13+00:00\",\"description\":\"Ontdek onze camping in Tr\u00e9voux, in het departement Ain, voor een gezinsvakantie met ruime staanplaatsen en activiteiten in de natuur. Profiteer van de nabijheid van Lyon en de Alpen voor een onvergetelijk verblijf!\",\"breadcrumb\":{\"@id\":\"https:\/\/www.kanopee-village.com\/de\/#breadcrumb\"},\"inLanguage\":\"de\",\"potentialAction\":[{\"@type\":\"ReadAction\",\"target\":[\"https:\/\/www.kanopee-village.com\/de\/\"]}]},{\"@type\":\"BreadcrumbList\",\"@id\":\"https:\/\/www.kanopee-village.com\/de\/#breadcrumb\",\"itemListElement\":[{\"@type\":\"ListItem\",\"position\":1,\"name\":\"Camping \u00e0 Tr\u00e9voux Ain\",\"item\":\"https:\/\/www.kanopee-village.com\/de\/\"},{\"@type\":\"ListItem\",\"position\":2,\"name\":\"Accueil\"}]},{\"@type\":\"WebSite\",\"@id\":\"https:\/\/www.kanopee-village.com\/de\/#website\",\"url\":\"https:\/\/www.kanopee-village.com\/de\/\",\"name\":\"Kanopee Village\",\"description\":\"\",\"inLanguage\":\"de\"}]}<\/script>\n<!-- \/ Yoast SEO plugin. -->","yoast_head_json":{"title":"Camping Ain : vacances en camping 3 \u00e9toiles \u00e0 Tr\u00e9voux","description":"Ontdek onze camping in Tr\u00e9voux, in het departement Ain, voor een gezinsvakantie met ruime staanplaatsen en activiteiten in de natuur. Profiteer van de nabijheid van Lyon en de Alpen voor een onvergetelijk verblijf!","robots":{"index":"index","follow":"follow","max-snippet":"max-snippet:-1","max-image-preview":"max-image-preview:large","max-video-preview":"max-video-preview:-1"},"canonical":"https:\/\/www.kanopee-village.com\/de\/","og_locale":"de_DE","og_type":"article","og_title":"Camping Ain : vacances en camping 3 \u00e9toiles \u00e0 Tr\u00e9voux","og_description":"Ontdek onze camping in Tr\u00e9voux, in het departement Ain, voor een gezinsvakantie met ruime staanplaatsen en activiteiten in de natuur. Profiteer van de nabijheid van Lyon en de Alpen voor een onvergetelijk verblijf!","og_url":"https:\/\/www.kanopee-village.com\/de\/","og_site_name":"Kanopee Village","article_modified_time":"2025-10-22T09:15:13+00:00","twitter_card":"summary_large_image","schema":{"@context":"https:\/\/schema.org","@graph":[{"@type":"WebPage","@id":"https:\/\/www.kanopee-village.com\/de\/","url":"https:\/\/www.kanopee-village.com\/de\/","name":"Camping Ain : vacances en camping 3 \u00e9toiles \u00e0 Tr\u00e9voux","isPartOf":{"@id":"https:\/\/www.kanopee-village.com\/de\/#website"},"datePublished":"2019-11-29T16:38:35+00:00","dateModified":"2025-10-22T09:15:13+00:00","description":"Ontdek onze camping in Tr\u00e9voux, in het departement Ain, voor een gezinsvakantie met ruime staanplaatsen en activiteiten in de natuur. Profiteer van de nabijheid van Lyon en de Alpen voor een onvergetelijk verblijf!","breadcrumb":{"@id":"https:\/\/www.kanopee-village.com\/de\/#breadcrumb"},"inLanguage":"de","potentialAction":[{"@type":"ReadAction","target":["https:\/\/www.kanopee-village.com\/de\/"]}]},{"@type":"BreadcrumbList","@id":"https:\/\/www.kanopee-village.com\/de\/#breadcrumb","itemListElement":[{"@type":"ListItem","position":1,"name":"Camping \u00e0 Tr\u00e9voux Ain","item":"https:\/\/www.kanopee-village.com\/de\/"},{"@type":"ListItem","position":2,"name":"Accueil"}]},{"@type":"WebSite","@id":"https:\/\/www.kanopee-village.com\/de\/#website","url":"https:\/\/www.kanopee-village.com\/de\/","name":"Kanopee Village","description":"","inLanguage":"de"}]}},"_links":{"self":[{"href":"https:\/\/www.kanopee-village.com\/de\/wp-json\/wp\/v2\/pages\/4956"}],"collection":[{"href":"https:\/\/www.kanopee-village.com\/de\/wp-json\/wp\/v2\/pages"}],"about":[{"href":"https:\/\/www.kanopee-village.com\/de\/wp-json\/wp\/v2\/types\/page"}],"author":[{"embeddable":true,"href":"https:\/\/www.kanopee-village.com\/de\/wp-json\/wp\/v2\/users\/1"}],"replies":[{"embeddable":true,"href":"https:\/\/www.kanopee-village.com\/de\/wp-json\/wp\/v2\/comments?post=4956"}],"version-history":[{"count":23,"href":"https:\/\/www.kanopee-village.com\/de\/wp-json\/wp\/v2\/pages\/4956\/revisions"}],"predecessor-version":[{"id":7415,"href":"https:\/\/www.kanopee-village.com\/de\/wp-json\/wp\/v2\/pages\/4956\/revisions\/7415"}],"wp:attachment":[{"href":"https:\/\/www.kanopee-village.com\/de\/wp-json\/wp\/v2\/media?parent=4956"}],"curies":[{"name":"wp","href":"https:\/\/api.w.org\/{rel}","templated":true}]}}