{"id":6351,"date":"2026-04-16T15:25:43","date_gmt":"2026-04-16T13:25:43","guid":{"rendered":"https:\/\/www.kanopee-village.com\/?page_id=6351"},"modified":"2026-04-16T15:32:55","modified_gmt":"2026-04-16T13:32:55","slug":"startseite-lyon","status":"publish","type":"page","link":"https:\/\/www.kanopee-village.com\/de\/startseite-lyon\/","title":{"rendered":"Startseite lyon"},"content":{"rendered":"","protected":false},"excerpt":{"rendered":"","protected":false},"author":12,"featured_media":0,"parent":0,"menu_order":0,"comment_status":"closed","ping_status":"closed","template":"","meta":{"_acf_changed":false,"footnotes":""},"class_list":["post-6351","page","type-page","status-publish","hentry"],"acf":[],"yoast_head":"<!-- This site is optimized with the Yoast SEO plugin v25.3 - https:\/\/yoast.com\/wordpress\/plugins\/seo\/ -->\n<title>Campingplatz Lyon Rhone Alpes | Camping 3 Sterne Trevoux Ain<\/title>\n<meta name=\"description\" content=\"Offizielle Website] Camping zwischen Lyon und Bourg en Bresse im Kanop\u00e9e Village | Stornoversicherung verf\u00fcgbar, fragen Sie nach Informationen! Ob im Zelt oder auf der H\u00fctte, genie\u00dfen Sie einen Aufenthalt der Extraklasse in der Ain!\" \/>\n<meta name=\"robots\" content=\"index, follow, max-snippet:-1, max-image-preview:large, max-video-preview:-1\" \/>\n<link rel=\"canonical\" href=\"https:\/\/www.kanopee-village.com\/de\/startseite-lyon\/\" \/>\n<meta property=\"og:locale\" content=\"de_DE\" \/>\n<meta property=\"og:type\" content=\"article\" \/>\n<meta property=\"og:title\" content=\"Campingplatz Lyon Rhone Alpes | Camping 3 Sterne Trevoux Ain\" \/>\n<meta property=\"og:description\" content=\"Offizielle Website] Camping zwischen Lyon und Bourg en Bresse im Kanop\u00e9e Village | Stornoversicherung verf\u00fcgbar, fragen Sie nach Informationen! Ob im Zelt oder auf der H\u00fctte, genie\u00dfen Sie einen Aufenthalt der Extraklasse in der Ain!\" \/>\n<meta property=\"og:url\" content=\"https:\/\/www.kanopee-village.com\/de\/startseite-lyon\/\" \/>\n<meta property=\"og:site_name\" content=\"Kanopee Village\" \/>\n<meta property=\"article:modified_time\" content=\"2026-04-16T13:32:55+00:00\" \/>\n<meta name=\"twitter:card\" content=\"summary_large_image\" \/>\n<script type=\"application\/ld+json\" class=\"yoast-schema-graph\">{\"@context\":\"https:\/\/schema.org\",\"@graph\":[{\"@type\":\"WebPage\",\"@id\":\"https:\/\/www.kanopee-village.com\/de\/startseite-lyon\/\",\"url\":\"https:\/\/www.kanopee-village.com\/de\/startseite-lyon\/\",\"name\":\"Campingplatz Lyon Rhone Alpes | Camping 3 Sterne Trevoux Ain\",\"isPartOf\":{\"@id\":\"https:\/\/www.kanopee-village.com\/de\/#website\"},\"datePublished\":\"2026-04-16T13:25:43+00:00\",\"dateModified\":\"2026-04-16T13:32:55+00:00\",\"description\":\"Offizielle Website] Camping zwischen Lyon und Bourg en Bresse im Kanop\u00e9e Village | Stornoversicherung verf\u00fcgbar, fragen Sie nach Informationen! Ob im Zelt oder auf der H\u00fctte, genie\u00dfen Sie einen Aufenthalt der Extraklasse in der Ain!\",\"breadcrumb\":{\"@id\":\"https:\/\/www.kanopee-village.com\/de\/startseite-lyon\/#breadcrumb\"},\"inLanguage\":\"de\",\"potentialAction\":[{\"@type\":\"ReadAction\",\"target\":[\"https:\/\/www.kanopee-village.com\/de\/startseite-lyon\/\"]}]},{\"@type\":\"BreadcrumbList\",\"@id\":\"https:\/\/www.kanopee-village.com\/de\/startseite-lyon\/#breadcrumb\",\"itemListElement\":[{\"@type\":\"ListItem\",\"position\":1,\"name\":\"Camping \u00e0 Tr\u00e9voux Ain\",\"item\":\"https:\/\/www.kanopee-village.com\/de\/\"},{\"@type\":\"ListItem\",\"position\":2,\"name\":\"Startseite lyon\"}]},{\"@type\":\"WebSite\",\"@id\":\"https:\/\/www.kanopee-village.com\/de\/#website\",\"url\":\"https:\/\/www.kanopee-village.com\/de\/\",\"name\":\"Kanopee Village\",\"description\":\"\",\"inLanguage\":\"de\"}]}<\/script>\n<!-- \/ Yoast SEO plugin. -->","yoast_head_json":{"title":"Campingplatz Lyon Rhone Alpes | Camping 3 Sterne Trevoux Ain","description":"Offizielle Website] Camping zwischen Lyon und Bourg en Bresse im Kanop\u00e9e Village | Stornoversicherung verf\u00fcgbar, fragen Sie nach Informationen! Ob im Zelt oder auf der H\u00fctte, genie\u00dfen Sie einen Aufenthalt der Extraklasse in der Ain!","robots":{"index":"index","follow":"follow","max-snippet":"max-snippet:-1","max-image-preview":"max-image-preview:large","max-video-preview":"max-video-preview:-1"},"canonical":"https:\/\/www.kanopee-village.com\/de\/startseite-lyon\/","og_locale":"de_DE","og_type":"article","og_title":"Campingplatz Lyon Rhone Alpes | Camping 3 Sterne Trevoux Ain","og_description":"Offizielle Website] Camping zwischen Lyon und Bourg en Bresse im Kanop\u00e9e Village | Stornoversicherung verf\u00fcgbar, fragen Sie nach Informationen! Ob im Zelt oder auf der H\u00fctte, genie\u00dfen Sie einen Aufenthalt der Extraklasse in der Ain!","og_url":"https:\/\/www.kanopee-village.com\/de\/startseite-lyon\/","og_site_name":"Kanopee Village","article_modified_time":"2026-04-16T13:32:55+00:00","twitter_card":"summary_large_image","schema":{"@context":"https:\/\/schema.org","@graph":[{"@type":"WebPage","@id":"https:\/\/www.kanopee-village.com\/de\/startseite-lyon\/","url":"https:\/\/www.kanopee-village.com\/de\/startseite-lyon\/","name":"Campingplatz Lyon Rhone Alpes | Camping 3 Sterne Trevoux Ain","isPartOf":{"@id":"https:\/\/www.kanopee-village.com\/de\/#website"},"datePublished":"2026-04-16T13:25:43+00:00","dateModified":"2026-04-16T13:32:55+00:00","description":"Offizielle Website] Camping zwischen Lyon und Bourg en Bresse im Kanop\u00e9e Village | Stornoversicherung verf\u00fcgbar, fragen Sie nach Informationen! Ob im Zelt oder auf der H\u00fctte, genie\u00dfen Sie einen Aufenthalt der Extraklasse in der Ain!","breadcrumb":{"@id":"https:\/\/www.kanopee-village.com\/de\/startseite-lyon\/#breadcrumb"},"inLanguage":"de","potentialAction":[{"@type":"ReadAction","target":["https:\/\/www.kanopee-village.com\/de\/startseite-lyon\/"]}]},{"@type":"BreadcrumbList","@id":"https:\/\/www.kanopee-village.com\/de\/startseite-lyon\/#breadcrumb","itemListElement":[{"@type":"ListItem","position":1,"name":"Camping \u00e0 Tr\u00e9voux Ain","item":"https:\/\/www.kanopee-village.com\/de\/"},{"@type":"ListItem","position":2,"name":"Startseite lyon"}]},{"@type":"WebSite","@id":"https:\/\/www.kanopee-village.com\/de\/#website","url":"https:\/\/www.kanopee-village.com\/de\/","name":"Kanopee Village","description":"","inLanguage":"de"}]}},"_links":{"self":[{"href":"https:\/\/www.kanopee-village.com\/de\/wp-json\/wp\/v2\/pages\/6351"}],"collection":[{"href":"https:\/\/www.kanopee-village.com\/de\/wp-json\/wp\/v2\/pages"}],"about":[{"href":"https:\/\/www.kanopee-village.com\/de\/wp-json\/wp\/v2\/types\/page"}],"author":[{"embeddable":true,"href":"https:\/\/www.kanopee-village.com\/de\/wp-json\/wp\/v2\/users\/12"}],"replies":[{"embeddable":true,"href":"https:\/\/www.kanopee-village.com\/de\/wp-json\/wp\/v2\/comments?post=6351"}],"version-history":[{"count":3,"href":"https:\/\/www.kanopee-village.com\/de\/wp-json\/wp\/v2\/pages\/6351\/revisions"}],"predecessor-version":[{"id":7774,"href":"https:\/\/www.kanopee-village.com\/de\/wp-json\/wp\/v2\/pages\/6351\/revisions\/7774"}],"wp:attachment":[{"href":"https:\/\/www.kanopee-village.com\/de\/wp-json\/wp\/v2\/media?parent=6351"}],"curies":[{"name":"wp","href":"https:\/\/api.w.org\/{rel}","templated":true}]}}