{"id":6450,"date":"2026-02-11T16:08:18","date_gmt":"2026-02-11T15:08:18","guid":{"rendered":"https:\/\/www.kanopee-village.com\/?page_id=6450"},"modified":"2026-02-11T16:09:06","modified_gmt":"2026-02-11T15:09:06","slug":"cottage","status":"publish","type":"page","link":"https:\/\/www.kanopee-village.com\/de\/cottage\/","title":{"rendered":"Chalets"},"content":{"rendered":"","protected":false},"excerpt":{"rendered":"","protected":false},"author":12,"featured_media":6460,"parent":0,"menu_order":0,"comment_status":"closed","ping_status":"closed","template":"","meta":{"_acf_changed":false,"footnotes":""},"class_list":["post-6450","page","type-page","status-publish","has-post-thumbnail","hentry"],"acf":[],"yoast_head":"<!-- This site is optimized with the Yoast SEO plugin v25.3 - https:\/\/yoast.com\/wordpress\/plugins\/seo\/ -->\n<title>Chaletvermietung Lyon | Chaletvermietung bei Lyon<\/title>\n<meta name=\"description\" content=\"Kommen Sie und leben Sie entlang der Sa\u00f4ne \u00f4 camping Kan\u00f4p\u00e9e und genie\u00dfen Sie einen naturverbundenen Aufenthalt in einer au\u00dfergew\u00f6hnlichen Unterkunft und erleben Sie einen au\u00dfergew\u00f6hnlichen und unvergesslichen Urlaub .\" \/>\n<meta name=\"robots\" content=\"index, follow, max-snippet:-1, max-image-preview:large, max-video-preview:-1\" \/>\n<link rel=\"canonical\" href=\"https:\/\/www.kanopee-village.com\/de\/cottage\/\" \/>\n<meta property=\"og:locale\" content=\"de_DE\" \/>\n<meta property=\"og:type\" content=\"article\" \/>\n<meta property=\"og:title\" content=\"Chaletvermietung Lyon | Chaletvermietung bei Lyon\" \/>\n<meta property=\"og:description\" content=\"Kommen Sie und leben Sie entlang der Sa\u00f4ne \u00f4 camping Kan\u00f4p\u00e9e und genie\u00dfen Sie einen naturverbundenen Aufenthalt in einer au\u00dfergew\u00f6hnlichen Unterkunft und erleben Sie einen au\u00dfergew\u00f6hnlichen und unvergesslichen Urlaub .\" \/>\n<meta property=\"og:url\" content=\"https:\/\/www.kanopee-village.com\/de\/cottage\/\" \/>\n<meta property=\"og:site_name\" content=\"Kanopee Village\" \/>\n<meta property=\"article:modified_time\" content=\"2026-02-11T15:09:06+00:00\" \/>\n<meta property=\"og:image\" content=\"https:\/\/www.kanopee-village.com\/wp-content\/uploads\/2025\/01\/location-cabane-insolite-ain.jpg\" \/>\n\t<meta property=\"og:image:width\" content=\"150\" \/>\n\t<meta property=\"og:image:height\" content=\"150\" \/>\n\t<meta property=\"og:image:type\" content=\"image\/jpeg\" \/>\n<meta name=\"twitter:card\" content=\"summary_large_image\" \/>\n<meta name=\"twitter:label1\" content=\"Gesch\u00e4tzte Lesezeit\" \/>\n\t<meta name=\"twitter:data1\" content=\"1\u00a0Minute\" \/>\n<script type=\"application\/ld+json\" class=\"yoast-schema-graph\">{\"@context\":\"https:\/\/schema.org\",\"@graph\":[{\"@type\":\"WebPage\",\"@id\":\"https:\/\/www.kanopee-village.com\/de\/cottage\/\",\"url\":\"https:\/\/www.kanopee-village.com\/de\/cottage\/\",\"name\":\"Chaletvermietung Lyon | Chaletvermietung bei Lyon\",\"isPartOf\":{\"@id\":\"https:\/\/www.kanopee-village.com\/de\/#website\"},\"primaryImageOfPage\":{\"@id\":\"https:\/\/www.kanopee-village.com\/de\/cottage\/#primaryimage\"},\"image\":{\"@id\":\"https:\/\/www.kanopee-village.com\/de\/cottage\/#primaryimage\"},\"thumbnailUrl\":\"https:\/\/www.kanopee-village.com\/wp-content\/uploads\/2025\/01\/location-cabane-insolite-ain.jpg\",\"datePublished\":\"2026-02-11T15:08:18+00:00\",\"dateModified\":\"2026-02-11T15:09:06+00:00\",\"description\":\"Kommen Sie und leben Sie entlang der Sa\u00f4ne \u00f4 camping Kan\u00f4p\u00e9e und genie\u00dfen Sie einen naturverbundenen Aufenthalt in einer au\u00dfergew\u00f6hnlichen Unterkunft und erleben Sie einen au\u00dfergew\u00f6hnlichen und unvergesslichen Urlaub .\",\"breadcrumb\":{\"@id\":\"https:\/\/www.kanopee-village.com\/de\/cottage\/#breadcrumb\"},\"inLanguage\":\"de\",\"potentialAction\":[{\"@type\":\"ReadAction\",\"target\":[\"https:\/\/www.kanopee-village.com\/de\/cottage\/\"]}]},{\"@type\":\"ImageObject\",\"inLanguage\":\"de\",\"@id\":\"https:\/\/www.kanopee-village.com\/de\/cottage\/#primaryimage\",\"url\":\"https:\/\/www.kanopee-village.com\/wp-content\/uploads\/2025\/01\/location-cabane-insolite-ain.jpg\",\"contentUrl\":\"https:\/\/www.kanopee-village.com\/wp-content\/uploads\/2025\/01\/location-cabane-insolite-ain.jpg\",\"width\":150,\"height\":150,\"caption\":\"location-cabane-insolite-ain\"},{\"@type\":\"BreadcrumbList\",\"@id\":\"https:\/\/www.kanopee-village.com\/de\/cottage\/#breadcrumb\",\"itemListElement\":[{\"@type\":\"ListItem\",\"position\":1,\"name\":\"Camping \u00e0 Tr\u00e9voux Ain\",\"item\":\"https:\/\/www.kanopee-village.com\/de\/\"},{\"@type\":\"ListItem\",\"position\":2,\"name\":\"Chalet mieten in Lyon\"}]},{\"@type\":\"WebSite\",\"@id\":\"https:\/\/www.kanopee-village.com\/de\/#website\",\"url\":\"https:\/\/www.kanopee-village.com\/de\/\",\"name\":\"Kanopee Village\",\"description\":\"\",\"inLanguage\":\"de\"}]}<\/script>\n<!-- \/ Yoast SEO plugin. -->","yoast_head_json":{"title":"Chaletvermietung Lyon | Chaletvermietung bei Lyon","description":"Kommen Sie und leben Sie entlang der Sa\u00f4ne \u00f4 camping Kan\u00f4p\u00e9e und genie\u00dfen Sie einen naturverbundenen Aufenthalt in einer au\u00dfergew\u00f6hnlichen Unterkunft und erleben Sie einen au\u00dfergew\u00f6hnlichen und unvergesslichen Urlaub .","robots":{"index":"index","follow":"follow","max-snippet":"max-snippet:-1","max-image-preview":"max-image-preview:large","max-video-preview":"max-video-preview:-1"},"canonical":"https:\/\/www.kanopee-village.com\/de\/cottage\/","og_locale":"de_DE","og_type":"article","og_title":"Chaletvermietung Lyon | Chaletvermietung bei Lyon","og_description":"Kommen Sie und leben Sie entlang der Sa\u00f4ne \u00f4 camping Kan\u00f4p\u00e9e und genie\u00dfen Sie einen naturverbundenen Aufenthalt in einer au\u00dfergew\u00f6hnlichen Unterkunft und erleben Sie einen au\u00dfergew\u00f6hnlichen und unvergesslichen Urlaub .","og_url":"https:\/\/www.kanopee-village.com\/de\/cottage\/","og_site_name":"Kanopee Village","article_modified_time":"2026-02-11T15:09:06+00:00","og_image":[{"width":150,"height":150,"url":"https:\/\/www.kanopee-village.com\/wp-content\/uploads\/2025\/01\/location-cabane-insolite-ain.jpg","type":"image\/jpeg"}],"twitter_card":"summary_large_image","twitter_misc":{"Gesch\u00e4tzte Lesezeit":"1\u00a0Minute"},"schema":{"@context":"https:\/\/schema.org","@graph":[{"@type":"WebPage","@id":"https:\/\/www.kanopee-village.com\/de\/cottage\/","url":"https:\/\/www.kanopee-village.com\/de\/cottage\/","name":"Chaletvermietung Lyon | Chaletvermietung bei Lyon","isPartOf":{"@id":"https:\/\/www.kanopee-village.com\/de\/#website"},"primaryImageOfPage":{"@id":"https:\/\/www.kanopee-village.com\/de\/cottage\/#primaryimage"},"image":{"@id":"https:\/\/www.kanopee-village.com\/de\/cottage\/#primaryimage"},"thumbnailUrl":"https:\/\/www.kanopee-village.com\/wp-content\/uploads\/2025\/01\/location-cabane-insolite-ain.jpg","datePublished":"2026-02-11T15:08:18+00:00","dateModified":"2026-02-11T15:09:06+00:00","description":"Kommen Sie und leben Sie entlang der Sa\u00f4ne \u00f4 camping Kan\u00f4p\u00e9e und genie\u00dfen Sie einen naturverbundenen Aufenthalt in einer au\u00dfergew\u00f6hnlichen Unterkunft und erleben Sie einen au\u00dfergew\u00f6hnlichen und unvergesslichen Urlaub .","breadcrumb":{"@id":"https:\/\/www.kanopee-village.com\/de\/cottage\/#breadcrumb"},"inLanguage":"de","potentialAction":[{"@type":"ReadAction","target":["https:\/\/www.kanopee-village.com\/de\/cottage\/"]}]},{"@type":"ImageObject","inLanguage":"de","@id":"https:\/\/www.kanopee-village.com\/de\/cottage\/#primaryimage","url":"https:\/\/www.kanopee-village.com\/wp-content\/uploads\/2025\/01\/location-cabane-insolite-ain.jpg","contentUrl":"https:\/\/www.kanopee-village.com\/wp-content\/uploads\/2025\/01\/location-cabane-insolite-ain.jpg","width":150,"height":150,"caption":"location-cabane-insolite-ain"},{"@type":"BreadcrumbList","@id":"https:\/\/www.kanopee-village.com\/de\/cottage\/#breadcrumb","itemListElement":[{"@type":"ListItem","position":1,"name":"Camping \u00e0 Tr\u00e9voux Ain","item":"https:\/\/www.kanopee-village.com\/de\/"},{"@type":"ListItem","position":2,"name":"Chalet mieten in Lyon"}]},{"@type":"WebSite","@id":"https:\/\/www.kanopee-village.com\/de\/#website","url":"https:\/\/www.kanopee-village.com\/de\/","name":"Kanopee Village","description":"","inLanguage":"de"}]}},"_links":{"self":[{"href":"https:\/\/www.kanopee-village.com\/de\/wp-json\/wp\/v2\/pages\/6450"}],"collection":[{"href":"https:\/\/www.kanopee-village.com\/de\/wp-json\/wp\/v2\/pages"}],"about":[{"href":"https:\/\/www.kanopee-village.com\/de\/wp-json\/wp\/v2\/types\/page"}],"author":[{"embeddable":true,"href":"https:\/\/www.kanopee-village.com\/de\/wp-json\/wp\/v2\/users\/12"}],"replies":[{"embeddable":true,"href":"https:\/\/www.kanopee-village.com\/de\/wp-json\/wp\/v2\/comments?post=6450"}],"version-history":[{"count":1,"href":"https:\/\/www.kanopee-village.com\/de\/wp-json\/wp\/v2\/pages\/6450\/revisions"}],"predecessor-version":[{"id":7619,"href":"https:\/\/www.kanopee-village.com\/de\/wp-json\/wp\/v2\/pages\/6450\/revisions\/7619"}],"wp:featuredmedia":[{"embeddable":true,"href":"https:\/\/www.kanopee-village.com\/de\/wp-json\/wp\/v2\/media\/6460"}],"wp:attachment":[{"href":"https:\/\/www.kanopee-village.com\/de\/wp-json\/wp\/v2\/media?parent=6450"}],"curies":[{"name":"wp","href":"https:\/\/api.w.org\/{rel}","templated":true}]}}