{"id":6658,"date":"2026-02-11T15:58:41","date_gmt":"2026-02-11T14:58:41","guid":{"rendered":"https:\/\/www.kanopee-village.com\/?page_id=6658"},"modified":"2026-02-11T15:58:42","modified_gmt":"2026-02-11T14:58:42","slug":"preise-und-angebote","status":"publish","type":"page","link":"https:\/\/www.kanopee-village.com\/de\/preise-und-angebote\/","title":{"rendered":"Preise und angebote"},"content":{"rendered":"","protected":false},"excerpt":{"rendered":"","protected":false},"author":12,"featured_media":1174,"parent":0,"menu_order":0,"comment_status":"closed","ping_status":"closed","template":"","meta":{"_acf_changed":false,"footnotes":""},"class_list":["post-6658","page","type-page","status-publish","has-post-thumbnail","hentry"],"acf":[],"yoast_head":"<!-- This site is optimized with the Yoast SEO plugin v25.3 - https:\/\/yoast.com\/wordpress\/plugins\/seo\/ -->\n<title>Campingplatz Lyon billig | Profitieren Sie von Sonderangeboten und Schn\u00e4ppchen<\/title>\n<meta name=\"description\" content=\"Profitieren Sie von exklusiven Angeboten im Bereich Camping und Vermietung, um \u00f6fter in den Urlaub zu fahren. Warten Sie nicht, bis es zu sp\u00e4t ist, sie zu genie\u00dfen!\" \/>\n<meta name=\"robots\" content=\"index, follow, max-snippet:-1, max-image-preview:large, max-video-preview:-1\" \/>\n<link rel=\"canonical\" href=\"https:\/\/www.kanopee-village.com\/de\/preise-und-angebote\/\" \/>\n<meta property=\"og:locale\" content=\"de_DE\" \/>\n<meta property=\"og:type\" content=\"article\" \/>\n<meta property=\"og:title\" content=\"Campingplatz Lyon billig | Profitieren Sie von Sonderangeboten und Schn\u00e4ppchen\" \/>\n<meta property=\"og:description\" content=\"Profitieren Sie von exklusiven Angeboten im Bereich Camping und Vermietung, um \u00f6fter in den Urlaub zu fahren. Warten Sie nicht, bis es zu sp\u00e4t ist, sie zu genie\u00dfen!\" \/>\n<meta property=\"og:url\" content=\"https:\/\/www.kanopee-village.com\/de\/preise-und-angebote\/\" \/>\n<meta property=\"og:site_name\" content=\"Kanopee Village\" \/>\n<meta property=\"article:modified_time\" content=\"2026-02-11T14:58:42+00:00\" \/>\n<meta property=\"og:image\" content=\"https:\/\/www.kanopee-village.com\/wp-content\/uploads\/2019\/11\/offres-et-tarifs-pas-cher-ain.jpg\" \/>\n\t<meta property=\"og:image:width\" content=\"1600\" \/>\n\t<meta property=\"og:image:height\" content=\"400\" \/>\n\t<meta property=\"og:image:type\" content=\"image\/jpeg\" \/>\n<meta name=\"twitter:card\" content=\"summary_large_image\" \/>\n<meta name=\"twitter:label1\" content=\"Gesch\u00e4tzte Lesezeit\" \/>\n\t<meta name=\"twitter:data1\" content=\"1\u00a0Minute\" \/>\n<script type=\"application\/ld+json\" class=\"yoast-schema-graph\">{\"@context\":\"https:\/\/schema.org\",\"@graph\":[{\"@type\":\"WebPage\",\"@id\":\"https:\/\/www.kanopee-village.com\/de\/preise-und-angebote\/\",\"url\":\"https:\/\/www.kanopee-village.com\/de\/preise-und-angebote\/\",\"name\":\"Campingplatz Lyon billig | Profitieren Sie von Sonderangeboten und Schn\u00e4ppchen\",\"isPartOf\":{\"@id\":\"https:\/\/www.kanopee-village.com\/de\/#website\"},\"primaryImageOfPage\":{\"@id\":\"https:\/\/www.kanopee-village.com\/de\/preise-und-angebote\/#primaryimage\"},\"image\":{\"@id\":\"https:\/\/www.kanopee-village.com\/de\/preise-und-angebote\/#primaryimage\"},\"thumbnailUrl\":\"https:\/\/www.kanopee-village.com\/wp-content\/uploads\/2019\/11\/offres-et-tarifs-pas-cher-ain.jpg\",\"datePublished\":\"2026-02-11T14:58:41+00:00\",\"dateModified\":\"2026-02-11T14:58:42+00:00\",\"description\":\"Profitieren Sie von exklusiven Angeboten im Bereich Camping und Vermietung, um \u00f6fter in den Urlaub zu fahren. Warten Sie nicht, bis es zu sp\u00e4t ist, sie zu genie\u00dfen!\",\"breadcrumb\":{\"@id\":\"https:\/\/www.kanopee-village.com\/de\/preise-und-angebote\/#breadcrumb\"},\"inLanguage\":\"de\",\"potentialAction\":[{\"@type\":\"ReadAction\",\"target\":[\"https:\/\/www.kanopee-village.com\/de\/preise-und-angebote\/\"]}]},{\"@type\":\"ImageObject\",\"inLanguage\":\"de\",\"@id\":\"https:\/\/www.kanopee-village.com\/de\/preise-und-angebote\/#primaryimage\",\"url\":\"https:\/\/www.kanopee-village.com\/wp-content\/uploads\/2019\/11\/offres-et-tarifs-pas-cher-ain.jpg\",\"contentUrl\":\"https:\/\/www.kanopee-village.com\/wp-content\/uploads\/2019\/11\/offres-et-tarifs-pas-cher-ain.jpg\",\"width\":1600,\"height\":400,\"caption\":\"g\u00fcnstige Angebote und Preise ain\"},{\"@type\":\"BreadcrumbList\",\"@id\":\"https:\/\/www.kanopee-village.com\/de\/preise-und-angebote\/#breadcrumb\",\"itemListElement\":[{\"@type\":\"ListItem\",\"position\":1,\"name\":\"Camping \u00e0 Tr\u00e9voux Ain\",\"item\":\"https:\/\/www.kanopee-village.com\/de\/\"},{\"@type\":\"ListItem\",\"position\":2,\"name\":\"G\u00fcnstiger Campingplatz Lyon\"}]},{\"@type\":\"WebSite\",\"@id\":\"https:\/\/www.kanopee-village.com\/de\/#website\",\"url\":\"https:\/\/www.kanopee-village.com\/de\/\",\"name\":\"Kanopee Village\",\"description\":\"\",\"inLanguage\":\"de\"}]}<\/script>\n<!-- \/ Yoast SEO plugin. -->","yoast_head_json":{"title":"Campingplatz Lyon billig | Profitieren Sie von Sonderangeboten und Schn\u00e4ppchen","description":"Profitieren Sie von exklusiven Angeboten im Bereich Camping und Vermietung, um \u00f6fter in den Urlaub zu fahren. Warten Sie nicht, bis es zu sp\u00e4t ist, sie zu genie\u00dfen!","robots":{"index":"index","follow":"follow","max-snippet":"max-snippet:-1","max-image-preview":"max-image-preview:large","max-video-preview":"max-video-preview:-1"},"canonical":"https:\/\/www.kanopee-village.com\/de\/preise-und-angebote\/","og_locale":"de_DE","og_type":"article","og_title":"Campingplatz Lyon billig | Profitieren Sie von Sonderangeboten und Schn\u00e4ppchen","og_description":"Profitieren Sie von exklusiven Angeboten im Bereich Camping und Vermietung, um \u00f6fter in den Urlaub zu fahren. Warten Sie nicht, bis es zu sp\u00e4t ist, sie zu genie\u00dfen!","og_url":"https:\/\/www.kanopee-village.com\/de\/preise-und-angebote\/","og_site_name":"Kanopee Village","article_modified_time":"2026-02-11T14:58:42+00:00","og_image":[{"width":1600,"height":400,"url":"https:\/\/www.kanopee-village.com\/wp-content\/uploads\/2019\/11\/offres-et-tarifs-pas-cher-ain.jpg","type":"image\/jpeg"}],"twitter_card":"summary_large_image","twitter_misc":{"Gesch\u00e4tzte Lesezeit":"1\u00a0Minute"},"schema":{"@context":"https:\/\/schema.org","@graph":[{"@type":"WebPage","@id":"https:\/\/www.kanopee-village.com\/de\/preise-und-angebote\/","url":"https:\/\/www.kanopee-village.com\/de\/preise-und-angebote\/","name":"Campingplatz Lyon billig | Profitieren Sie von Sonderangeboten und Schn\u00e4ppchen","isPartOf":{"@id":"https:\/\/www.kanopee-village.com\/de\/#website"},"primaryImageOfPage":{"@id":"https:\/\/www.kanopee-village.com\/de\/preise-und-angebote\/#primaryimage"},"image":{"@id":"https:\/\/www.kanopee-village.com\/de\/preise-und-angebote\/#primaryimage"},"thumbnailUrl":"https:\/\/www.kanopee-village.com\/wp-content\/uploads\/2019\/11\/offres-et-tarifs-pas-cher-ain.jpg","datePublished":"2026-02-11T14:58:41+00:00","dateModified":"2026-02-11T14:58:42+00:00","description":"Profitieren Sie von exklusiven Angeboten im Bereich Camping und Vermietung, um \u00f6fter in den Urlaub zu fahren. Warten Sie nicht, bis es zu sp\u00e4t ist, sie zu genie\u00dfen!","breadcrumb":{"@id":"https:\/\/www.kanopee-village.com\/de\/preise-und-angebote\/#breadcrumb"},"inLanguage":"de","potentialAction":[{"@type":"ReadAction","target":["https:\/\/www.kanopee-village.com\/de\/preise-und-angebote\/"]}]},{"@type":"ImageObject","inLanguage":"de","@id":"https:\/\/www.kanopee-village.com\/de\/preise-und-angebote\/#primaryimage","url":"https:\/\/www.kanopee-village.com\/wp-content\/uploads\/2019\/11\/offres-et-tarifs-pas-cher-ain.jpg","contentUrl":"https:\/\/www.kanopee-village.com\/wp-content\/uploads\/2019\/11\/offres-et-tarifs-pas-cher-ain.jpg","width":1600,"height":400,"caption":"g\u00fcnstige Angebote und Preise ain"},{"@type":"BreadcrumbList","@id":"https:\/\/www.kanopee-village.com\/de\/preise-und-angebote\/#breadcrumb","itemListElement":[{"@type":"ListItem","position":1,"name":"Camping \u00e0 Tr\u00e9voux Ain","item":"https:\/\/www.kanopee-village.com\/de\/"},{"@type":"ListItem","position":2,"name":"G\u00fcnstiger Campingplatz Lyon"}]},{"@type":"WebSite","@id":"https:\/\/www.kanopee-village.com\/de\/#website","url":"https:\/\/www.kanopee-village.com\/de\/","name":"Kanopee Village","description":"","inLanguage":"de"}]}},"_links":{"self":[{"href":"https:\/\/www.kanopee-village.com\/de\/wp-json\/wp\/v2\/pages\/6658"}],"collection":[{"href":"https:\/\/www.kanopee-village.com\/de\/wp-json\/wp\/v2\/pages"}],"about":[{"href":"https:\/\/www.kanopee-village.com\/de\/wp-json\/wp\/v2\/types\/page"}],"author":[{"embeddable":true,"href":"https:\/\/www.kanopee-village.com\/de\/wp-json\/wp\/v2\/users\/12"}],"replies":[{"embeddable":true,"href":"https:\/\/www.kanopee-village.com\/de\/wp-json\/wp\/v2\/comments?post=6658"}],"version-history":[{"count":1,"href":"https:\/\/www.kanopee-village.com\/de\/wp-json\/wp\/v2\/pages\/6658\/revisions"}],"predecessor-version":[{"id":7616,"href":"https:\/\/www.kanopee-village.com\/de\/wp-json\/wp\/v2\/pages\/6658\/revisions\/7616"}],"wp:featuredmedia":[{"embeddable":true,"href":"https:\/\/www.kanopee-village.com\/de\/wp-json\/wp\/v2\/media\/1174"}],"wp:attachment":[{"href":"https:\/\/www.kanopee-village.com\/de\/wp-json\/wp\/v2\/media?parent=6658"}],"curies":[{"name":"wp","href":"https:\/\/api.w.org\/{rel}","templated":true}]}}