{"id":6410,"date":"2026-03-23T16:15:17","date_gmt":"2026-03-23T15:15:17","guid":{"rendered":"https:\/\/www.kanopee-village.com\/?page_id=6410"},"modified":"2026-03-23T16:15:18","modified_gmt":"2026-03-23T15:15:18","slug":"cottages","status":"publish","type":"page","link":"https:\/\/www.kanopee-village.com\/en\/cottages\/","title":{"rendered":"Cottages"},"content":{"rendered":"","protected":false},"excerpt":{"rendered":"","protected":false},"author":12,"featured_media":6442,"parent":0,"menu_order":0,"comment_status":"closed","ping_status":"closed","template":"","meta":{"_acf_changed":false,"footnotes":""},"class_list":["post-6410","page","type-page","status-publish","has-post-thumbnail","hentry"],"acf":[],"yoast_head":"<!-- This site is optimized with the Yoast SEO plugin v25.3 - https:\/\/yoast.com\/wordpress\/plugins\/seo\/ -->\n<title>Chalet rental Lyon | Chalet rental near Lyon<\/title>\n<meta name=\"description\" content=\"Come and live along the Sa\u00f4ne \u00f4 camping Kan\u00f4p\u00e9e and enjoy a stay connected to nature in unusual accommodation and enjoy an exceptional and unforgettable holiday .\" \/>\n<meta name=\"robots\" content=\"index, follow, max-snippet:-1, max-image-preview:large, max-video-preview:-1\" \/>\n<link rel=\"canonical\" href=\"https:\/\/www.kanopee-village.com\/en\/cottages\/\" \/>\n<meta property=\"og:locale\" content=\"en_US\" \/>\n<meta property=\"og:type\" content=\"article\" \/>\n<meta property=\"og:title\" content=\"Chalet rental Lyon | Chalet rental near Lyon\" \/>\n<meta property=\"og:description\" content=\"Come and live along the Sa\u00f4ne \u00f4 camping Kan\u00f4p\u00e9e and enjoy a stay connected to nature in unusual accommodation and enjoy an exceptional and unforgettable holiday .\" \/>\n<meta property=\"og:url\" content=\"https:\/\/www.kanopee-village.com\/en\/cottages\/\" \/>\n<meta property=\"og:site_name\" content=\"Kanopee Village\" \/>\n<meta property=\"article:modified_time\" content=\"2026-03-23T15:15:18+00:00\" \/>\n<meta property=\"og:image\" content=\"https:\/\/www.kanopee-village.com\/wp-content\/uploads\/2025\/01\/location-chalet-ain.jpg\" \/>\n\t<meta property=\"og:image:width\" content=\"1024\" \/>\n\t<meta property=\"og:image:height\" content=\"269\" \/>\n\t<meta property=\"og:image:type\" content=\"image\/jpeg\" \/>\n<meta name=\"twitter:card\" content=\"summary_large_image\" \/>\n<meta name=\"twitter:label1\" content=\"Est. reading time\" \/>\n\t<meta name=\"twitter:data1\" content=\"1 minute\" \/>\n<script type=\"application\/ld+json\" class=\"yoast-schema-graph\">{\"@context\":\"https:\/\/schema.org\",\"@graph\":[{\"@type\":\"WebPage\",\"@id\":\"https:\/\/www.kanopee-village.com\/en\/cottages\/\",\"url\":\"https:\/\/www.kanopee-village.com\/en\/cottages\/\",\"name\":\"Chalet rental Lyon | Chalet rental near Lyon\",\"isPartOf\":{\"@id\":\"https:\/\/www.kanopee-village.com\/en\/#website\"},\"primaryImageOfPage\":{\"@id\":\"https:\/\/www.kanopee-village.com\/en\/cottages\/#primaryimage\"},\"image\":{\"@id\":\"https:\/\/www.kanopee-village.com\/en\/cottages\/#primaryimage\"},\"thumbnailUrl\":\"https:\/\/www.kanopee-village.com\/wp-content\/uploads\/2025\/01\/location-chalet-ain.jpg\",\"datePublished\":\"2026-03-23T15:15:17+00:00\",\"dateModified\":\"2026-03-23T15:15:18+00:00\",\"description\":\"Come and live along the Sa\u00f4ne \u00f4 camping Kan\u00f4p\u00e9e and enjoy a stay connected to nature in unusual accommodation and enjoy an exceptional and unforgettable holiday .\",\"breadcrumb\":{\"@id\":\"https:\/\/www.kanopee-village.com\/en\/cottages\/#breadcrumb\"},\"inLanguage\":\"en-US\",\"potentialAction\":[{\"@type\":\"ReadAction\",\"target\":[\"https:\/\/www.kanopee-village.com\/en\/cottages\/\"]}]},{\"@type\":\"ImageObject\",\"inLanguage\":\"en-US\",\"@id\":\"https:\/\/www.kanopee-village.com\/en\/cottages\/#primaryimage\",\"url\":\"https:\/\/www.kanopee-village.com\/wp-content\/uploads\/2025\/01\/location-chalet-ain.jpg\",\"contentUrl\":\"https:\/\/www.kanopee-village.com\/wp-content\/uploads\/2025\/01\/location-chalet-ain.jpg\",\"width\":1024,\"height\":269,\"caption\":\"location-chalet-ain\"},{\"@type\":\"BreadcrumbList\",\"@id\":\"https:\/\/www.kanopee-village.com\/en\/cottages\/#breadcrumb\",\"itemListElement\":[{\"@type\":\"ListItem\",\"position\":1,\"name\":\"Camping \u00e0 Tr\u00e9voux Ain\",\"item\":\"https:\/\/www.kanopee-village.com\/en\/\"},{\"@type\":\"ListItem\",\"position\":2,\"name\":\"Rent a cottage in Lyon\"}]},{\"@type\":\"WebSite\",\"@id\":\"https:\/\/www.kanopee-village.com\/en\/#website\",\"url\":\"https:\/\/www.kanopee-village.com\/en\/\",\"name\":\"Kanopee Village\",\"description\":\"\",\"inLanguage\":\"en-US\"}]}<\/script>\n<!-- \/ Yoast SEO plugin. -->","yoast_head_json":{"title":"Chalet rental Lyon | Chalet rental near Lyon","description":"Come and live along the Sa\u00f4ne \u00f4 camping Kan\u00f4p\u00e9e and enjoy a stay connected to nature in unusual accommodation and enjoy an exceptional and unforgettable holiday .","robots":{"index":"index","follow":"follow","max-snippet":"max-snippet:-1","max-image-preview":"max-image-preview:large","max-video-preview":"max-video-preview:-1"},"canonical":"https:\/\/www.kanopee-village.com\/en\/cottages\/","og_locale":"en_US","og_type":"article","og_title":"Chalet rental Lyon | Chalet rental near Lyon","og_description":"Come and live along the Sa\u00f4ne \u00f4 camping Kan\u00f4p\u00e9e and enjoy a stay connected to nature in unusual accommodation and enjoy an exceptional and unforgettable holiday .","og_url":"https:\/\/www.kanopee-village.com\/en\/cottages\/","og_site_name":"Kanopee Village","article_modified_time":"2026-03-23T15:15:18+00:00","og_image":[{"width":1024,"height":269,"url":"https:\/\/www.kanopee-village.com\/wp-content\/uploads\/2025\/01\/location-chalet-ain.jpg","type":"image\/jpeg"}],"twitter_card":"summary_large_image","twitter_misc":{"Est. reading time":"1 minute"},"schema":{"@context":"https:\/\/schema.org","@graph":[{"@type":"WebPage","@id":"https:\/\/www.kanopee-village.com\/en\/cottages\/","url":"https:\/\/www.kanopee-village.com\/en\/cottages\/","name":"Chalet rental Lyon | Chalet rental near Lyon","isPartOf":{"@id":"https:\/\/www.kanopee-village.com\/en\/#website"},"primaryImageOfPage":{"@id":"https:\/\/www.kanopee-village.com\/en\/cottages\/#primaryimage"},"image":{"@id":"https:\/\/www.kanopee-village.com\/en\/cottages\/#primaryimage"},"thumbnailUrl":"https:\/\/www.kanopee-village.com\/wp-content\/uploads\/2025\/01\/location-chalet-ain.jpg","datePublished":"2026-03-23T15:15:17+00:00","dateModified":"2026-03-23T15:15:18+00:00","description":"Come and live along the Sa\u00f4ne \u00f4 camping Kan\u00f4p\u00e9e and enjoy a stay connected to nature in unusual accommodation and enjoy an exceptional and unforgettable holiday .","breadcrumb":{"@id":"https:\/\/www.kanopee-village.com\/en\/cottages\/#breadcrumb"},"inLanguage":"en-US","potentialAction":[{"@type":"ReadAction","target":["https:\/\/www.kanopee-village.com\/en\/cottages\/"]}]},{"@type":"ImageObject","inLanguage":"en-US","@id":"https:\/\/www.kanopee-village.com\/en\/cottages\/#primaryimage","url":"https:\/\/www.kanopee-village.com\/wp-content\/uploads\/2025\/01\/location-chalet-ain.jpg","contentUrl":"https:\/\/www.kanopee-village.com\/wp-content\/uploads\/2025\/01\/location-chalet-ain.jpg","width":1024,"height":269,"caption":"location-chalet-ain"},{"@type":"BreadcrumbList","@id":"https:\/\/www.kanopee-village.com\/en\/cottages\/#breadcrumb","itemListElement":[{"@type":"ListItem","position":1,"name":"Camping \u00e0 Tr\u00e9voux Ain","item":"https:\/\/www.kanopee-village.com\/en\/"},{"@type":"ListItem","position":2,"name":"Rent a cottage in Lyon"}]},{"@type":"WebSite","@id":"https:\/\/www.kanopee-village.com\/en\/#website","url":"https:\/\/www.kanopee-village.com\/en\/","name":"Kanopee Village","description":"","inLanguage":"en-US"}]}},"_links":{"self":[{"href":"https:\/\/www.kanopee-village.com\/en\/wp-json\/wp\/v2\/pages\/6410"}],"collection":[{"href":"https:\/\/www.kanopee-village.com\/en\/wp-json\/wp\/v2\/pages"}],"about":[{"href":"https:\/\/www.kanopee-village.com\/en\/wp-json\/wp\/v2\/types\/page"}],"author":[{"embeddable":true,"href":"https:\/\/www.kanopee-village.com\/en\/wp-json\/wp\/v2\/users\/12"}],"replies":[{"embeddable":true,"href":"https:\/\/www.kanopee-village.com\/en\/wp-json\/wp\/v2\/comments?post=6410"}],"version-history":[{"count":1,"href":"https:\/\/www.kanopee-village.com\/en\/wp-json\/wp\/v2\/pages\/6410\/revisions"}],"predecessor-version":[{"id":7727,"href":"https:\/\/www.kanopee-village.com\/en\/wp-json\/wp\/v2\/pages\/6410\/revisions\/7727"}],"wp:featuredmedia":[{"embeddable":true,"href":"https:\/\/www.kanopee-village.com\/en\/wp-json\/wp\/v2\/media\/6442"}],"wp:attachment":[{"href":"https:\/\/www.kanopee-village.com\/en\/wp-json\/wp\/v2\/media?parent=6410"}],"curies":[{"name":"wp","href":"https:\/\/api.w.org\/{rel}","templated":true}]}}