{"id":3154,"date":"2020-02-25T16:39:38","date_gmt":"2020-02-25T15:39:38","guid":{"rendered":"https:\/\/www.kanopee-village.com\/?page_id=3154"},"modified":"2025-01-24T15:39:12","modified_gmt":"2025-01-24T14:39:12","slug":"camping-hiver","status":"publish","type":"page","link":"https:\/\/www.kanopee-village.com\/fr\/camping-ouvert-toute-annee-ain\/camping-hiver\/","title":{"rendered":"Camping ouvert en hiver"},"content":{"rendered":"","protected":false},"excerpt":{"rendered":"","protected":false},"author":1,"featured_media":3155,"parent":458,"menu_order":0,"comment_status":"closed","ping_status":"closed","template":"","meta":{"_acf_changed":false,"footnotes":""},"class_list":["post-3154","page","type-page","status-publish","has-post-thumbnail","hentry"],"acf":[],"yoast_head":"<!-- This site is optimized with the Yoast SEO plugin v25.3 - https:\/\/yoast.com\/wordpress\/plugins\/seo\/ -->\n<title>Camping ouvert en hiver | Vacances en camping en hiver | Camping d&#039;hiver<\/title>\n<meta name=\"description\" content=\"Vous cherchez un camping ouvert en hiver ? Profitez d&#039;un s\u00e9jour pr\u00e8s de Lyon en hiver, d\u00e9couvrez nos h\u00e9bergements de prestige et notre piscine\" \/>\n<meta name=\"robots\" content=\"index, follow, max-snippet:-1, max-image-preview:large, max-video-preview:-1\" \/>\n<link rel=\"canonical\" href=\"https:\/\/www.kanopee-village.com\/fr\/camping-ouvert-toute-annee-ain\/camping-hiver\/\" \/>\n<meta property=\"og:locale\" content=\"fr_FR\" \/>\n<meta property=\"og:type\" content=\"article\" \/>\n<meta property=\"og:title\" content=\"Camping ouvert en hiver | Vacances en camping en hiver | Camping d&#039;hiver\" \/>\n<meta property=\"og:description\" content=\"Vous cherchez un camping ouvert en hiver ? Profitez d&#039;un s\u00e9jour pr\u00e8s de Lyon en hiver, d\u00e9couvrez nos h\u00e9bergements de prestige et notre piscine\" \/>\n<meta property=\"og:url\" content=\"https:\/\/www.kanopee-village.com\/fr\/camping-ouvert-toute-annee-ain\/camping-hiver\/\" \/>\n<meta property=\"og:site_name\" content=\"Kanopee Village\" \/>\n<meta property=\"article:modified_time\" content=\"2025-01-24T14:39:12+00:00\" \/>\n<meta property=\"og:image\" content=\"https:\/\/www.kanopee-village.com\/wp-content\/uploads\/2020\/02\/vacances-camping-hiver.jpg\" \/>\n\t<meta property=\"og:image:width\" content=\"1500\" \/>\n\t<meta property=\"og:image:height\" content=\"500\" \/>\n\t<meta property=\"og:image:type\" content=\"image\/jpeg\" \/>\n<meta name=\"twitter:card\" content=\"summary_large_image\" \/>\n<meta name=\"twitter:label1\" content=\"Dur\u00e9e de lecture estim\u00e9e\" \/>\n\t<meta name=\"twitter:data1\" content=\"1 minute\" \/>\n<script type=\"application\/ld+json\" class=\"yoast-schema-graph\">{\"@context\":\"https:\/\/schema.org\",\"@graph\":[{\"@type\":\"WebPage\",\"@id\":\"https:\/\/www.kanopee-village.com\/fr\/camping-ouvert-toute-annee-ain\/camping-hiver\/\",\"url\":\"https:\/\/www.kanopee-village.com\/fr\/camping-ouvert-toute-annee-ain\/camping-hiver\/\",\"name\":\"Camping ouvert en hiver | Vacances en camping en hiver | Camping d'hiver\",\"isPartOf\":{\"@id\":\"https:\/\/www.kanopee-village.com\/fr\/#website\"},\"primaryImageOfPage\":{\"@id\":\"https:\/\/www.kanopee-village.com\/fr\/camping-ouvert-toute-annee-ain\/camping-hiver\/#primaryimage\"},\"image\":{\"@id\":\"https:\/\/www.kanopee-village.com\/fr\/camping-ouvert-toute-annee-ain\/camping-hiver\/#primaryimage\"},\"thumbnailUrl\":\"https:\/\/www.kanopee-village.com\/wp-content\/uploads\/2020\/02\/vacances-camping-hiver.jpg\",\"datePublished\":\"2020-02-25T15:39:38+00:00\",\"dateModified\":\"2025-01-24T14:39:12+00:00\",\"description\":\"Vous cherchez un camping ouvert en hiver ? Profitez d'un s\u00e9jour pr\u00e8s de Lyon en hiver, d\u00e9couvrez nos h\u00e9bergements de prestige et notre piscine\",\"breadcrumb\":{\"@id\":\"https:\/\/www.kanopee-village.com\/fr\/camping-ouvert-toute-annee-ain\/camping-hiver\/#breadcrumb\"},\"inLanguage\":\"fr-FR\",\"potentialAction\":[{\"@type\":\"ReadAction\",\"target\":[\"https:\/\/www.kanopee-village.com\/fr\/camping-ouvert-toute-annee-ain\/camping-hiver\/\"]}]},{\"@type\":\"ImageObject\",\"inLanguage\":\"fr-FR\",\"@id\":\"https:\/\/www.kanopee-village.com\/fr\/camping-ouvert-toute-annee-ain\/camping-hiver\/#primaryimage\",\"url\":\"https:\/\/www.kanopee-village.com\/wp-content\/uploads\/2020\/02\/vacances-camping-hiver.jpg\",\"contentUrl\":\"https:\/\/www.kanopee-village.com\/wp-content\/uploads\/2020\/02\/vacances-camping-hiver.jpg\",\"width\":1500,\"height\":500,\"caption\":\"camping en hiver\"},{\"@type\":\"BreadcrumbList\",\"@id\":\"https:\/\/www.kanopee-village.com\/fr\/camping-ouvert-toute-annee-ain\/camping-hiver\/#breadcrumb\",\"itemListElement\":[{\"@type\":\"ListItem\",\"position\":1,\"name\":\"Camping \u00e0 Tr\u00e9voux Ain\",\"item\":\"https:\/\/www.kanopee-village.com\/fr\/\"},{\"@type\":\"ListItem\",\"position\":2,\"name\":\"Camping ouvert toute l'ann\u00e9e\",\"item\":\"https:\/\/www.kanopee-village.com\/fr\/camping-ouvert-toute-annee-ain\/\"},{\"@type\":\"ListItem\",\"position\":3,\"name\":\"S\u00e9jour camping en hiver\"}]},{\"@type\":\"WebSite\",\"@id\":\"https:\/\/www.kanopee-village.com\/fr\/#website\",\"url\":\"https:\/\/www.kanopee-village.com\/fr\/\",\"name\":\"Kanopee Village\",\"description\":\"\",\"inLanguage\":\"fr-FR\"}]}<\/script>\n<!-- \/ Yoast SEO plugin. -->","yoast_head_json":{"title":"Camping ouvert en hiver | Vacances en camping en hiver | Camping d'hiver","description":"Vous cherchez un camping ouvert en hiver ? Profitez d'un s\u00e9jour pr\u00e8s de Lyon en hiver, d\u00e9couvrez nos h\u00e9bergements de prestige et notre piscine","robots":{"index":"index","follow":"follow","max-snippet":"max-snippet:-1","max-image-preview":"max-image-preview:large","max-video-preview":"max-video-preview:-1"},"canonical":"https:\/\/www.kanopee-village.com\/fr\/camping-ouvert-toute-annee-ain\/camping-hiver\/","og_locale":"fr_FR","og_type":"article","og_title":"Camping ouvert en hiver | Vacances en camping en hiver | Camping d'hiver","og_description":"Vous cherchez un camping ouvert en hiver ? Profitez d'un s\u00e9jour pr\u00e8s de Lyon en hiver, d\u00e9couvrez nos h\u00e9bergements de prestige et notre piscine","og_url":"https:\/\/www.kanopee-village.com\/fr\/camping-ouvert-toute-annee-ain\/camping-hiver\/","og_site_name":"Kanopee Village","article_modified_time":"2025-01-24T14:39:12+00:00","og_image":[{"width":1500,"height":500,"url":"https:\/\/www.kanopee-village.com\/wp-content\/uploads\/2020\/02\/vacances-camping-hiver.jpg","type":"image\/jpeg"}],"twitter_card":"summary_large_image","twitter_misc":{"Dur\u00e9e de lecture estim\u00e9e":"1 minute"},"schema":{"@context":"https:\/\/schema.org","@graph":[{"@type":"WebPage","@id":"https:\/\/www.kanopee-village.com\/fr\/camping-ouvert-toute-annee-ain\/camping-hiver\/","url":"https:\/\/www.kanopee-village.com\/fr\/camping-ouvert-toute-annee-ain\/camping-hiver\/","name":"Camping ouvert en hiver | Vacances en camping en hiver | Camping d'hiver","isPartOf":{"@id":"https:\/\/www.kanopee-village.com\/fr\/#website"},"primaryImageOfPage":{"@id":"https:\/\/www.kanopee-village.com\/fr\/camping-ouvert-toute-annee-ain\/camping-hiver\/#primaryimage"},"image":{"@id":"https:\/\/www.kanopee-village.com\/fr\/camping-ouvert-toute-annee-ain\/camping-hiver\/#primaryimage"},"thumbnailUrl":"https:\/\/www.kanopee-village.com\/wp-content\/uploads\/2020\/02\/vacances-camping-hiver.jpg","datePublished":"2020-02-25T15:39:38+00:00","dateModified":"2025-01-24T14:39:12+00:00","description":"Vous cherchez un camping ouvert en hiver ? Profitez d'un s\u00e9jour pr\u00e8s de Lyon en hiver, d\u00e9couvrez nos h\u00e9bergements de prestige et notre piscine","breadcrumb":{"@id":"https:\/\/www.kanopee-village.com\/fr\/camping-ouvert-toute-annee-ain\/camping-hiver\/#breadcrumb"},"inLanguage":"fr-FR","potentialAction":[{"@type":"ReadAction","target":["https:\/\/www.kanopee-village.com\/fr\/camping-ouvert-toute-annee-ain\/camping-hiver\/"]}]},{"@type":"ImageObject","inLanguage":"fr-FR","@id":"https:\/\/www.kanopee-village.com\/fr\/camping-ouvert-toute-annee-ain\/camping-hiver\/#primaryimage","url":"https:\/\/www.kanopee-village.com\/wp-content\/uploads\/2020\/02\/vacances-camping-hiver.jpg","contentUrl":"https:\/\/www.kanopee-village.com\/wp-content\/uploads\/2020\/02\/vacances-camping-hiver.jpg","width":1500,"height":500,"caption":"camping en hiver"},{"@type":"BreadcrumbList","@id":"https:\/\/www.kanopee-village.com\/fr\/camping-ouvert-toute-annee-ain\/camping-hiver\/#breadcrumb","itemListElement":[{"@type":"ListItem","position":1,"name":"Camping \u00e0 Tr\u00e9voux Ain","item":"https:\/\/www.kanopee-village.com\/fr\/"},{"@type":"ListItem","position":2,"name":"Camping ouvert toute l'ann\u00e9e","item":"https:\/\/www.kanopee-village.com\/fr\/camping-ouvert-toute-annee-ain\/"},{"@type":"ListItem","position":3,"name":"S\u00e9jour camping en hiver"}]},{"@type":"WebSite","@id":"https:\/\/www.kanopee-village.com\/fr\/#website","url":"https:\/\/www.kanopee-village.com\/fr\/","name":"Kanopee Village","description":"","inLanguage":"fr-FR"}]}},"_links":{"self":[{"href":"https:\/\/www.kanopee-village.com\/fr\/wp-json\/wp\/v2\/pages\/3154"}],"collection":[{"href":"https:\/\/www.kanopee-village.com\/fr\/wp-json\/wp\/v2\/pages"}],"about":[{"href":"https:\/\/www.kanopee-village.com\/fr\/wp-json\/wp\/v2\/types\/page"}],"author":[{"embeddable":true,"href":"https:\/\/www.kanopee-village.com\/fr\/wp-json\/wp\/v2\/users\/1"}],"replies":[{"embeddable":true,"href":"https:\/\/www.kanopee-village.com\/fr\/wp-json\/wp\/v2\/comments?post=3154"}],"version-history":[{"count":14,"href":"https:\/\/www.kanopee-village.com\/fr\/wp-json\/wp\/v2\/pages\/3154\/revisions"}],"predecessor-version":[{"id":6615,"href":"https:\/\/www.kanopee-village.com\/fr\/wp-json\/wp\/v2\/pages\/3154\/revisions\/6615"}],"up":[{"embeddable":true,"href":"https:\/\/www.kanopee-village.com\/fr\/wp-json\/wp\/v2\/pages\/458"}],"wp:featuredmedia":[{"embeddable":true,"href":"https:\/\/www.kanopee-village.com\/fr\/wp-json\/wp\/v2\/media\/3155"}],"wp:attachment":[{"href":"https:\/\/www.kanopee-village.com\/fr\/wp-json\/wp\/v2\/media?parent=3154"}],"curies":[{"name":"wp","href":"https:\/\/api.w.org\/{rel}","templated":true}]}}