{"id":3209,"date":"2020-02-27T17:17:56","date_gmt":"2020-02-27T16:17:56","guid":{"rendered":"https:\/\/www.kanopee-village.com\/?page_id=3209"},"modified":"2025-03-03T14:57:51","modified_gmt":"2025-03-03T13:57:51","slug":"lyon-en-ete","status":"publish","type":"page","link":"https:\/\/www.kanopee-village.com\/fr\/camping-ouvert-toute-annee-ain\/lyon-en-ete\/","title":{"rendered":"Passez un \u00e9t\u00e9 \u00e0 Lyon"},"content":{"rendered":"","protected":false},"excerpt":{"rendered":"","protected":false},"author":1,"featured_media":3236,"parent":458,"menu_order":0,"comment_status":"closed","ping_status":"closed","template":"","meta":{"_acf_changed":false,"footnotes":""},"class_list":["post-3209","page","type-page","status-publish","has-post-thumbnail","hentry"],"acf":[],"yoast_head":"<!-- This site is optimized with the Yoast SEO plugin v25.3 - https:\/\/yoast.com\/wordpress\/plugins\/seo\/ -->\n<title>Lyon \u00e9t\u00e9 | Que faire \u00e0 Lyon en \u00e9t\u00e9 | Activit\u00e9s \u00e0 Lyon pendant l&#039;\u00e9t\u00e9<\/title>\n<meta name=\"description\" content=\"Profitez d&#039;un s\u00e9jour pr\u00e8s de Lyon en \u00e9t\u00e9. S\u00e9lection d&#039;activit\u00e9s incontournables \u00e0 Lyon en Rhone Alpes\" \/>\n<meta name=\"robots\" content=\"index, follow, max-snippet:-1, max-image-preview:large, max-video-preview:-1\" \/>\n<link rel=\"canonical\" href=\"https:\/\/www.kanopee-village.com\/fr\/camping-ouvert-toute-annee-ain\/lyon-en-ete\/\" \/>\n<meta property=\"og:locale\" content=\"fr_FR\" \/>\n<meta property=\"og:type\" content=\"article\" \/>\n<meta property=\"og:title\" content=\"Lyon \u00e9t\u00e9 | Que faire \u00e0 Lyon en \u00e9t\u00e9 | Activit\u00e9s \u00e0 Lyon pendant l&#039;\u00e9t\u00e9\" \/>\n<meta property=\"og:description\" content=\"Profitez d&#039;un s\u00e9jour pr\u00e8s de Lyon en \u00e9t\u00e9. S\u00e9lection d&#039;activit\u00e9s incontournables \u00e0 Lyon en Rhone Alpes\" \/>\n<meta property=\"og:url\" content=\"https:\/\/www.kanopee-village.com\/fr\/camping-ouvert-toute-annee-ain\/lyon-en-ete\/\" \/>\n<meta property=\"og:site_name\" content=\"Kanopee Village\" \/>\n<meta property=\"article:modified_time\" content=\"2025-03-03T13:57:51+00:00\" \/>\n<meta property=\"og:image\" content=\"https:\/\/www.kanopee-village.com\/wp-content\/uploads\/2020\/02\/un-ete-a-lyon.jpg\" \/>\n\t<meta property=\"og:image:width\" content=\"1500\" \/>\n\t<meta property=\"og:image:height\" content=\"600\" \/>\n\t<meta property=\"og:image:type\" content=\"image\/jpeg\" \/>\n<meta name=\"twitter:card\" content=\"summary_large_image\" \/>\n<meta name=\"twitter:label1\" content=\"Dur\u00e9e de lecture estim\u00e9e\" \/>\n\t<meta name=\"twitter:data1\" content=\"1 minute\" \/>\n<script type=\"application\/ld+json\" class=\"yoast-schema-graph\">{\"@context\":\"https:\/\/schema.org\",\"@graph\":[{\"@type\":\"WebPage\",\"@id\":\"https:\/\/www.kanopee-village.com\/fr\/camping-ouvert-toute-annee-ain\/lyon-en-ete\/\",\"url\":\"https:\/\/www.kanopee-village.com\/fr\/camping-ouvert-toute-annee-ain\/lyon-en-ete\/\",\"name\":\"Lyon \u00e9t\u00e9 | Que faire \u00e0 Lyon en \u00e9t\u00e9 | Activit\u00e9s \u00e0 Lyon pendant l'\u00e9t\u00e9\",\"isPartOf\":{\"@id\":\"https:\/\/www.kanopee-village.com\/fr\/#website\"},\"primaryImageOfPage\":{\"@id\":\"https:\/\/www.kanopee-village.com\/fr\/camping-ouvert-toute-annee-ain\/lyon-en-ete\/#primaryimage\"},\"image\":{\"@id\":\"https:\/\/www.kanopee-village.com\/fr\/camping-ouvert-toute-annee-ain\/lyon-en-ete\/#primaryimage\"},\"thumbnailUrl\":\"https:\/\/www.kanopee-village.com\/wp-content\/uploads\/2020\/02\/un-ete-a-lyon.jpg\",\"datePublished\":\"2020-02-27T16:17:56+00:00\",\"dateModified\":\"2025-03-03T13:57:51+00:00\",\"description\":\"Profitez d'un s\u00e9jour pr\u00e8s de Lyon en \u00e9t\u00e9. S\u00e9lection d'activit\u00e9s incontournables \u00e0 Lyon en Rhone Alpes\",\"breadcrumb\":{\"@id\":\"https:\/\/www.kanopee-village.com\/fr\/camping-ouvert-toute-annee-ain\/lyon-en-ete\/#breadcrumb\"},\"inLanguage\":\"fr-FR\",\"potentialAction\":[{\"@type\":\"ReadAction\",\"target\":[\"https:\/\/www.kanopee-village.com\/fr\/camping-ouvert-toute-annee-ain\/lyon-en-ete\/\"]}]},{\"@type\":\"ImageObject\",\"inLanguage\":\"fr-FR\",\"@id\":\"https:\/\/www.kanopee-village.com\/fr\/camping-ouvert-toute-annee-ain\/lyon-en-ete\/#primaryimage\",\"url\":\"https:\/\/www.kanopee-village.com\/wp-content\/uploads\/2020\/02\/un-ete-a-lyon.jpg\",\"contentUrl\":\"https:\/\/www.kanopee-village.com\/wp-content\/uploads\/2020\/02\/un-ete-a-lyon.jpg\",\"width\":1500,\"height\":600,\"caption\":\"lyon \u00e9t\u00e9\"},{\"@type\":\"BreadcrumbList\",\"@id\":\"https:\/\/www.kanopee-village.com\/fr\/camping-ouvert-toute-annee-ain\/lyon-en-ete\/#breadcrumb\",\"itemListElement\":[{\"@type\":\"ListItem\",\"position\":1,\"name\":\"Camping \u00e0 Tr\u00e9voux Ain\",\"item\":\"https:\/\/www.kanopee-village.com\/fr\/\"},{\"@type\":\"ListItem\",\"position\":2,\"name\":\"Camping ouvert toute l'ann\u00e9e\",\"item\":\"https:\/\/www.kanopee-village.com\/fr\/camping-ouvert-toute-annee-ain\/\"},{\"@type\":\"ListItem\",\"position\":3,\"name\":\"Un \u00e9t\u00e9 \u00e0 Lyon\"}]},{\"@type\":\"WebSite\",\"@id\":\"https:\/\/www.kanopee-village.com\/fr\/#website\",\"url\":\"https:\/\/www.kanopee-village.com\/fr\/\",\"name\":\"Kanopee Village\",\"description\":\"\",\"inLanguage\":\"fr-FR\"}]}<\/script>\n<!-- \/ Yoast SEO plugin. -->","yoast_head_json":{"title":"Lyon \u00e9t\u00e9 | Que faire \u00e0 Lyon en \u00e9t\u00e9 | Activit\u00e9s \u00e0 Lyon pendant l'\u00e9t\u00e9","description":"Profitez d'un s\u00e9jour pr\u00e8s de Lyon en \u00e9t\u00e9. S\u00e9lection d'activit\u00e9s incontournables \u00e0 Lyon en Rhone Alpes","robots":{"index":"index","follow":"follow","max-snippet":"max-snippet:-1","max-image-preview":"max-image-preview:large","max-video-preview":"max-video-preview:-1"},"canonical":"https:\/\/www.kanopee-village.com\/fr\/camping-ouvert-toute-annee-ain\/lyon-en-ete\/","og_locale":"fr_FR","og_type":"article","og_title":"Lyon \u00e9t\u00e9 | Que faire \u00e0 Lyon en \u00e9t\u00e9 | Activit\u00e9s \u00e0 Lyon pendant l'\u00e9t\u00e9","og_description":"Profitez d'un s\u00e9jour pr\u00e8s de Lyon en \u00e9t\u00e9. S\u00e9lection d'activit\u00e9s incontournables \u00e0 Lyon en Rhone Alpes","og_url":"https:\/\/www.kanopee-village.com\/fr\/camping-ouvert-toute-annee-ain\/lyon-en-ete\/","og_site_name":"Kanopee Village","article_modified_time":"2025-03-03T13:57:51+00:00","og_image":[{"width":1500,"height":600,"url":"https:\/\/www.kanopee-village.com\/wp-content\/uploads\/2020\/02\/un-ete-a-lyon.jpg","type":"image\/jpeg"}],"twitter_card":"summary_large_image","twitter_misc":{"Dur\u00e9e de lecture estim\u00e9e":"1 minute"},"schema":{"@context":"https:\/\/schema.org","@graph":[{"@type":"WebPage","@id":"https:\/\/www.kanopee-village.com\/fr\/camping-ouvert-toute-annee-ain\/lyon-en-ete\/","url":"https:\/\/www.kanopee-village.com\/fr\/camping-ouvert-toute-annee-ain\/lyon-en-ete\/","name":"Lyon \u00e9t\u00e9 | Que faire \u00e0 Lyon en \u00e9t\u00e9 | Activit\u00e9s \u00e0 Lyon pendant l'\u00e9t\u00e9","isPartOf":{"@id":"https:\/\/www.kanopee-village.com\/fr\/#website"},"primaryImageOfPage":{"@id":"https:\/\/www.kanopee-village.com\/fr\/camping-ouvert-toute-annee-ain\/lyon-en-ete\/#primaryimage"},"image":{"@id":"https:\/\/www.kanopee-village.com\/fr\/camping-ouvert-toute-annee-ain\/lyon-en-ete\/#primaryimage"},"thumbnailUrl":"https:\/\/www.kanopee-village.com\/wp-content\/uploads\/2020\/02\/un-ete-a-lyon.jpg","datePublished":"2020-02-27T16:17:56+00:00","dateModified":"2025-03-03T13:57:51+00:00","description":"Profitez d'un s\u00e9jour pr\u00e8s de Lyon en \u00e9t\u00e9. S\u00e9lection d'activit\u00e9s incontournables \u00e0 Lyon en Rhone Alpes","breadcrumb":{"@id":"https:\/\/www.kanopee-village.com\/fr\/camping-ouvert-toute-annee-ain\/lyon-en-ete\/#breadcrumb"},"inLanguage":"fr-FR","potentialAction":[{"@type":"ReadAction","target":["https:\/\/www.kanopee-village.com\/fr\/camping-ouvert-toute-annee-ain\/lyon-en-ete\/"]}]},{"@type":"ImageObject","inLanguage":"fr-FR","@id":"https:\/\/www.kanopee-village.com\/fr\/camping-ouvert-toute-annee-ain\/lyon-en-ete\/#primaryimage","url":"https:\/\/www.kanopee-village.com\/wp-content\/uploads\/2020\/02\/un-ete-a-lyon.jpg","contentUrl":"https:\/\/www.kanopee-village.com\/wp-content\/uploads\/2020\/02\/un-ete-a-lyon.jpg","width":1500,"height":600,"caption":"lyon \u00e9t\u00e9"},{"@type":"BreadcrumbList","@id":"https:\/\/www.kanopee-village.com\/fr\/camping-ouvert-toute-annee-ain\/lyon-en-ete\/#breadcrumb","itemListElement":[{"@type":"ListItem","position":1,"name":"Camping \u00e0 Tr\u00e9voux Ain","item":"https:\/\/www.kanopee-village.com\/fr\/"},{"@type":"ListItem","position":2,"name":"Camping ouvert toute l'ann\u00e9e","item":"https:\/\/www.kanopee-village.com\/fr\/camping-ouvert-toute-annee-ain\/"},{"@type":"ListItem","position":3,"name":"Un \u00e9t\u00e9 \u00e0 Lyon"}]},{"@type":"WebSite","@id":"https:\/\/www.kanopee-village.com\/fr\/#website","url":"https:\/\/www.kanopee-village.com\/fr\/","name":"Kanopee Village","description":"","inLanguage":"fr-FR"}]}},"_links":{"self":[{"href":"https:\/\/www.kanopee-village.com\/fr\/wp-json\/wp\/v2\/pages\/3209"}],"collection":[{"href":"https:\/\/www.kanopee-village.com\/fr\/wp-json\/wp\/v2\/pages"}],"about":[{"href":"https:\/\/www.kanopee-village.com\/fr\/wp-json\/wp\/v2\/types\/page"}],"author":[{"embeddable":true,"href":"https:\/\/www.kanopee-village.com\/fr\/wp-json\/wp\/v2\/users\/1"}],"replies":[{"embeddable":true,"href":"https:\/\/www.kanopee-village.com\/fr\/wp-json\/wp\/v2\/comments?post=3209"}],"version-history":[{"count":17,"href":"https:\/\/www.kanopee-village.com\/fr\/wp-json\/wp\/v2\/pages\/3209\/revisions"}],"predecessor-version":[{"id":6652,"href":"https:\/\/www.kanopee-village.com\/fr\/wp-json\/wp\/v2\/pages\/3209\/revisions\/6652"}],"up":[{"embeddable":true,"href":"https:\/\/www.kanopee-village.com\/fr\/wp-json\/wp\/v2\/pages\/458"}],"wp:featuredmedia":[{"embeddable":true,"href":"https:\/\/www.kanopee-village.com\/fr\/wp-json\/wp\/v2\/media\/3236"}],"wp:attachment":[{"href":"https:\/\/www.kanopee-village.com\/fr\/wp-json\/wp\/v2\/media?parent=3209"}],"curies":[{"name":"wp","href":"https:\/\/api.w.org\/{rel}","templated":true}]}}