{"id":431,"date":"2019-11-26T17:12:32","date_gmt":"2019-11-26T16:12:32","guid":{"rendered":"http:\/\/www.kanopee-village.com\/?page_id=431"},"modified":"2026-04-17T10:57:33","modified_gmt":"2026-04-17T08:57:33","slug":"camping-bord-riviere-ain","status":"publish","type":"page","link":"https:\/\/www.kanopee-village.com\/fr\/camping-bord-riviere-ain\/","title":{"rendered":"Bord de rivi\u00e8re"},"content":{"rendered":"","protected":false},"excerpt":{"rendered":"","protected":false},"author":1,"featured_media":3453,"parent":0,"menu_order":0,"comment_status":"closed","ping_status":"closed","template":"","meta":{"_acf_changed":false,"footnotes":""},"class_list":["post-431","page","type-page","status-publish","has-post-thumbnail","hentry"],"acf":[],"yoast_head":"<!-- This site is optimized with the Yoast SEO plugin v25.3 - https:\/\/yoast.com\/wordpress\/plugins\/seo\/ -->\n<title>Camping bord de Sa\u00f4ne | Camping situ\u00e9 au bord de la rivi\u00e8re de la Saone<\/title>\n<meta name=\"description\" content=\"D\u00e9couvrez notre camping en bord de Sa\u00f4ne pr\u00e8s de Lyon ! Notre camping en bord de rivi\u00e8re pour profiter des activit\u00e9s nautiques\" \/>\n<meta name=\"robots\" content=\"index, follow, max-snippet:-1, max-image-preview:large, max-video-preview:-1\" \/>\n<link rel=\"canonical\" href=\"https:\/\/www.kanopee-village.com\/fr\/camping-bord-riviere-ain\/\" \/>\n<meta property=\"og:locale\" content=\"fr_FR\" \/>\n<meta property=\"og:type\" content=\"article\" \/>\n<meta property=\"og:title\" content=\"Camping bord de Sa\u00f4ne | Camping situ\u00e9 au bord de la rivi\u00e8re de la Saone\" \/>\n<meta property=\"og:description\" content=\"D\u00e9couvrez notre camping en bord de Sa\u00f4ne pr\u00e8s de Lyon ! Notre camping en bord de rivi\u00e8re pour profiter des activit\u00e9s nautiques\" \/>\n<meta property=\"og:url\" content=\"https:\/\/www.kanopee-village.com\/fr\/camping-bord-riviere-ain\/\" \/>\n<meta property=\"og:site_name\" content=\"Kanopee Village\" \/>\n<meta property=\"article:modified_time\" content=\"2026-04-17T08:57:33+00:00\" \/>\n<meta property=\"og:image\" content=\"https:\/\/www.kanopee-village.com\/wp-content\/uploads\/2020\/03\/Riviere.jpg\" \/>\n\t<meta property=\"og:image:width\" content=\"800\" \/>\n\t<meta property=\"og:image:height\" content=\"350\" \/>\n\t<meta property=\"og:image:type\" content=\"image\/jpeg\" \/>\n<meta name=\"twitter:card\" content=\"summary_large_image\" \/>\n<meta name=\"twitter:label1\" content=\"Dur\u00e9e de lecture estim\u00e9e\" \/>\n\t<meta name=\"twitter:data1\" content=\"1 minute\" \/>\n<script type=\"application\/ld+json\" class=\"yoast-schema-graph\">{\"@context\":\"https:\/\/schema.org\",\"@graph\":[{\"@type\":\"WebPage\",\"@id\":\"https:\/\/www.kanopee-village.com\/fr\/camping-bord-riviere-ain\/\",\"url\":\"https:\/\/www.kanopee-village.com\/fr\/camping-bord-riviere-ain\/\",\"name\":\"Camping bord de Sa\u00f4ne | Camping situ\u00e9 au bord de la rivi\u00e8re de la Saone\",\"isPartOf\":{\"@id\":\"https:\/\/www.kanopee-village.com\/fr\/#website\"},\"primaryImageOfPage\":{\"@id\":\"https:\/\/www.kanopee-village.com\/fr\/camping-bord-riviere-ain\/#primaryimage\"},\"image\":{\"@id\":\"https:\/\/www.kanopee-village.com\/fr\/camping-bord-riviere-ain\/#primaryimage\"},\"thumbnailUrl\":\"https:\/\/www.kanopee-village.com\/wp-content\/uploads\/2020\/03\/Riviere.jpg\",\"datePublished\":\"2019-11-26T16:12:32+00:00\",\"dateModified\":\"2026-04-17T08:57:33+00:00\",\"description\":\"D\u00e9couvrez notre camping en bord de Sa\u00f4ne pr\u00e8s de Lyon ! Notre camping en bord de rivi\u00e8re pour profiter des activit\u00e9s nautiques\",\"breadcrumb\":{\"@id\":\"https:\/\/www.kanopee-village.com\/fr\/camping-bord-riviere-ain\/#breadcrumb\"},\"inLanguage\":\"fr-FR\",\"potentialAction\":[{\"@type\":\"ReadAction\",\"target\":[\"https:\/\/www.kanopee-village.com\/fr\/camping-bord-riviere-ain\/\"]}]},{\"@type\":\"ImageObject\",\"inLanguage\":\"fr-FR\",\"@id\":\"https:\/\/www.kanopee-village.com\/fr\/camping-bord-riviere-ain\/#primaryimage\",\"url\":\"https:\/\/www.kanopee-village.com\/wp-content\/uploads\/2020\/03\/Riviere.jpg\",\"contentUrl\":\"https:\/\/www.kanopee-village.com\/wp-content\/uploads\/2020\/03\/Riviere.jpg\",\"width\":800,\"height\":350,\"caption\":\"camping bord de riviere ain\"},{\"@type\":\"BreadcrumbList\",\"@id\":\"https:\/\/www.kanopee-village.com\/fr\/camping-bord-riviere-ain\/#breadcrumb\",\"itemListElement\":[{\"@type\":\"ListItem\",\"position\":1,\"name\":\"Camping \u00e0 Tr\u00e9voux Ain\",\"item\":\"https:\/\/www.kanopee-village.com\/fr\/\"},{\"@type\":\"ListItem\",\"position\":2,\"name\":\"Camping bord de Sa\u00f4ne\"}]},{\"@type\":\"WebSite\",\"@id\":\"https:\/\/www.kanopee-village.com\/fr\/#website\",\"url\":\"https:\/\/www.kanopee-village.com\/fr\/\",\"name\":\"Kanopee Village\",\"description\":\"\",\"inLanguage\":\"fr-FR\"}]}<\/script>\n<!-- \/ Yoast SEO plugin. -->","yoast_head_json":{"title":"Camping bord de Sa\u00f4ne | Camping situ\u00e9 au bord de la rivi\u00e8re de la Saone","description":"D\u00e9couvrez notre camping en bord de Sa\u00f4ne pr\u00e8s de Lyon ! Notre camping en bord de rivi\u00e8re pour profiter des activit\u00e9s nautiques","robots":{"index":"index","follow":"follow","max-snippet":"max-snippet:-1","max-image-preview":"max-image-preview:large","max-video-preview":"max-video-preview:-1"},"canonical":"https:\/\/www.kanopee-village.com\/fr\/camping-bord-riviere-ain\/","og_locale":"fr_FR","og_type":"article","og_title":"Camping bord de Sa\u00f4ne | Camping situ\u00e9 au bord de la rivi\u00e8re de la Saone","og_description":"D\u00e9couvrez notre camping en bord de Sa\u00f4ne pr\u00e8s de Lyon ! Notre camping en bord de rivi\u00e8re pour profiter des activit\u00e9s nautiques","og_url":"https:\/\/www.kanopee-village.com\/fr\/camping-bord-riviere-ain\/","og_site_name":"Kanopee Village","article_modified_time":"2026-04-17T08:57:33+00:00","og_image":[{"width":800,"height":350,"url":"https:\/\/www.kanopee-village.com\/wp-content\/uploads\/2020\/03\/Riviere.jpg","type":"image\/jpeg"}],"twitter_card":"summary_large_image","twitter_misc":{"Dur\u00e9e de lecture estim\u00e9e":"1 minute"},"schema":{"@context":"https:\/\/schema.org","@graph":[{"@type":"WebPage","@id":"https:\/\/www.kanopee-village.com\/fr\/camping-bord-riviere-ain\/","url":"https:\/\/www.kanopee-village.com\/fr\/camping-bord-riviere-ain\/","name":"Camping bord de Sa\u00f4ne | Camping situ\u00e9 au bord de la rivi\u00e8re de la Saone","isPartOf":{"@id":"https:\/\/www.kanopee-village.com\/fr\/#website"},"primaryImageOfPage":{"@id":"https:\/\/www.kanopee-village.com\/fr\/camping-bord-riviere-ain\/#primaryimage"},"image":{"@id":"https:\/\/www.kanopee-village.com\/fr\/camping-bord-riviere-ain\/#primaryimage"},"thumbnailUrl":"https:\/\/www.kanopee-village.com\/wp-content\/uploads\/2020\/03\/Riviere.jpg","datePublished":"2019-11-26T16:12:32+00:00","dateModified":"2026-04-17T08:57:33+00:00","description":"D\u00e9couvrez notre camping en bord de Sa\u00f4ne pr\u00e8s de Lyon ! Notre camping en bord de rivi\u00e8re pour profiter des activit\u00e9s nautiques","breadcrumb":{"@id":"https:\/\/www.kanopee-village.com\/fr\/camping-bord-riviere-ain\/#breadcrumb"},"inLanguage":"fr-FR","potentialAction":[{"@type":"ReadAction","target":["https:\/\/www.kanopee-village.com\/fr\/camping-bord-riviere-ain\/"]}]},{"@type":"ImageObject","inLanguage":"fr-FR","@id":"https:\/\/www.kanopee-village.com\/fr\/camping-bord-riviere-ain\/#primaryimage","url":"https:\/\/www.kanopee-village.com\/wp-content\/uploads\/2020\/03\/Riviere.jpg","contentUrl":"https:\/\/www.kanopee-village.com\/wp-content\/uploads\/2020\/03\/Riviere.jpg","width":800,"height":350,"caption":"camping bord de riviere ain"},{"@type":"BreadcrumbList","@id":"https:\/\/www.kanopee-village.com\/fr\/camping-bord-riviere-ain\/#breadcrumb","itemListElement":[{"@type":"ListItem","position":1,"name":"Camping \u00e0 Tr\u00e9voux Ain","item":"https:\/\/www.kanopee-village.com\/fr\/"},{"@type":"ListItem","position":2,"name":"Camping bord de Sa\u00f4ne"}]},{"@type":"WebSite","@id":"https:\/\/www.kanopee-village.com\/fr\/#website","url":"https:\/\/www.kanopee-village.com\/fr\/","name":"Kanopee Village","description":"","inLanguage":"fr-FR"}]}},"_links":{"self":[{"href":"https:\/\/www.kanopee-village.com\/fr\/wp-json\/wp\/v2\/pages\/431"}],"collection":[{"href":"https:\/\/www.kanopee-village.com\/fr\/wp-json\/wp\/v2\/pages"}],"about":[{"href":"https:\/\/www.kanopee-village.com\/fr\/wp-json\/wp\/v2\/types\/page"}],"author":[{"embeddable":true,"href":"https:\/\/www.kanopee-village.com\/fr\/wp-json\/wp\/v2\/users\/1"}],"replies":[{"embeddable":true,"href":"https:\/\/www.kanopee-village.com\/fr\/wp-json\/wp\/v2\/comments?post=431"}],"version-history":[{"count":27,"href":"https:\/\/www.kanopee-village.com\/fr\/wp-json\/wp\/v2\/pages\/431\/revisions"}],"predecessor-version":[{"id":7795,"href":"https:\/\/www.kanopee-village.com\/fr\/wp-json\/wp\/v2\/pages\/431\/revisions\/7795"}],"wp:featuredmedia":[{"embeddable":true,"href":"https:\/\/www.kanopee-village.com\/fr\/wp-json\/wp\/v2\/media\/3453"}],"wp:attachment":[{"href":"https:\/\/www.kanopee-village.com\/fr\/wp-json\/wp\/v2\/media?parent=431"}],"curies":[{"name":"wp","href":"https:\/\/api.w.org\/{rel}","templated":true}]}}