{"id":458,"date":"2019-11-27T09:20:43","date_gmt":"2019-11-27T08:20:43","guid":{"rendered":"http:\/\/www.kanopee-village.com\/?page_id=458"},"modified":"2025-03-03T15:32:40","modified_gmt":"2025-03-03T14:32:40","slug":"camping-ouvert-toute-annee-ain","status":"publish","type":"page","link":"https:\/\/www.kanopee-village.com\/fr\/camping-ouvert-toute-annee-ain\/","title":{"rendered":"Ouvert \u00e0 l&rsquo;Ann\u00e9e"},"content":{"rendered":"","protected":false},"excerpt":{"rendered":"","protected":false},"author":1,"featured_media":5582,"parent":0,"menu_order":0,"comment_status":"closed","ping_status":"closed","template":"","meta":{"_acf_changed":false,"footnotes":""},"class_list":["post-458","page","type-page","status-publish","has-post-thumbnail","hentry"],"acf":[],"yoast_head":"<!-- This site is optimized with the Yoast SEO plugin v25.3 - https:\/\/yoast.com\/wordpress\/plugins\/seo\/ -->\n<title>Camping ouvert \u00e0 l&#039;ann\u00e9e | Vacances en camping ouvert toute l&#039;ann\u00e9e<\/title>\n<meta name=\"description\" content=\"Vous cherchez un camping ouvert \u00e0 l&#039;ann\u00e9e ? Un camping ouvert \u00e9t\u00e9 comme hiver ? D\u00e9couvrez tous nos h\u00e9bergements dispoinbles tout l&#039;ann\u00e9e !\" \/>\n<meta name=\"robots\" content=\"index, follow, max-snippet:-1, max-image-preview:large, max-video-preview:-1\" \/>\n<link rel=\"canonical\" href=\"https:\/\/www.kanopee-village.com\/fr\/camping-ouvert-toute-annee-ain\/\" \/>\n<meta property=\"og:locale\" content=\"fr_FR\" \/>\n<meta property=\"og:type\" content=\"article\" \/>\n<meta property=\"og:title\" content=\"Camping ouvert \u00e0 l&#039;ann\u00e9e | Vacances en camping ouvert toute l&#039;ann\u00e9e\" \/>\n<meta property=\"og:description\" content=\"Vous cherchez un camping ouvert \u00e0 l&#039;ann\u00e9e ? Un camping ouvert \u00e9t\u00e9 comme hiver ? D\u00e9couvrez tous nos h\u00e9bergements dispoinbles tout l&#039;ann\u00e9e !\" \/>\n<meta property=\"og:url\" content=\"https:\/\/www.kanopee-village.com\/fr\/camping-ouvert-toute-annee-ain\/\" \/>\n<meta property=\"og:site_name\" content=\"Kanopee Village\" \/>\n<meta property=\"article:modified_time\" content=\"2025-03-03T14:32:40+00:00\" \/>\n<meta property=\"og:image\" content=\"https:\/\/www.kanopee-village.com\/wp-content\/uploads\/2023\/03\/camping-ouvert-a-lannee.jpeg\" \/>\n\t<meta property=\"og:image:width\" content=\"1600\" \/>\n\t<meta property=\"og:image:height\" content=\"400\" \/>\n\t<meta property=\"og:image:type\" content=\"image\/jpeg\" \/>\n<meta name=\"twitter:card\" content=\"summary_large_image\" \/>\n<meta name=\"twitter:label1\" content=\"Dur\u00e9e de lecture estim\u00e9e\" \/>\n\t<meta name=\"twitter:data1\" content=\"1 minute\" \/>\n<script type=\"application\/ld+json\" class=\"yoast-schema-graph\">{\"@context\":\"https:\/\/schema.org\",\"@graph\":[{\"@type\":\"WebPage\",\"@id\":\"https:\/\/www.kanopee-village.com\/fr\/camping-ouvert-toute-annee-ain\/\",\"url\":\"https:\/\/www.kanopee-village.com\/fr\/camping-ouvert-toute-annee-ain\/\",\"name\":\"Camping ouvert \u00e0 l'ann\u00e9e | Vacances en camping ouvert toute l'ann\u00e9e\",\"isPartOf\":{\"@id\":\"https:\/\/www.kanopee-village.com\/fr\/#website\"},\"primaryImageOfPage\":{\"@id\":\"https:\/\/www.kanopee-village.com\/fr\/camping-ouvert-toute-annee-ain\/#primaryimage\"},\"image\":{\"@id\":\"https:\/\/www.kanopee-village.com\/fr\/camping-ouvert-toute-annee-ain\/#primaryimage\"},\"thumbnailUrl\":\"https:\/\/www.kanopee-village.com\/wp-content\/uploads\/2023\/03\/camping-ouvert-a-lannee.jpeg\",\"datePublished\":\"2019-11-27T08:20:43+00:00\",\"dateModified\":\"2025-03-03T14:32:40+00:00\",\"description\":\"Vous cherchez un camping ouvert \u00e0 l'ann\u00e9e ? Un camping ouvert \u00e9t\u00e9 comme hiver ? D\u00e9couvrez tous nos h\u00e9bergements dispoinbles tout l'ann\u00e9e !\",\"breadcrumb\":{\"@id\":\"https:\/\/www.kanopee-village.com\/fr\/camping-ouvert-toute-annee-ain\/#breadcrumb\"},\"inLanguage\":\"fr-FR\",\"potentialAction\":[{\"@type\":\"ReadAction\",\"target\":[\"https:\/\/www.kanopee-village.com\/fr\/camping-ouvert-toute-annee-ain\/\"]}]},{\"@type\":\"ImageObject\",\"inLanguage\":\"fr-FR\",\"@id\":\"https:\/\/www.kanopee-village.com\/fr\/camping-ouvert-toute-annee-ain\/#primaryimage\",\"url\":\"https:\/\/www.kanopee-village.com\/wp-content\/uploads\/2023\/03\/camping-ouvert-a-lannee.jpeg\",\"contentUrl\":\"https:\/\/www.kanopee-village.com\/wp-content\/uploads\/2023\/03\/camping-ouvert-a-lannee.jpeg\",\"width\":1600,\"height\":400,\"caption\":\"camping ouvert a l'annee\"},{\"@type\":\"BreadcrumbList\",\"@id\":\"https:\/\/www.kanopee-village.com\/fr\/camping-ouvert-toute-annee-ain\/#breadcrumb\",\"itemListElement\":[{\"@type\":\"ListItem\",\"position\":1,\"name\":\"Camping \u00e0 Tr\u00e9voux Ain\",\"item\":\"https:\/\/www.kanopee-village.com\/fr\/\"},{\"@type\":\"ListItem\",\"position\":2,\"name\":\"Camping ouvert toute l'ann\u00e9e\"}]},{\"@type\":\"WebSite\",\"@id\":\"https:\/\/www.kanopee-village.com\/fr\/#website\",\"url\":\"https:\/\/www.kanopee-village.com\/fr\/\",\"name\":\"Kanopee Village\",\"description\":\"\",\"inLanguage\":\"fr-FR\"}]}<\/script>\n<!-- \/ Yoast SEO plugin. -->","yoast_head_json":{"title":"Camping ouvert \u00e0 l'ann\u00e9e | Vacances en camping ouvert toute l'ann\u00e9e","description":"Vous cherchez un camping ouvert \u00e0 l'ann\u00e9e ? Un camping ouvert \u00e9t\u00e9 comme hiver ? D\u00e9couvrez tous nos h\u00e9bergements dispoinbles tout l'ann\u00e9e !","robots":{"index":"index","follow":"follow","max-snippet":"max-snippet:-1","max-image-preview":"max-image-preview:large","max-video-preview":"max-video-preview:-1"},"canonical":"https:\/\/www.kanopee-village.com\/fr\/camping-ouvert-toute-annee-ain\/","og_locale":"fr_FR","og_type":"article","og_title":"Camping ouvert \u00e0 l'ann\u00e9e | Vacances en camping ouvert toute l'ann\u00e9e","og_description":"Vous cherchez un camping ouvert \u00e0 l'ann\u00e9e ? Un camping ouvert \u00e9t\u00e9 comme hiver ? D\u00e9couvrez tous nos h\u00e9bergements dispoinbles tout l'ann\u00e9e !","og_url":"https:\/\/www.kanopee-village.com\/fr\/camping-ouvert-toute-annee-ain\/","og_site_name":"Kanopee Village","article_modified_time":"2025-03-03T14:32:40+00:00","og_image":[{"width":1600,"height":400,"url":"https:\/\/www.kanopee-village.com\/wp-content\/uploads\/2023\/03\/camping-ouvert-a-lannee.jpeg","type":"image\/jpeg"}],"twitter_card":"summary_large_image","twitter_misc":{"Dur\u00e9e de lecture estim\u00e9e":"1 minute"},"schema":{"@context":"https:\/\/schema.org","@graph":[{"@type":"WebPage","@id":"https:\/\/www.kanopee-village.com\/fr\/camping-ouvert-toute-annee-ain\/","url":"https:\/\/www.kanopee-village.com\/fr\/camping-ouvert-toute-annee-ain\/","name":"Camping ouvert \u00e0 l'ann\u00e9e | Vacances en camping ouvert toute l'ann\u00e9e","isPartOf":{"@id":"https:\/\/www.kanopee-village.com\/fr\/#website"},"primaryImageOfPage":{"@id":"https:\/\/www.kanopee-village.com\/fr\/camping-ouvert-toute-annee-ain\/#primaryimage"},"image":{"@id":"https:\/\/www.kanopee-village.com\/fr\/camping-ouvert-toute-annee-ain\/#primaryimage"},"thumbnailUrl":"https:\/\/www.kanopee-village.com\/wp-content\/uploads\/2023\/03\/camping-ouvert-a-lannee.jpeg","datePublished":"2019-11-27T08:20:43+00:00","dateModified":"2025-03-03T14:32:40+00:00","description":"Vous cherchez un camping ouvert \u00e0 l'ann\u00e9e ? Un camping ouvert \u00e9t\u00e9 comme hiver ? D\u00e9couvrez tous nos h\u00e9bergements dispoinbles tout l'ann\u00e9e !","breadcrumb":{"@id":"https:\/\/www.kanopee-village.com\/fr\/camping-ouvert-toute-annee-ain\/#breadcrumb"},"inLanguage":"fr-FR","potentialAction":[{"@type":"ReadAction","target":["https:\/\/www.kanopee-village.com\/fr\/camping-ouvert-toute-annee-ain\/"]}]},{"@type":"ImageObject","inLanguage":"fr-FR","@id":"https:\/\/www.kanopee-village.com\/fr\/camping-ouvert-toute-annee-ain\/#primaryimage","url":"https:\/\/www.kanopee-village.com\/wp-content\/uploads\/2023\/03\/camping-ouvert-a-lannee.jpeg","contentUrl":"https:\/\/www.kanopee-village.com\/wp-content\/uploads\/2023\/03\/camping-ouvert-a-lannee.jpeg","width":1600,"height":400,"caption":"camping ouvert a l'annee"},{"@type":"BreadcrumbList","@id":"https:\/\/www.kanopee-village.com\/fr\/camping-ouvert-toute-annee-ain\/#breadcrumb","itemListElement":[{"@type":"ListItem","position":1,"name":"Camping \u00e0 Tr\u00e9voux Ain","item":"https:\/\/www.kanopee-village.com\/fr\/"},{"@type":"ListItem","position":2,"name":"Camping ouvert toute l'ann\u00e9e"}]},{"@type":"WebSite","@id":"https:\/\/www.kanopee-village.com\/fr\/#website","url":"https:\/\/www.kanopee-village.com\/fr\/","name":"Kanopee Village","description":"","inLanguage":"fr-FR"}]}},"_links":{"self":[{"href":"https:\/\/www.kanopee-village.com\/fr\/wp-json\/wp\/v2\/pages\/458"}],"collection":[{"href":"https:\/\/www.kanopee-village.com\/fr\/wp-json\/wp\/v2\/pages"}],"about":[{"href":"https:\/\/www.kanopee-village.com\/fr\/wp-json\/wp\/v2\/types\/page"}],"author":[{"embeddable":true,"href":"https:\/\/www.kanopee-village.com\/fr\/wp-json\/wp\/v2\/users\/1"}],"replies":[{"embeddable":true,"href":"https:\/\/www.kanopee-village.com\/fr\/wp-json\/wp\/v2\/comments?post=458"}],"version-history":[{"count":18,"href":"https:\/\/www.kanopee-village.com\/fr\/wp-json\/wp\/v2\/pages\/458\/revisions"}],"predecessor-version":[{"id":6671,"href":"https:\/\/www.kanopee-village.com\/fr\/wp-json\/wp\/v2\/pages\/458\/revisions\/6671"}],"wp:featuredmedia":[{"embeddable":true,"href":"https:\/\/www.kanopee-village.com\/fr\/wp-json\/wp\/v2\/media\/5582"}],"wp:attachment":[{"href":"https:\/\/www.kanopee-village.com\/fr\/wp-json\/wp\/v2\/media?parent=458"}],"curies":[{"name":"wp","href":"https:\/\/api.w.org\/{rel}","templated":true}]}}