{"id":472,"date":"2019-11-27T09:24:57","date_gmt":"2019-11-27T08:24:57","guid":{"rendered":"http:\/\/www.kanopee-village.com\/?page_id=472"},"modified":"2025-01-24T15:02:51","modified_gmt":"2025-01-24T14:02:51","slug":"camping-bourgogne","status":"publish","type":"page","link":"https:\/\/www.kanopee-village.com\/fr\/camping-bourgogne\/","title":{"rendered":"Bourgogne Sud et Beaujolais"},"content":{"rendered":"","protected":false},"excerpt":{"rendered":"","protected":false},"author":1,"featured_media":1059,"parent":0,"menu_order":0,"comment_status":"closed","ping_status":"closed","template":"","meta":{"_acf_changed":false,"footnotes":""},"class_list":["post-472","page","type-page","status-publish","has-post-thumbnail","hentry"],"acf":[],"yoast_head":"<!-- This site is optimized with the Yoast SEO plugin v25.3 - https:\/\/yoast.com\/wordpress\/plugins\/seo\/ -->\n<title>Camping 3 etoiles Bourgogne Sud : vacances en mobil-home en Bourgogne<\/title>\n<meta name=\"description\" content=\"D\u00e9couvrez le camping en Bourgogne : s\u00e9journez au c\u0153ur des vignobles, profitez de la nature et vivez l&#039;authenticit\u00e9 de cette r\u00e9gion. R\u00e9servez votre exp\u00e9rience d\u00e8s aujourd&#039;hui !\" \/>\n<meta name=\"robots\" content=\"index, follow, max-snippet:-1, max-image-preview:large, max-video-preview:-1\" \/>\n<link rel=\"canonical\" href=\"https:\/\/www.kanopee-village.com\/fr\/camping-bourgogne\/\" \/>\n<meta property=\"og:locale\" content=\"fr_FR\" \/>\n<meta property=\"og:type\" content=\"article\" \/>\n<meta property=\"og:title\" content=\"Camping 3 etoiles Bourgogne Sud : vacances en mobil-home en Bourgogne\" \/>\n<meta property=\"og:description\" content=\"D\u00e9couvrez le camping en Bourgogne : s\u00e9journez au c\u0153ur des vignobles, profitez de la nature et vivez l&#039;authenticit\u00e9 de cette r\u00e9gion. R\u00e9servez votre exp\u00e9rience d\u00e8s aujourd&#039;hui !\" \/>\n<meta property=\"og:url\" content=\"https:\/\/www.kanopee-village.com\/fr\/camping-bourgogne\/\" \/>\n<meta property=\"og:site_name\" content=\"Kanopee Village\" \/>\n<meta property=\"article:modified_time\" content=\"2025-01-24T14:02:51+00:00\" \/>\n<meta property=\"og:image\" content=\"https:\/\/www.kanopee-village.com\/wp-content\/uploads\/2019\/11\/camping-bourgogne.jpg\" \/>\n\t<meta property=\"og:image:width\" content=\"1600\" \/>\n\t<meta property=\"og:image:height\" content=\"400\" \/>\n\t<meta property=\"og:image:type\" content=\"image\/jpeg\" \/>\n<meta name=\"twitter:card\" content=\"summary_large_image\" \/>\n<meta name=\"twitter:label1\" content=\"Dur\u00e9e de lecture estim\u00e9e\" \/>\n\t<meta name=\"twitter:data1\" content=\"1 minute\" \/>\n<script type=\"application\/ld+json\" class=\"yoast-schema-graph\">{\"@context\":\"https:\/\/schema.org\",\"@graph\":[{\"@type\":\"WebPage\",\"@id\":\"https:\/\/www.kanopee-village.com\/fr\/camping-bourgogne\/\",\"url\":\"https:\/\/www.kanopee-village.com\/fr\/camping-bourgogne\/\",\"name\":\"Camping 3 etoiles Bourgogne Sud : vacances en mobil-home en Bourgogne\",\"isPartOf\":{\"@id\":\"https:\/\/www.kanopee-village.com\/fr\/#website\"},\"primaryImageOfPage\":{\"@id\":\"https:\/\/www.kanopee-village.com\/fr\/camping-bourgogne\/#primaryimage\"},\"image\":{\"@id\":\"https:\/\/www.kanopee-village.com\/fr\/camping-bourgogne\/#primaryimage\"},\"thumbnailUrl\":\"https:\/\/www.kanopee-village.com\/wp-content\/uploads\/2019\/11\/camping-bourgogne.jpg\",\"datePublished\":\"2019-11-27T08:24:57+00:00\",\"dateModified\":\"2025-01-24T14:02:51+00:00\",\"description\":\"D\u00e9couvrez le camping en Bourgogne : s\u00e9journez au c\u0153ur des vignobles, profitez de la nature et vivez l'authenticit\u00e9 de cette r\u00e9gion. R\u00e9servez votre exp\u00e9rience d\u00e8s aujourd'hui !\",\"breadcrumb\":{\"@id\":\"https:\/\/www.kanopee-village.com\/fr\/camping-bourgogne\/#breadcrumb\"},\"inLanguage\":\"fr-FR\",\"potentialAction\":[{\"@type\":\"ReadAction\",\"target\":[\"https:\/\/www.kanopee-village.com\/fr\/camping-bourgogne\/\"]}]},{\"@type\":\"ImageObject\",\"inLanguage\":\"fr-FR\",\"@id\":\"https:\/\/www.kanopee-village.com\/fr\/camping-bourgogne\/#primaryimage\",\"url\":\"https:\/\/www.kanopee-village.com\/wp-content\/uploads\/2019\/11\/camping-bourgogne.jpg\",\"contentUrl\":\"https:\/\/www.kanopee-village.com\/wp-content\/uploads\/2019\/11\/camping-bourgogne.jpg\",\"width\":1600,\"height\":400,\"caption\":\"camping bourgogne\"},{\"@type\":\"BreadcrumbList\",\"@id\":\"https:\/\/www.kanopee-village.com\/fr\/camping-bourgogne\/#breadcrumb\",\"itemListElement\":[{\"@type\":\"ListItem\",\"position\":1,\"name\":\"Camping \u00e0 Tr\u00e9voux Ain\",\"item\":\"https:\/\/www.kanopee-village.com\/fr\/\"},{\"@type\":\"ListItem\",\"position\":2,\"name\":\"Camping Bourgogne Sud\"}]},{\"@type\":\"WebSite\",\"@id\":\"https:\/\/www.kanopee-village.com\/fr\/#website\",\"url\":\"https:\/\/www.kanopee-village.com\/fr\/\",\"name\":\"Kanopee Village\",\"description\":\"\",\"inLanguage\":\"fr-FR\"}]}<\/script>\n<!-- \/ Yoast SEO plugin. -->","yoast_head_json":{"title":"Camping 3 etoiles Bourgogne Sud : vacances en mobil-home en Bourgogne","description":"D\u00e9couvrez le camping en Bourgogne : s\u00e9journez au c\u0153ur des vignobles, profitez de la nature et vivez l'authenticit\u00e9 de cette r\u00e9gion. R\u00e9servez votre exp\u00e9rience d\u00e8s aujourd'hui !","robots":{"index":"index","follow":"follow","max-snippet":"max-snippet:-1","max-image-preview":"max-image-preview:large","max-video-preview":"max-video-preview:-1"},"canonical":"https:\/\/www.kanopee-village.com\/fr\/camping-bourgogne\/","og_locale":"fr_FR","og_type":"article","og_title":"Camping 3 etoiles Bourgogne Sud : vacances en mobil-home en Bourgogne","og_description":"D\u00e9couvrez le camping en Bourgogne : s\u00e9journez au c\u0153ur des vignobles, profitez de la nature et vivez l'authenticit\u00e9 de cette r\u00e9gion. R\u00e9servez votre exp\u00e9rience d\u00e8s aujourd'hui !","og_url":"https:\/\/www.kanopee-village.com\/fr\/camping-bourgogne\/","og_site_name":"Kanopee Village","article_modified_time":"2025-01-24T14:02:51+00:00","og_image":[{"width":1600,"height":400,"url":"https:\/\/www.kanopee-village.com\/wp-content\/uploads\/2019\/11\/camping-bourgogne.jpg","type":"image\/jpeg"}],"twitter_card":"summary_large_image","twitter_misc":{"Dur\u00e9e de lecture estim\u00e9e":"1 minute"},"schema":{"@context":"https:\/\/schema.org","@graph":[{"@type":"WebPage","@id":"https:\/\/www.kanopee-village.com\/fr\/camping-bourgogne\/","url":"https:\/\/www.kanopee-village.com\/fr\/camping-bourgogne\/","name":"Camping 3 etoiles Bourgogne Sud : vacances en mobil-home en Bourgogne","isPartOf":{"@id":"https:\/\/www.kanopee-village.com\/fr\/#website"},"primaryImageOfPage":{"@id":"https:\/\/www.kanopee-village.com\/fr\/camping-bourgogne\/#primaryimage"},"image":{"@id":"https:\/\/www.kanopee-village.com\/fr\/camping-bourgogne\/#primaryimage"},"thumbnailUrl":"https:\/\/www.kanopee-village.com\/wp-content\/uploads\/2019\/11\/camping-bourgogne.jpg","datePublished":"2019-11-27T08:24:57+00:00","dateModified":"2025-01-24T14:02:51+00:00","description":"D\u00e9couvrez le camping en Bourgogne : s\u00e9journez au c\u0153ur des vignobles, profitez de la nature et vivez l'authenticit\u00e9 de cette r\u00e9gion. R\u00e9servez votre exp\u00e9rience d\u00e8s aujourd'hui !","breadcrumb":{"@id":"https:\/\/www.kanopee-village.com\/fr\/camping-bourgogne\/#breadcrumb"},"inLanguage":"fr-FR","potentialAction":[{"@type":"ReadAction","target":["https:\/\/www.kanopee-village.com\/fr\/camping-bourgogne\/"]}]},{"@type":"ImageObject","inLanguage":"fr-FR","@id":"https:\/\/www.kanopee-village.com\/fr\/camping-bourgogne\/#primaryimage","url":"https:\/\/www.kanopee-village.com\/wp-content\/uploads\/2019\/11\/camping-bourgogne.jpg","contentUrl":"https:\/\/www.kanopee-village.com\/wp-content\/uploads\/2019\/11\/camping-bourgogne.jpg","width":1600,"height":400,"caption":"camping bourgogne"},{"@type":"BreadcrumbList","@id":"https:\/\/www.kanopee-village.com\/fr\/camping-bourgogne\/#breadcrumb","itemListElement":[{"@type":"ListItem","position":1,"name":"Camping \u00e0 Tr\u00e9voux Ain","item":"https:\/\/www.kanopee-village.com\/fr\/"},{"@type":"ListItem","position":2,"name":"Camping Bourgogne Sud"}]},{"@type":"WebSite","@id":"https:\/\/www.kanopee-village.com\/fr\/#website","url":"https:\/\/www.kanopee-village.com\/fr\/","name":"Kanopee Village","description":"","inLanguage":"fr-FR"}]}},"_links":{"self":[{"href":"https:\/\/www.kanopee-village.com\/fr\/wp-json\/wp\/v2\/pages\/472"}],"collection":[{"href":"https:\/\/www.kanopee-village.com\/fr\/wp-json\/wp\/v2\/pages"}],"about":[{"href":"https:\/\/www.kanopee-village.com\/fr\/wp-json\/wp\/v2\/types\/page"}],"author":[{"embeddable":true,"href":"https:\/\/www.kanopee-village.com\/fr\/wp-json\/wp\/v2\/users\/1"}],"replies":[{"embeddable":true,"href":"https:\/\/www.kanopee-village.com\/fr\/wp-json\/wp\/v2\/comments?post=472"}],"version-history":[{"count":30,"href":"https:\/\/www.kanopee-village.com\/fr\/wp-json\/wp\/v2\/pages\/472\/revisions"}],"predecessor-version":[{"id":6592,"href":"https:\/\/www.kanopee-village.com\/fr\/wp-json\/wp\/v2\/pages\/472\/revisions\/6592"}],"wp:featuredmedia":[{"embeddable":true,"href":"https:\/\/www.kanopee-village.com\/fr\/wp-json\/wp\/v2\/media\/1059"}],"wp:attachment":[{"href":"https:\/\/www.kanopee-village.com\/fr\/wp-json\/wp\/v2\/media?parent=472"}],"curies":[{"name":"wp","href":"https:\/\/api.w.org\/{rel}","templated":true}]}}