{"id":6381,"date":"2025-01-23T14:11:05","date_gmt":"2025-01-23T13:11:05","guid":{"rendered":"https:\/\/www.kanopee-village.com\/?page_id=6381"},"modified":"2025-02-06T15:39:50","modified_gmt":"2025-02-06T14:39:50","slug":"mobil-home","status":"publish","type":"page","link":"https:\/\/www.kanopee-village.com\/fr\/mobil-home\/","title":{"rendered":"Mobil-homes"},"content":{"rendered":"","protected":false},"excerpt":{"rendered":"","protected":false},"author":12,"featured_media":6397,"parent":0,"menu_order":0,"comment_status":"closed","ping_status":"closed","template":"","meta":{"_acf_changed":false,"footnotes":""},"class_list":["post-6381","page","type-page","status-publish","has-post-thumbnail","hentry"],"acf":[],"yoast_head":"<!-- This site is optimized with the Yoast SEO plugin v25.3 - https:\/\/yoast.com\/wordpress\/plugins\/seo\/ -->\n<title>Location mobil home Ain : mobil homes 4 \u00e0 11 personnes \u00e0 Tr\u00e9voux dans l&#039;Ain<\/title>\n<meta name=\"description\" content=\"R\u00e9servez votre mobil-home dans l&#039;Ain, \u00e0 Tr\u00e9voux. Des h\u00e9bergements de 4 \u00e0 11 personnes, id\u00e9als pour des vacances en camping sur les rives de la Sa\u00f4ne en Rh\u00f4ne-Alpes.\" \/>\n<meta name=\"robots\" content=\"index, follow, max-snippet:-1, max-image-preview:large, max-video-preview:-1\" \/>\n<link rel=\"canonical\" href=\"https:\/\/www.kanopee-village.com\/fr\/mobil-home\/\" \/>\n<meta property=\"og:locale\" content=\"fr_FR\" \/>\n<meta property=\"og:type\" content=\"article\" \/>\n<meta property=\"og:title\" content=\"Location mobil home Ain : mobil homes 4 \u00e0 11 personnes \u00e0 Tr\u00e9voux dans l&#039;Ain\" \/>\n<meta property=\"og:description\" content=\"R\u00e9servez votre mobil-home dans l&#039;Ain, \u00e0 Tr\u00e9voux. Des h\u00e9bergements de 4 \u00e0 11 personnes, id\u00e9als pour des vacances en camping sur les rives de la Sa\u00f4ne en Rh\u00f4ne-Alpes.\" \/>\n<meta property=\"og:url\" content=\"https:\/\/www.kanopee-village.com\/fr\/mobil-home\/\" \/>\n<meta property=\"og:site_name\" content=\"Kanopee Village\" \/>\n<meta property=\"article:modified_time\" content=\"2025-02-06T14:39:50+00:00\" \/>\n<meta property=\"og:image\" content=\"https:\/\/www.kanopee-village.com\/wp-content\/uploads\/2025\/01\/location-taos-ain.jpg\" \/>\n\t<meta property=\"og:image:width\" content=\"300\" \/>\n\t<meta property=\"og:image:height\" content=\"139\" \/>\n\t<meta property=\"og:image:type\" content=\"image\/jpeg\" \/>\n<meta name=\"twitter:card\" content=\"summary_large_image\" \/>\n<meta name=\"twitter:label1\" content=\"Dur\u00e9e de lecture estim\u00e9e\" \/>\n\t<meta name=\"twitter:data1\" content=\"1 minute\" \/>\n<script type=\"application\/ld+json\" class=\"yoast-schema-graph\">{\"@context\":\"https:\/\/schema.org\",\"@graph\":[{\"@type\":\"WebPage\",\"@id\":\"https:\/\/www.kanopee-village.com\/fr\/mobil-home\/\",\"url\":\"https:\/\/www.kanopee-village.com\/fr\/mobil-home\/\",\"name\":\"Location mobil home Ain : mobil homes 4 \u00e0 11 personnes \u00e0 Tr\u00e9voux dans l'Ain\",\"isPartOf\":{\"@id\":\"https:\/\/www.kanopee-village.com\/fr\/#website\"},\"primaryImageOfPage\":{\"@id\":\"https:\/\/www.kanopee-village.com\/fr\/mobil-home\/#primaryimage\"},\"image\":{\"@id\":\"https:\/\/www.kanopee-village.com\/fr\/mobil-home\/#primaryimage\"},\"thumbnailUrl\":\"https:\/\/www.kanopee-village.com\/wp-content\/uploads\/2025\/01\/location-taos-ain.jpg\",\"datePublished\":\"2025-01-23T13:11:05+00:00\",\"dateModified\":\"2025-02-06T14:39:50+00:00\",\"description\":\"R\u00e9servez votre mobil-home dans l'Ain, \u00e0 Tr\u00e9voux. Des h\u00e9bergements de 4 \u00e0 11 personnes, id\u00e9als pour des vacances en camping sur les rives de la Sa\u00f4ne en Rh\u00f4ne-Alpes.\",\"breadcrumb\":{\"@id\":\"https:\/\/www.kanopee-village.com\/fr\/mobil-home\/#breadcrumb\"},\"inLanguage\":\"fr-FR\",\"potentialAction\":[{\"@type\":\"ReadAction\",\"target\":[\"https:\/\/www.kanopee-village.com\/fr\/mobil-home\/\"]}]},{\"@type\":\"ImageObject\",\"inLanguage\":\"fr-FR\",\"@id\":\"https:\/\/www.kanopee-village.com\/fr\/mobil-home\/#primaryimage\",\"url\":\"https:\/\/www.kanopee-village.com\/wp-content\/uploads\/2025\/01\/location-taos-ain.jpg\",\"contentUrl\":\"https:\/\/www.kanopee-village.com\/wp-content\/uploads\/2025\/01\/location-taos-ain.jpg\",\"width\":300,\"height\":139,\"caption\":\"nps@newphoxstudio.com\"},{\"@type\":\"BreadcrumbList\",\"@id\":\"https:\/\/www.kanopee-village.com\/fr\/mobil-home\/#breadcrumb\",\"itemListElement\":[{\"@type\":\"ListItem\",\"position\":1,\"name\":\"Camping \u00e0 Tr\u00e9voux Ain\",\"item\":\"https:\/\/www.kanopee-village.com\/fr\/\"},{\"@type\":\"ListItem\",\"position\":2,\"name\":\"Location de mobil-home dans l'Ain\"}]},{\"@type\":\"WebSite\",\"@id\":\"https:\/\/www.kanopee-village.com\/fr\/#website\",\"url\":\"https:\/\/www.kanopee-village.com\/fr\/\",\"name\":\"Kanopee Village\",\"description\":\"\",\"inLanguage\":\"fr-FR\"}]}<\/script>\n<!-- \/ Yoast SEO plugin. -->","yoast_head_json":{"title":"Location mobil home Ain : mobil homes 4 \u00e0 11 personnes \u00e0 Tr\u00e9voux dans l'Ain","description":"R\u00e9servez votre mobil-home dans l'Ain, \u00e0 Tr\u00e9voux. Des h\u00e9bergements de 4 \u00e0 11 personnes, id\u00e9als pour des vacances en camping sur les rives de la Sa\u00f4ne en Rh\u00f4ne-Alpes.","robots":{"index":"index","follow":"follow","max-snippet":"max-snippet:-1","max-image-preview":"max-image-preview:large","max-video-preview":"max-video-preview:-1"},"canonical":"https:\/\/www.kanopee-village.com\/fr\/mobil-home\/","og_locale":"fr_FR","og_type":"article","og_title":"Location mobil home Ain : mobil homes 4 \u00e0 11 personnes \u00e0 Tr\u00e9voux dans l'Ain","og_description":"R\u00e9servez votre mobil-home dans l'Ain, \u00e0 Tr\u00e9voux. Des h\u00e9bergements de 4 \u00e0 11 personnes, id\u00e9als pour des vacances en camping sur les rives de la Sa\u00f4ne en Rh\u00f4ne-Alpes.","og_url":"https:\/\/www.kanopee-village.com\/fr\/mobil-home\/","og_site_name":"Kanopee Village","article_modified_time":"2025-02-06T14:39:50+00:00","og_image":[{"width":300,"height":139,"url":"https:\/\/www.kanopee-village.com\/wp-content\/uploads\/2025\/01\/location-taos-ain.jpg","type":"image\/jpeg"}],"twitter_card":"summary_large_image","twitter_misc":{"Dur\u00e9e de lecture estim\u00e9e":"1 minute"},"schema":{"@context":"https:\/\/schema.org","@graph":[{"@type":"WebPage","@id":"https:\/\/www.kanopee-village.com\/fr\/mobil-home\/","url":"https:\/\/www.kanopee-village.com\/fr\/mobil-home\/","name":"Location mobil home Ain : mobil homes 4 \u00e0 11 personnes \u00e0 Tr\u00e9voux dans l'Ain","isPartOf":{"@id":"https:\/\/www.kanopee-village.com\/fr\/#website"},"primaryImageOfPage":{"@id":"https:\/\/www.kanopee-village.com\/fr\/mobil-home\/#primaryimage"},"image":{"@id":"https:\/\/www.kanopee-village.com\/fr\/mobil-home\/#primaryimage"},"thumbnailUrl":"https:\/\/www.kanopee-village.com\/wp-content\/uploads\/2025\/01\/location-taos-ain.jpg","datePublished":"2025-01-23T13:11:05+00:00","dateModified":"2025-02-06T14:39:50+00:00","description":"R\u00e9servez votre mobil-home dans l'Ain, \u00e0 Tr\u00e9voux. Des h\u00e9bergements de 4 \u00e0 11 personnes, id\u00e9als pour des vacances en camping sur les rives de la Sa\u00f4ne en Rh\u00f4ne-Alpes.","breadcrumb":{"@id":"https:\/\/www.kanopee-village.com\/fr\/mobil-home\/#breadcrumb"},"inLanguage":"fr-FR","potentialAction":[{"@type":"ReadAction","target":["https:\/\/www.kanopee-village.com\/fr\/mobil-home\/"]}]},{"@type":"ImageObject","inLanguage":"fr-FR","@id":"https:\/\/www.kanopee-village.com\/fr\/mobil-home\/#primaryimage","url":"https:\/\/www.kanopee-village.com\/wp-content\/uploads\/2025\/01\/location-taos-ain.jpg","contentUrl":"https:\/\/www.kanopee-village.com\/wp-content\/uploads\/2025\/01\/location-taos-ain.jpg","width":300,"height":139,"caption":"nps@newphoxstudio.com"},{"@type":"BreadcrumbList","@id":"https:\/\/www.kanopee-village.com\/fr\/mobil-home\/#breadcrumb","itemListElement":[{"@type":"ListItem","position":1,"name":"Camping \u00e0 Tr\u00e9voux Ain","item":"https:\/\/www.kanopee-village.com\/fr\/"},{"@type":"ListItem","position":2,"name":"Location de mobil-home dans l'Ain"}]},{"@type":"WebSite","@id":"https:\/\/www.kanopee-village.com\/fr\/#website","url":"https:\/\/www.kanopee-village.com\/fr\/","name":"Kanopee Village","description":"","inLanguage":"fr-FR"}]}},"_links":{"self":[{"href":"https:\/\/www.kanopee-village.com\/fr\/wp-json\/wp\/v2\/pages\/6381"}],"collection":[{"href":"https:\/\/www.kanopee-village.com\/fr\/wp-json\/wp\/v2\/pages"}],"about":[{"href":"https:\/\/www.kanopee-village.com\/fr\/wp-json\/wp\/v2\/types\/page"}],"author":[{"embeddable":true,"href":"https:\/\/www.kanopee-village.com\/fr\/wp-json\/wp\/v2\/users\/12"}],"replies":[{"embeddable":true,"href":"https:\/\/www.kanopee-village.com\/fr\/wp-json\/wp\/v2\/comments?post=6381"}],"version-history":[{"count":14,"href":"https:\/\/www.kanopee-village.com\/fr\/wp-json\/wp\/v2\/pages\/6381\/revisions"}],"predecessor-version":[{"id":6650,"href":"https:\/\/www.kanopee-village.com\/fr\/wp-json\/wp\/v2\/pages\/6381\/revisions\/6650"}],"wp:featuredmedia":[{"embeddable":true,"href":"https:\/\/www.kanopee-village.com\/fr\/wp-json\/wp\/v2\/media\/6397"}],"wp:attachment":[{"href":"https:\/\/www.kanopee-village.com\/fr\/wp-json\/wp\/v2\/media?parent=6381"}],"curies":[{"name":"wp","href":"https:\/\/api.w.org\/{rel}","templated":true}]}}