{"id":6408,"date":"2025-01-23T15:32:15","date_gmt":"2025-01-23T14:32:15","guid":{"rendered":"https:\/\/www.kanopee-village.com\/?page_id=6408"},"modified":"2025-01-24T14:48:43","modified_gmt":"2025-01-24T13:48:43","slug":"chalets","status":"publish","type":"page","link":"https:\/\/www.kanopee-village.com\/fr\/chalets\/","title":{"rendered":"Chalets"},"content":{"rendered":"","protected":false},"excerpt":{"rendered":"","protected":false},"author":12,"featured_media":6440,"parent":0,"menu_order":0,"comment_status":"closed","ping_status":"closed","template":"","meta":{"_acf_changed":false,"footnotes":""},"class_list":["post-6408","page","type-page","status-publish","has-post-thumbnail","hentry"],"acf":[],"yoast_head":"<!-- This site is optimized with the Yoast SEO plugin v25.3 - https:\/\/yoast.com\/wordpress\/plugins\/seo\/ -->\n<title>Location chalet dans l&#039;Ain : chalets de vacances en camping 3 \u00e9toiles \u00e0 Tr\u00e9voux<\/title>\n<meta name=\"description\" content=\"R\u00e9servez votre chalet dans l&#039;Ain pour un s\u00e9jour inoubliable ! Profitez de vacances en Rh\u00f4ne-Alpes avec des chalets et cabanes tout confort \u00e0 Tr\u00e9voux, en plein c\u0153ur de la nature.\" \/>\n<meta name=\"robots\" content=\"index, follow, max-snippet:-1, max-image-preview:large, max-video-preview:-1\" \/>\n<link rel=\"canonical\" href=\"https:\/\/www.kanopee-village.com\/fr\/chalets\/\" \/>\n<meta property=\"og:locale\" content=\"fr_FR\" \/>\n<meta property=\"og:type\" content=\"article\" \/>\n<meta property=\"og:title\" content=\"Location chalet dans l&#039;Ain : chalets de vacances en camping 3 \u00e9toiles \u00e0 Tr\u00e9voux\" \/>\n<meta property=\"og:description\" content=\"R\u00e9servez votre chalet dans l&#039;Ain pour un s\u00e9jour inoubliable ! Profitez de vacances en Rh\u00f4ne-Alpes avec des chalets et cabanes tout confort \u00e0 Tr\u00e9voux, en plein c\u0153ur de la nature.\" \/>\n<meta property=\"og:url\" content=\"https:\/\/www.kanopee-village.com\/fr\/chalets\/\" \/>\n<meta property=\"og:site_name\" content=\"Kanopee Village\" \/>\n<meta property=\"article:modified_time\" content=\"2025-01-24T13:48:43+00:00\" \/>\n<meta property=\"og:image\" content=\"https:\/\/www.kanopee-village.com\/wp-content\/uploads\/2025\/01\/location-chalet-ain.jpg\" \/>\n\t<meta property=\"og:image:width\" content=\"1024\" \/>\n\t<meta property=\"og:image:height\" content=\"269\" \/>\n\t<meta property=\"og:image:type\" content=\"image\/jpeg\" \/>\n<meta name=\"twitter:card\" content=\"summary_large_image\" \/>\n<meta name=\"twitter:label1\" content=\"Dur\u00e9e de lecture estim\u00e9e\" \/>\n\t<meta name=\"twitter:data1\" content=\"1 minute\" \/>\n<script type=\"application\/ld+json\" class=\"yoast-schema-graph\">{\"@context\":\"https:\/\/schema.org\",\"@graph\":[{\"@type\":\"WebPage\",\"@id\":\"https:\/\/www.kanopee-village.com\/fr\/chalets\/\",\"url\":\"https:\/\/www.kanopee-village.com\/fr\/chalets\/\",\"name\":\"Location chalet dans l'Ain : chalets de vacances en camping 3 \u00e9toiles \u00e0 Tr\u00e9voux\",\"isPartOf\":{\"@id\":\"https:\/\/www.kanopee-village.com\/fr\/#website\"},\"primaryImageOfPage\":{\"@id\":\"https:\/\/www.kanopee-village.com\/fr\/chalets\/#primaryimage\"},\"image\":{\"@id\":\"https:\/\/www.kanopee-village.com\/fr\/chalets\/#primaryimage\"},\"thumbnailUrl\":\"https:\/\/www.kanopee-village.com\/wp-content\/uploads\/2025\/01\/location-chalet-ain.jpg\",\"datePublished\":\"2025-01-23T14:32:15+00:00\",\"dateModified\":\"2025-01-24T13:48:43+00:00\",\"description\":\"R\u00e9servez votre chalet dans l'Ain pour un s\u00e9jour inoubliable ! Profitez de vacances en Rh\u00f4ne-Alpes avec des chalets et cabanes tout confort \u00e0 Tr\u00e9voux, en plein c\u0153ur de la nature.\",\"breadcrumb\":{\"@id\":\"https:\/\/www.kanopee-village.com\/fr\/chalets\/#breadcrumb\"},\"inLanguage\":\"fr-FR\",\"potentialAction\":[{\"@type\":\"ReadAction\",\"target\":[\"https:\/\/www.kanopee-village.com\/fr\/chalets\/\"]}]},{\"@type\":\"ImageObject\",\"inLanguage\":\"fr-FR\",\"@id\":\"https:\/\/www.kanopee-village.com\/fr\/chalets\/#primaryimage\",\"url\":\"https:\/\/www.kanopee-village.com\/wp-content\/uploads\/2025\/01\/location-chalet-ain.jpg\",\"contentUrl\":\"https:\/\/www.kanopee-village.com\/wp-content\/uploads\/2025\/01\/location-chalet-ain.jpg\",\"width\":1024,\"height\":269,\"caption\":\"location-chalet-ain\"},{\"@type\":\"BreadcrumbList\",\"@id\":\"https:\/\/www.kanopee-village.com\/fr\/chalets\/#breadcrumb\",\"itemListElement\":[{\"@type\":\"ListItem\",\"position\":1,\"name\":\"Camping \u00e0 Tr\u00e9voux Ain\",\"item\":\"https:\/\/www.kanopee-village.com\/fr\/\"},{\"@type\":\"ListItem\",\"position\":2,\"name\":\"Louer chalet dans l'Ain\"}]},{\"@type\":\"WebSite\",\"@id\":\"https:\/\/www.kanopee-village.com\/fr\/#website\",\"url\":\"https:\/\/www.kanopee-village.com\/fr\/\",\"name\":\"Kanopee Village\",\"description\":\"\",\"inLanguage\":\"fr-FR\"}]}<\/script>\n<!-- \/ Yoast SEO plugin. -->","yoast_head_json":{"title":"Location chalet dans l'Ain : chalets de vacances en camping 3 \u00e9toiles \u00e0 Tr\u00e9voux","description":"R\u00e9servez votre chalet dans l'Ain pour un s\u00e9jour inoubliable ! Profitez de vacances en Rh\u00f4ne-Alpes avec des chalets et cabanes tout confort \u00e0 Tr\u00e9voux, en plein c\u0153ur de la nature.","robots":{"index":"index","follow":"follow","max-snippet":"max-snippet:-1","max-image-preview":"max-image-preview:large","max-video-preview":"max-video-preview:-1"},"canonical":"https:\/\/www.kanopee-village.com\/fr\/chalets\/","og_locale":"fr_FR","og_type":"article","og_title":"Location chalet dans l'Ain : chalets de vacances en camping 3 \u00e9toiles \u00e0 Tr\u00e9voux","og_description":"R\u00e9servez votre chalet dans l'Ain pour un s\u00e9jour inoubliable ! Profitez de vacances en Rh\u00f4ne-Alpes avec des chalets et cabanes tout confort \u00e0 Tr\u00e9voux, en plein c\u0153ur de la nature.","og_url":"https:\/\/www.kanopee-village.com\/fr\/chalets\/","og_site_name":"Kanopee Village","article_modified_time":"2025-01-24T13:48:43+00:00","og_image":[{"width":1024,"height":269,"url":"https:\/\/www.kanopee-village.com\/wp-content\/uploads\/2025\/01\/location-chalet-ain.jpg","type":"image\/jpeg"}],"twitter_card":"summary_large_image","twitter_misc":{"Dur\u00e9e de lecture estim\u00e9e":"1 minute"},"schema":{"@context":"https:\/\/schema.org","@graph":[{"@type":"WebPage","@id":"https:\/\/www.kanopee-village.com\/fr\/chalets\/","url":"https:\/\/www.kanopee-village.com\/fr\/chalets\/","name":"Location chalet dans l'Ain : chalets de vacances en camping 3 \u00e9toiles \u00e0 Tr\u00e9voux","isPartOf":{"@id":"https:\/\/www.kanopee-village.com\/fr\/#website"},"primaryImageOfPage":{"@id":"https:\/\/www.kanopee-village.com\/fr\/chalets\/#primaryimage"},"image":{"@id":"https:\/\/www.kanopee-village.com\/fr\/chalets\/#primaryimage"},"thumbnailUrl":"https:\/\/www.kanopee-village.com\/wp-content\/uploads\/2025\/01\/location-chalet-ain.jpg","datePublished":"2025-01-23T14:32:15+00:00","dateModified":"2025-01-24T13:48:43+00:00","description":"R\u00e9servez votre chalet dans l'Ain pour un s\u00e9jour inoubliable ! Profitez de vacances en Rh\u00f4ne-Alpes avec des chalets et cabanes tout confort \u00e0 Tr\u00e9voux, en plein c\u0153ur de la nature.","breadcrumb":{"@id":"https:\/\/www.kanopee-village.com\/fr\/chalets\/#breadcrumb"},"inLanguage":"fr-FR","potentialAction":[{"@type":"ReadAction","target":["https:\/\/www.kanopee-village.com\/fr\/chalets\/"]}]},{"@type":"ImageObject","inLanguage":"fr-FR","@id":"https:\/\/www.kanopee-village.com\/fr\/chalets\/#primaryimage","url":"https:\/\/www.kanopee-village.com\/wp-content\/uploads\/2025\/01\/location-chalet-ain.jpg","contentUrl":"https:\/\/www.kanopee-village.com\/wp-content\/uploads\/2025\/01\/location-chalet-ain.jpg","width":1024,"height":269,"caption":"location-chalet-ain"},{"@type":"BreadcrumbList","@id":"https:\/\/www.kanopee-village.com\/fr\/chalets\/#breadcrumb","itemListElement":[{"@type":"ListItem","position":1,"name":"Camping \u00e0 Tr\u00e9voux Ain","item":"https:\/\/www.kanopee-village.com\/fr\/"},{"@type":"ListItem","position":2,"name":"Louer chalet dans l'Ain"}]},{"@type":"WebSite","@id":"https:\/\/www.kanopee-village.com\/fr\/#website","url":"https:\/\/www.kanopee-village.com\/fr\/","name":"Kanopee Village","description":"","inLanguage":"fr-FR"}]}},"_links":{"self":[{"href":"https:\/\/www.kanopee-village.com\/fr\/wp-json\/wp\/v2\/pages\/6408"}],"collection":[{"href":"https:\/\/www.kanopee-village.com\/fr\/wp-json\/wp\/v2\/pages"}],"about":[{"href":"https:\/\/www.kanopee-village.com\/fr\/wp-json\/wp\/v2\/types\/page"}],"author":[{"embeddable":true,"href":"https:\/\/www.kanopee-village.com\/fr\/wp-json\/wp\/v2\/users\/12"}],"replies":[{"embeddable":true,"href":"https:\/\/www.kanopee-village.com\/fr\/wp-json\/wp\/v2\/comments?post=6408"}],"version-history":[{"count":18,"href":"https:\/\/www.kanopee-village.com\/fr\/wp-json\/wp\/v2\/pages\/6408\/revisions"}],"predecessor-version":[{"id":6558,"href":"https:\/\/www.kanopee-village.com\/fr\/wp-json\/wp\/v2\/pages\/6408\/revisions\/6558"}],"wp:featuredmedia":[{"embeddable":true,"href":"https:\/\/www.kanopee-village.com\/fr\/wp-json\/wp\/v2\/media\/6440"}],"wp:attachment":[{"href":"https:\/\/www.kanopee-village.com\/fr\/wp-json\/wp\/v2\/media?parent=6408"}],"curies":[{"name":"wp","href":"https:\/\/api.w.org\/{rel}","templated":true}]}}