{"id":7282,"date":"2025-09-11T15:00:50","date_gmt":"2025-09-11T13:00:50","guid":{"rendered":"https:\/\/www.kanopee-village.com\/?page_id=7282"},"modified":"2026-02-11T14:24:40","modified_gmt":"2026-02-11T13:24:40","slug":"camping-bord-eau","status":"publish","type":"page","link":"https:\/\/www.kanopee-village.com\/fr\/camping-bord-eau\/","title":{"rendered":"Notre camping dans l&rsquo;Ain au bord de l&rsquo;Eau"},"content":{"rendered":"","protected":false},"excerpt":{"rendered":"","protected":false},"author":12,"featured_media":6740,"parent":0,"menu_order":0,"comment_status":"closed","ping_status":"closed","template":"","meta":{"_acf_changed":false,"footnotes":""},"class_list":["post-7282","page","type-page","status-publish","has-post-thumbnail","hentry"],"acf":[],"yoast_head":"<!-- This site is optimized with the Yoast SEO plugin v25.3 - https:\/\/yoast.com\/wordpress\/plugins\/seo\/ -->\n<title>Camping dans l Ain au bord de l eau : r\u00e9server vos vacances en bord Sa\u00f4ne<\/title>\n<meta name=\"description\" content=\"S\u00e9journez dans notre camping 3 \u00e9toiles dans l\u2019Ain au bord de la Sa\u00f4ne : mobil-homes, chalets, emplacements, cabanes insolites, activit\u00e9s nautiques et piscine.\" \/>\n<meta name=\"robots\" content=\"index, follow, max-snippet:-1, max-image-preview:large, max-video-preview:-1\" \/>\n<link rel=\"canonical\" href=\"https:\/\/www.kanopee-village.com\/fr\/camping-bord-eau\/\" \/>\n<meta property=\"og:locale\" content=\"fr_FR\" \/>\n<meta property=\"og:type\" content=\"article\" \/>\n<meta property=\"og:title\" content=\"Camping dans l Ain au bord de l eau : r\u00e9server vos vacances en bord Sa\u00f4ne\" \/>\n<meta property=\"og:description\" content=\"S\u00e9journez dans notre camping 3 \u00e9toiles dans l\u2019Ain au bord de la Sa\u00f4ne : mobil-homes, chalets, emplacements, cabanes insolites, activit\u00e9s nautiques et piscine.\" \/>\n<meta property=\"og:url\" content=\"https:\/\/www.kanopee-village.com\/fr\/camping-bord-eau\/\" \/>\n<meta property=\"og:site_name\" content=\"Kanopee Village\" \/>\n<meta property=\"article:modified_time\" content=\"2026-02-11T13:24:40+00:00\" \/>\n<meta property=\"og:image\" content=\"https:\/\/www.kanopee-village.com\/wp-content\/uploads\/2025\/04\/pleine-nature.jpg\" \/>\n\t<meta property=\"og:image:width\" content=\"300\" \/>\n\t<meta property=\"og:image:height\" content=\"141\" \/>\n\t<meta property=\"og:image:type\" content=\"image\/jpeg\" \/>\n<meta name=\"twitter:card\" content=\"summary_large_image\" \/>\n<meta name=\"twitter:label1\" content=\"Dur\u00e9e de lecture estim\u00e9e\" \/>\n\t<meta name=\"twitter:data1\" content=\"1 minute\" \/>\n<script type=\"application\/ld+json\" class=\"yoast-schema-graph\">{\"@context\":\"https:\/\/schema.org\",\"@graph\":[{\"@type\":\"WebPage\",\"@id\":\"https:\/\/www.kanopee-village.com\/fr\/camping-bord-eau\/\",\"url\":\"https:\/\/www.kanopee-village.com\/fr\/camping-bord-eau\/\",\"name\":\"Camping dans l Ain au bord de l eau : r\u00e9server vos vacances en bord Sa\u00f4ne\",\"isPartOf\":{\"@id\":\"https:\/\/www.kanopee-village.com\/fr\/#website\"},\"primaryImageOfPage\":{\"@id\":\"https:\/\/www.kanopee-village.com\/fr\/camping-bord-eau\/#primaryimage\"},\"image\":{\"@id\":\"https:\/\/www.kanopee-village.com\/fr\/camping-bord-eau\/#primaryimage\"},\"thumbnailUrl\":\"https:\/\/www.kanopee-village.com\/wp-content\/uploads\/2025\/04\/pleine-nature.jpg\",\"datePublished\":\"2025-09-11T13:00:50+00:00\",\"dateModified\":\"2026-02-11T13:24:40+00:00\",\"description\":\"S\u00e9journez dans notre camping 3 \u00e9toiles dans l\u2019Ain au bord de la Sa\u00f4ne : mobil-homes, chalets, emplacements, cabanes insolites, activit\u00e9s nautiques et piscine.\",\"breadcrumb\":{\"@id\":\"https:\/\/www.kanopee-village.com\/fr\/camping-bord-eau\/#breadcrumb\"},\"inLanguage\":\"fr-FR\",\"potentialAction\":[{\"@type\":\"ReadAction\",\"target\":[\"https:\/\/www.kanopee-village.com\/fr\/camping-bord-eau\/\"]}]},{\"@type\":\"ImageObject\",\"inLanguage\":\"fr-FR\",\"@id\":\"https:\/\/www.kanopee-village.com\/fr\/camping-bord-eau\/#primaryimage\",\"url\":\"https:\/\/www.kanopee-village.com\/wp-content\/uploads\/2025\/04\/pleine-nature.jpg\",\"contentUrl\":\"https:\/\/www.kanopee-village.com\/wp-content\/uploads\/2025\/04\/pleine-nature.jpg\",\"width\":300,\"height\":141},{\"@type\":\"BreadcrumbList\",\"@id\":\"https:\/\/www.kanopee-village.com\/fr\/camping-bord-eau\/#breadcrumb\",\"itemListElement\":[{\"@type\":\"ListItem\",\"position\":1,\"name\":\"Camping \u00e0 Tr\u00e9voux Ain\",\"item\":\"https:\/\/www.kanopee-village.com\/fr\/\"},{\"@type\":\"ListItem\",\"position\":2,\"name\":\"Vacances nature au bord de la Sa\u00f4ne\"}]},{\"@type\":\"WebSite\",\"@id\":\"https:\/\/www.kanopee-village.com\/fr\/#website\",\"url\":\"https:\/\/www.kanopee-village.com\/fr\/\",\"name\":\"Kanopee Village\",\"description\":\"\",\"inLanguage\":\"fr-FR\"}]}<\/script>\n<!-- \/ Yoast SEO plugin. -->","yoast_head_json":{"title":"Camping dans l Ain au bord de l eau : r\u00e9server vos vacances en bord Sa\u00f4ne","description":"S\u00e9journez dans notre camping 3 \u00e9toiles dans l\u2019Ain au bord de la Sa\u00f4ne : mobil-homes, chalets, emplacements, cabanes insolites, activit\u00e9s nautiques et piscine.","robots":{"index":"index","follow":"follow","max-snippet":"max-snippet:-1","max-image-preview":"max-image-preview:large","max-video-preview":"max-video-preview:-1"},"canonical":"https:\/\/www.kanopee-village.com\/fr\/camping-bord-eau\/","og_locale":"fr_FR","og_type":"article","og_title":"Camping dans l Ain au bord de l eau : r\u00e9server vos vacances en bord Sa\u00f4ne","og_description":"S\u00e9journez dans notre camping 3 \u00e9toiles dans l\u2019Ain au bord de la Sa\u00f4ne : mobil-homes, chalets, emplacements, cabanes insolites, activit\u00e9s nautiques et piscine.","og_url":"https:\/\/www.kanopee-village.com\/fr\/camping-bord-eau\/","og_site_name":"Kanopee Village","article_modified_time":"2026-02-11T13:24:40+00:00","og_image":[{"width":300,"height":141,"url":"https:\/\/www.kanopee-village.com\/wp-content\/uploads\/2025\/04\/pleine-nature.jpg","type":"image\/jpeg"}],"twitter_card":"summary_large_image","twitter_misc":{"Dur\u00e9e de lecture estim\u00e9e":"1 minute"},"schema":{"@context":"https:\/\/schema.org","@graph":[{"@type":"WebPage","@id":"https:\/\/www.kanopee-village.com\/fr\/camping-bord-eau\/","url":"https:\/\/www.kanopee-village.com\/fr\/camping-bord-eau\/","name":"Camping dans l Ain au bord de l eau : r\u00e9server vos vacances en bord Sa\u00f4ne","isPartOf":{"@id":"https:\/\/www.kanopee-village.com\/fr\/#website"},"primaryImageOfPage":{"@id":"https:\/\/www.kanopee-village.com\/fr\/camping-bord-eau\/#primaryimage"},"image":{"@id":"https:\/\/www.kanopee-village.com\/fr\/camping-bord-eau\/#primaryimage"},"thumbnailUrl":"https:\/\/www.kanopee-village.com\/wp-content\/uploads\/2025\/04\/pleine-nature.jpg","datePublished":"2025-09-11T13:00:50+00:00","dateModified":"2026-02-11T13:24:40+00:00","description":"S\u00e9journez dans notre camping 3 \u00e9toiles dans l\u2019Ain au bord de la Sa\u00f4ne : mobil-homes, chalets, emplacements, cabanes insolites, activit\u00e9s nautiques et piscine.","breadcrumb":{"@id":"https:\/\/www.kanopee-village.com\/fr\/camping-bord-eau\/#breadcrumb"},"inLanguage":"fr-FR","potentialAction":[{"@type":"ReadAction","target":["https:\/\/www.kanopee-village.com\/fr\/camping-bord-eau\/"]}]},{"@type":"ImageObject","inLanguage":"fr-FR","@id":"https:\/\/www.kanopee-village.com\/fr\/camping-bord-eau\/#primaryimage","url":"https:\/\/www.kanopee-village.com\/wp-content\/uploads\/2025\/04\/pleine-nature.jpg","contentUrl":"https:\/\/www.kanopee-village.com\/wp-content\/uploads\/2025\/04\/pleine-nature.jpg","width":300,"height":141},{"@type":"BreadcrumbList","@id":"https:\/\/www.kanopee-village.com\/fr\/camping-bord-eau\/#breadcrumb","itemListElement":[{"@type":"ListItem","position":1,"name":"Camping \u00e0 Tr\u00e9voux Ain","item":"https:\/\/www.kanopee-village.com\/fr\/"},{"@type":"ListItem","position":2,"name":"Vacances nature au bord de la Sa\u00f4ne"}]},{"@type":"WebSite","@id":"https:\/\/www.kanopee-village.com\/fr\/#website","url":"https:\/\/www.kanopee-village.com\/fr\/","name":"Kanopee Village","description":"","inLanguage":"fr-FR"}]}},"_links":{"self":[{"href":"https:\/\/www.kanopee-village.com\/fr\/wp-json\/wp\/v2\/pages\/7282"}],"collection":[{"href":"https:\/\/www.kanopee-village.com\/fr\/wp-json\/wp\/v2\/pages"}],"about":[{"href":"https:\/\/www.kanopee-village.com\/fr\/wp-json\/wp\/v2\/types\/page"}],"author":[{"embeddable":true,"href":"https:\/\/www.kanopee-village.com\/fr\/wp-json\/wp\/v2\/users\/12"}],"replies":[{"embeddable":true,"href":"https:\/\/www.kanopee-village.com\/fr\/wp-json\/wp\/v2\/comments?post=7282"}],"version-history":[{"count":49,"href":"https:\/\/www.kanopee-village.com\/fr\/wp-json\/wp\/v2\/pages\/7282\/revisions"}],"predecessor-version":[{"id":7605,"href":"https:\/\/www.kanopee-village.com\/fr\/wp-json\/wp\/v2\/pages\/7282\/revisions\/7605"}],"wp:featuredmedia":[{"embeddable":true,"href":"https:\/\/www.kanopee-village.com\/fr\/wp-json\/wp\/v2\/media\/6740"}],"wp:attachment":[{"href":"https:\/\/www.kanopee-village.com\/fr\/wp-json\/wp\/v2\/media?parent=7282"}],"curies":[{"name":"wp","href":"https:\/\/api.w.org\/{rel}","templated":true}]}}