{"id":7321,"date":"2025-09-12T08:40:07","date_gmt":"2025-09-12T06:40:07","guid":{"rendered":"https:\/\/www.kanopee-village.com\/?page_id=7321"},"modified":"2025-10-24T09:09:16","modified_gmt":"2025-10-24T07:09:16","slug":"camping-peche","status":"publish","type":"page","link":"https:\/\/www.kanopee-village.com\/fr\/camping-peche\/","title":{"rendered":"Camping p\u00eache dans l\u2019Ain : s\u00e9jour au bord de la Sa\u00f4ne \u00e0 Tr\u00e9voux"},"content":{"rendered":"","protected":false},"excerpt":{"rendered":"","protected":false},"author":12,"featured_media":6015,"parent":0,"menu_order":0,"comment_status":"closed","ping_status":"closed","template":"","meta":{"_acf_changed":false,"footnotes":""},"class_list":["post-7321","page","type-page","status-publish","has-post-thumbnail","hentry"],"acf":[],"yoast_head":"<!-- This site is optimized with the Yoast SEO plugin v25.3 - https:\/\/yoast.com\/wordpress\/plugins\/seo\/ -->\n<title>Camping p\u00eache Ain : r\u00e9server vos vacances pour p\u00eacher dans la Sa\u00f4ne \u00e0 Tr\u00e9voux<\/title>\n<meta name=\"description\" content=\"S\u00e9journez dans notre camping 3 \u00e9toiles p\u00eache dans l\u2019Ain : emplacements au bord de l\u2019eau, mobil-homes, chalets perch\u00e9s et cabanes insolites face \u00e0 la Sa\u00f4ne.\" \/>\n<meta name=\"robots\" content=\"index, follow, max-snippet:-1, max-image-preview:large, max-video-preview:-1\" \/>\n<link rel=\"canonical\" href=\"https:\/\/www.kanopee-village.com\/fr\/camping-peche\/\" \/>\n<meta property=\"og:locale\" content=\"fr_FR\" \/>\n<meta property=\"og:type\" content=\"article\" \/>\n<meta property=\"og:title\" content=\"Camping p\u00eache Ain : r\u00e9server vos vacances pour p\u00eacher dans la Sa\u00f4ne \u00e0 Tr\u00e9voux\" \/>\n<meta property=\"og:description\" content=\"S\u00e9journez dans notre camping 3 \u00e9toiles p\u00eache dans l\u2019Ain : emplacements au bord de l\u2019eau, mobil-homes, chalets perch\u00e9s et cabanes insolites face \u00e0 la Sa\u00f4ne.\" \/>\n<meta property=\"og:url\" content=\"https:\/\/www.kanopee-village.com\/fr\/camping-peche\/\" \/>\n<meta property=\"og:site_name\" content=\"Kanopee Village\" \/>\n<meta property=\"article:modified_time\" content=\"2025-10-24T07:09:16+00:00\" \/>\n<meta property=\"og:image\" content=\"https:\/\/www.kanopee-village.com\/wp-content\/uploads\/2024\/01\/camping-bugey.jpg\" \/>\n\t<meta property=\"og:image:width\" content=\"616\" \/>\n\t<meta property=\"og:image:height\" content=\"413\" \/>\n\t<meta property=\"og:image:type\" content=\"image\/jpeg\" \/>\n<meta name=\"twitter:card\" content=\"summary_large_image\" \/>\n<meta name=\"twitter:label1\" content=\"Dur\u00e9e de lecture estim\u00e9e\" \/>\n\t<meta name=\"twitter:data1\" content=\"1 minute\" \/>\n<script type=\"application\/ld+json\" class=\"yoast-schema-graph\">{\"@context\":\"https:\/\/schema.org\",\"@graph\":[{\"@type\":\"WebPage\",\"@id\":\"https:\/\/www.kanopee-village.com\/fr\/camping-peche\/\",\"url\":\"https:\/\/www.kanopee-village.com\/fr\/camping-peche\/\",\"name\":\"Camping p\u00eache Ain : r\u00e9server vos vacances pour p\u00eacher dans la Sa\u00f4ne \u00e0 Tr\u00e9voux\",\"isPartOf\":{\"@id\":\"https:\/\/www.kanopee-village.com\/fr\/#website\"},\"primaryImageOfPage\":{\"@id\":\"https:\/\/www.kanopee-village.com\/fr\/camping-peche\/#primaryimage\"},\"image\":{\"@id\":\"https:\/\/www.kanopee-village.com\/fr\/camping-peche\/#primaryimage\"},\"thumbnailUrl\":\"https:\/\/www.kanopee-village.com\/wp-content\/uploads\/2024\/01\/camping-bugey.jpg\",\"datePublished\":\"2025-09-12T06:40:07+00:00\",\"dateModified\":\"2025-10-24T07:09:16+00:00\",\"description\":\"S\u00e9journez dans notre camping 3 \u00e9toiles p\u00eache dans l\u2019Ain : emplacements au bord de l\u2019eau, mobil-homes, chalets perch\u00e9s et cabanes insolites face \u00e0 la Sa\u00f4ne.\",\"breadcrumb\":{\"@id\":\"https:\/\/www.kanopee-village.com\/fr\/camping-peche\/#breadcrumb\"},\"inLanguage\":\"fr-FR\",\"potentialAction\":[{\"@type\":\"ReadAction\",\"target\":[\"https:\/\/www.kanopee-village.com\/fr\/camping-peche\/\"]}]},{\"@type\":\"ImageObject\",\"inLanguage\":\"fr-FR\",\"@id\":\"https:\/\/www.kanopee-village.com\/fr\/camping-peche\/#primaryimage\",\"url\":\"https:\/\/www.kanopee-village.com\/wp-content\/uploads\/2024\/01\/camping-bugey.jpg\",\"contentUrl\":\"https:\/\/www.kanopee-village.com\/wp-content\/uploads\/2024\/01\/camping-bugey.jpg\",\"width\":616,\"height\":413,\"caption\":\"nps@newphoxstudio.com\"},{\"@type\":\"BreadcrumbList\",\"@id\":\"https:\/\/www.kanopee-village.com\/fr\/camping-peche\/#breadcrumb\",\"itemListElement\":[{\"@type\":\"ListItem\",\"position\":1,\"name\":\"Camping \u00e0 Tr\u00e9voux Ain\",\"item\":\"https:\/\/www.kanopee-village.com\/fr\/\"},{\"@type\":\"ListItem\",\"position\":2,\"name\":\"S\u00e9jour p\u00eache au bord de la Sa\u00f4ne\"}]},{\"@type\":\"WebSite\",\"@id\":\"https:\/\/www.kanopee-village.com\/fr\/#website\",\"url\":\"https:\/\/www.kanopee-village.com\/fr\/\",\"name\":\"Kanopee Village\",\"description\":\"\",\"inLanguage\":\"fr-FR\"}]}<\/script>\n<!-- \/ Yoast SEO plugin. -->","yoast_head_json":{"title":"Camping p\u00eache Ain : r\u00e9server vos vacances pour p\u00eacher dans la Sa\u00f4ne \u00e0 Tr\u00e9voux","description":"S\u00e9journez dans notre camping 3 \u00e9toiles p\u00eache dans l\u2019Ain : emplacements au bord de l\u2019eau, mobil-homes, chalets perch\u00e9s et cabanes insolites face \u00e0 la Sa\u00f4ne.","robots":{"index":"index","follow":"follow","max-snippet":"max-snippet:-1","max-image-preview":"max-image-preview:large","max-video-preview":"max-video-preview:-1"},"canonical":"https:\/\/www.kanopee-village.com\/fr\/camping-peche\/","og_locale":"fr_FR","og_type":"article","og_title":"Camping p\u00eache Ain : r\u00e9server vos vacances pour p\u00eacher dans la Sa\u00f4ne \u00e0 Tr\u00e9voux","og_description":"S\u00e9journez dans notre camping 3 \u00e9toiles p\u00eache dans l\u2019Ain : emplacements au bord de l\u2019eau, mobil-homes, chalets perch\u00e9s et cabanes insolites face \u00e0 la Sa\u00f4ne.","og_url":"https:\/\/www.kanopee-village.com\/fr\/camping-peche\/","og_site_name":"Kanopee Village","article_modified_time":"2025-10-24T07:09:16+00:00","og_image":[{"width":616,"height":413,"url":"https:\/\/www.kanopee-village.com\/wp-content\/uploads\/2024\/01\/camping-bugey.jpg","type":"image\/jpeg"}],"twitter_card":"summary_large_image","twitter_misc":{"Dur\u00e9e de lecture estim\u00e9e":"1 minute"},"schema":{"@context":"https:\/\/schema.org","@graph":[{"@type":"WebPage","@id":"https:\/\/www.kanopee-village.com\/fr\/camping-peche\/","url":"https:\/\/www.kanopee-village.com\/fr\/camping-peche\/","name":"Camping p\u00eache Ain : r\u00e9server vos vacances pour p\u00eacher dans la Sa\u00f4ne \u00e0 Tr\u00e9voux","isPartOf":{"@id":"https:\/\/www.kanopee-village.com\/fr\/#website"},"primaryImageOfPage":{"@id":"https:\/\/www.kanopee-village.com\/fr\/camping-peche\/#primaryimage"},"image":{"@id":"https:\/\/www.kanopee-village.com\/fr\/camping-peche\/#primaryimage"},"thumbnailUrl":"https:\/\/www.kanopee-village.com\/wp-content\/uploads\/2024\/01\/camping-bugey.jpg","datePublished":"2025-09-12T06:40:07+00:00","dateModified":"2025-10-24T07:09:16+00:00","description":"S\u00e9journez dans notre camping 3 \u00e9toiles p\u00eache dans l\u2019Ain : emplacements au bord de l\u2019eau, mobil-homes, chalets perch\u00e9s et cabanes insolites face \u00e0 la Sa\u00f4ne.","breadcrumb":{"@id":"https:\/\/www.kanopee-village.com\/fr\/camping-peche\/#breadcrumb"},"inLanguage":"fr-FR","potentialAction":[{"@type":"ReadAction","target":["https:\/\/www.kanopee-village.com\/fr\/camping-peche\/"]}]},{"@type":"ImageObject","inLanguage":"fr-FR","@id":"https:\/\/www.kanopee-village.com\/fr\/camping-peche\/#primaryimage","url":"https:\/\/www.kanopee-village.com\/wp-content\/uploads\/2024\/01\/camping-bugey.jpg","contentUrl":"https:\/\/www.kanopee-village.com\/wp-content\/uploads\/2024\/01\/camping-bugey.jpg","width":616,"height":413,"caption":"nps@newphoxstudio.com"},{"@type":"BreadcrumbList","@id":"https:\/\/www.kanopee-village.com\/fr\/camping-peche\/#breadcrumb","itemListElement":[{"@type":"ListItem","position":1,"name":"Camping \u00e0 Tr\u00e9voux Ain","item":"https:\/\/www.kanopee-village.com\/fr\/"},{"@type":"ListItem","position":2,"name":"S\u00e9jour p\u00eache au bord de la Sa\u00f4ne"}]},{"@type":"WebSite","@id":"https:\/\/www.kanopee-village.com\/fr\/#website","url":"https:\/\/www.kanopee-village.com\/fr\/","name":"Kanopee Village","description":"","inLanguage":"fr-FR"}]}},"_links":{"self":[{"href":"https:\/\/www.kanopee-village.com\/fr\/wp-json\/wp\/v2\/pages\/7321"}],"collection":[{"href":"https:\/\/www.kanopee-village.com\/fr\/wp-json\/wp\/v2\/pages"}],"about":[{"href":"https:\/\/www.kanopee-village.com\/fr\/wp-json\/wp\/v2\/types\/page"}],"author":[{"embeddable":true,"href":"https:\/\/www.kanopee-village.com\/fr\/wp-json\/wp\/v2\/users\/12"}],"replies":[{"embeddable":true,"href":"https:\/\/www.kanopee-village.com\/fr\/wp-json\/wp\/v2\/comments?post=7321"}],"version-history":[{"count":19,"href":"https:\/\/www.kanopee-village.com\/fr\/wp-json\/wp\/v2\/pages\/7321\/revisions"}],"predecessor-version":[{"id":7441,"href":"https:\/\/www.kanopee-village.com\/fr\/wp-json\/wp\/v2\/pages\/7321\/revisions\/7441"}],"wp:featuredmedia":[{"embeddable":true,"href":"https:\/\/www.kanopee-village.com\/fr\/wp-json\/wp\/v2\/media\/6015"}],"wp:attachment":[{"href":"https:\/\/www.kanopee-village.com\/fr\/wp-json\/wp\/v2\/media?parent=7321"}],"curies":[{"name":"wp","href":"https:\/\/api.w.org\/{rel}","templated":true}]}}